{"id":11064,"date":"2018-01-23T12:34:25","date_gmt":"2018-01-23T12:34:25","guid":{"rendered":"https:\/\/avanziquimica.com.br\/?page_id=11064"},"modified":"2023-10-23T20:34:28","modified_gmt":"2023-10-23T23:34:28","slug":"produtos-por-ordem-alfabetica-2","status":"publish","type":"page","link":"https:\/\/avanziquimica.com.br\/?page_id=11064","title":{"rendered":"Produtos por Ordem Alfab\u00e9tica"},"content":{"rendered":"<div class=\"wpb-content-wrapper\"><div class=\"vc_row wpb_row vc_row-fluid vc_custom_1516774160232\"><div class=\"wpb_column vc_column_container vc_col-sm-12\"><div class=\"vc_column-inner \"><div class=\"wpb_wrapper\"><div class='dt-sc-clear '> <\/div><p style=\"font-size: 18px;line-height: 30px;text-align: center\" class=\"vc_custom_heading\">A Avanzi Qu\u00edmica oferece a seus clientes uma ampla variedade de subst\u00e2ncias qu\u00edmicas especializadas e intermedi\u00e1rias. S\u00e3o fornecidas para diversos setores produtivos com total qualidade e confian\u00e7a.<\/p><div class='dt-sc-clear '> <\/div><\/div><\/div><\/div><\/div><div class=\"vc_row wpb_row vc_row-fluid vc_custom_1516774160232\"><div class=\"wpb_column vc_column_container vc_col-sm-4\"><div class=\"vc_column-inner \"><div class=\"wpb_wrapper\">\n\t<div  class=\"wpb_single_image wpb_content_element vc_align_left wpb_content_element\">\n\t\t\n\t\t<figure class=\"wpb_wrapper vc_figure\">\n\t\t\t<div class=\"vc_single_image-wrapper   vc_box_border_grey\"><img decoding=\"async\" width=\"128\" height=\"128\" src=\"https:\/\/avanziquimica.com.br\/wp-content\/uploads\/2019\/06\/letter-a-1-1.png\" class=\"vc_single_image-img attachment-thumbnail\" alt=\"\" title=\"letter-a (1)\" srcset=\"https:\/\/avanziquimica.com.br\/wp-content\/uploads\/2019\/06\/letter-a-1-1.png 128w, https:\/\/avanziquimica.com.br\/wp-content\/uploads\/2019\/06\/letter-a-1-1-100x100.png 100w\" sizes=\"(max-width: 128px) 100vw, 128px\" \/><\/div>\n\t\t<\/figure>\n\t<\/div>\n\r\n\t<div class=\"wpb_text_column wpb_content_element \" >\r\n\t\t<div class=\"wpb_wrapper\">\r\n\t\t\t<ul>\n<li>Acetato de Etila<\/li>\n<li><a href=\"https:\/\/avanziquimica.com.br\/acido-acetico-comercial\/\">\u00c1cido Ac\u00e9tico Comercial<\/a><\/li>\n<li><a href=\"https:\/\/avanziquimica.com.br\/acido-acetico-glacial\/\">\u00c1cido Ac\u00e9tico Glacial<\/a><\/li>\n<li>\u00c1cido B\u00f3rico<\/li>\n<li><a href=\"http:\/\/avanziquimica.com.br\/wp-content\/uploads\/2023\/08\/FISPQ-Acido-Citrico-Anidro_.pdf\">\u00c1cido C\u00edtrico Anidro<\/a><\/li>\n<li><a href=\"http:\/\/avanziquimica.com.br\/wp-content\/uploads\/2023\/08\/FISPQ-Acido-Citrico-Solucao-50.pdf\">\u00c1cido C\u00edtrico Solu\u00e7\u00e3o<\/a><\/li>\n<li><a href=\"https:\/\/avanziquimica.com.br\/acido-cloridrico\/\">\u00c1cido Clor\u00eddrico\u00a0\u00a0<\/a><\/li>\n<li>\u00c1cido Fluor\u00eddrico 40% DECAP 40-10<\/li>\n<li><a href=\"http:\/\/avanziquimica.com.br\/wp-content\/uploads\/2023\/08\/FISPQ-Acido-Fluossilicico_.pdf\">\u00c1cido Fluossil\u00edcico<\/a><\/li>\n<li><a href=\"http:\/\/avanziquimica.com.br\/wp-content\/uploads\/2023\/08\/FISPQ-ACIDO-FORMICO.pdf\">\u00c1cido F\u00f3rmico 85%<\/a><\/li>\n<li><a href=\"https:\/\/avanziquimica.com.br\/acido-fosforico-85-alimenticio\/\">\u00c1cido Fosf\u00f3rico FG \/ TG<\/a><\/li>\n<li><a href=\"https:\/\/avanziquimica.com.br\/acido-nitrico\/\">\u00c1cido N\u00edtrico 53%<\/a><\/li>\n<li><a href=\"https:\/\/avanziquimica.com.br\/acido-oxalico-2\/\">\u00c1cido Ox\u00e1lico<\/a><\/li>\n<li><a href=\"https:\/\/avanziquimica.com.br\/acido-peracetico\/\">\u00c1cido Perac\u00e9tic<\/a><a href=\"https:\/\/avanziquimica.com.br\/acido-peracetico\/\">o 15% \/ 10% \/ 5%<\/a><\/li>\n<li><a href=\"https:\/\/avanziquimica.com.br\/acido-sulfonico\/\">\u00c1cido Sulf\u00f4nico<\/a><\/li>\n<li><a href=\"https:\/\/avanziquimica.com.br\/acido-sulfonico\/\">\u00c1cido Sulf\u00farico<\/a><\/li>\n<li>Aguarr\u00e1s Mineral<\/li>\n<li>Alcalinizante T 85*<\/li>\n<li>\u00c1lcool Et\u00edlico Anidro<\/li>\n<li><a href=\"https:\/\/avanziquimica.com.br\/alcool-etilico-96\/\">\u00c1lcool Et\u00edlico Hidratado <\/a><\/li>\n<li><a href=\"http:\/\/avanziquimica.com.br\/wp-content\/uploads\/2023\/08\/FISPQ-AMD60.pdf\">AMIDA 60<\/a><\/li>\n<li>AMIDA 80<\/li>\n<li><a href=\"https:\/\/avanziquimica.com.br\/amIda90\/\">AMIDA90<\/a><\/li>\n<li>Am\u00f4nia Hidr\u00f3xido de Am\u00f4nio 24%<\/li>\n<li>Anidrido Ac\u00e9tico<\/li>\n<li><a href=\"http:\/\/avanziquimica.com.br\/wp-content\/uploads\/2023\/08\/FISPQ-Antiespumante-Silicone_.pdf\">Antiespumante Silicone<\/a><\/li>\n<li><a href=\"http:\/\/avanziquimica.com.br\/wp-content\/uploads\/2023\/08\/FISPQ-Antiespumante-Vegetal_.pdf\">Antiespumante Vegetal<\/a><\/li>\n<\/ul>\n\r\n\t\t<\/div>\r\n\t<\/div>\r\n<\/div><\/div><\/div><div class=\"wpb_column vc_column_container vc_col-sm-4\"><div class=\"vc_column-inner \"><div class=\"wpb_wrapper\">\n\t<div  class=\"wpb_single_image wpb_content_element vc_align_left wpb_content_element\">\n\t\t\n\t\t<figure class=\"wpb_wrapper vc_figure\">\n\t\t\t<div class=\"vc_single_image-wrapper   vc_box_border_grey\"><img decoding=\"async\" width=\"128\" height=\"128\" src=\"https:\/\/avanziquimica.com.br\/wp-content\/uploads\/2019\/06\/letter-b.png\" class=\"vc_single_image-img attachment-thumbnail\" alt=\"\" title=\"letter-b\" srcset=\"https:\/\/avanziquimica.com.br\/wp-content\/uploads\/2019\/06\/letter-b.png 128w, https:\/\/avanziquimica.com.br\/wp-content\/uploads\/2019\/06\/letter-b-100x100.png 100w\" sizes=\"(max-width: 128px) 100vw, 128px\" \/><\/div>\n\t\t<\/figure>\n\t<\/div>\n\r\n\t<div class=\"wpb_text_column wpb_content_element \" >\r\n\t\t<div class=\"wpb_wrapper\">\r\n\t\t\t<ul>\n<li><a href=\"https:\/\/avanziquimica.com.br\/barrilha\/\">Barrilha (Carbonato de S\u00f3dio Leve \/Densa)<\/a><\/li>\n<li><a href=\"https:\/\/avanziquimica.com.br\/base-para-amaciante\/\">Base para Amaciante<\/a><\/li>\n<li><a href=\"https:\/\/avanziquimica.com.br\/base-perolizante\/\">Base P\u00e9rola<\/a><\/li>\n<li>Betaina 30- Coco Amido Propil Beta\u00edna<\/li>\n<li>Bicarbonato de S\u00f3dio FG \/ TG<\/li>\n<li>Bissulfito de S\u00f3dio<\/li>\n<li><a href=\"https:\/\/avanziquimica.com.br\/brancol\/\">Brancol<\/a><\/li>\n<li>Bor\u00e1x<\/li>\n<li><a href=\"https:\/\/avanziquimica.com.br\/butil-glicol\/\">Butil Glicol<\/a><\/li>\n<\/ul>\n\r\n\t\t<\/div>\r\n\t<\/div>\r\n<\/div><\/div><\/div><div class=\"wpb_column vc_column_container vc_col-sm-4\"><div class=\"vc_column-inner \"><div class=\"wpb_wrapper\">\n\t<div  class=\"wpb_single_image wpb_content_element vc_align_left wpb_content_element\">\n\t\t\n\t\t<figure class=\"wpb_wrapper vc_figure\">\n\t\t\t<div class=\"vc_single_image-wrapper   vc_box_border_grey\"><img decoding=\"async\" width=\"128\" height=\"128\" src=\"https:\/\/avanziquimica.com.br\/wp-content\/uploads\/2019\/06\/letter-c.png\" class=\"vc_single_image-img attachment-thumbnail\" alt=\"\" title=\"letter-c\" srcset=\"https:\/\/avanziquimica.com.br\/wp-content\/uploads\/2019\/06\/letter-c.png 128w, https:\/\/avanziquimica.com.br\/wp-content\/uploads\/2019\/06\/letter-c-100x100.png 100w\" sizes=\"(max-width: 128px) 100vw, 128px\" \/><\/div>\n\t\t<\/figure>\n\t<\/div>\n\r\n\t<div class=\"wpb_text_column wpb_content_element \" >\r\n\t\t<div class=\"wpb_wrapper\">\r\n\t\t\t<ul>\n<li>Cal Hidratada<\/li>\n<li><a href=\"https:\/\/avanziquimica.com.br\/cloreto-de-benzalconeo\/\">Cloreto de Benzalconeo<\/a><\/li>\n<li>Cloreto de Magn\u00e9sio Hexahidratado<\/li>\n<li>Cloreto de S\u00f3dio<\/li>\n<li>Cloreto F\u00e9rrico<\/li>\n<li>Cloros S\u00f3lidos<\/li>\n<\/ul>\n\r\n\t\t<\/div>\r\n\t<\/div>\r\n<\/div><\/div><\/div><\/div><div class=\"vc_row wpb_row vc_row-fluid vc_custom_1516774160232\"><div class=\"wpb_column vc_column_container vc_col-sm-4\"><div class=\"vc_column-inner \"><div class=\"wpb_wrapper\">\n\t<div  class=\"wpb_single_image wpb_content_element vc_align_left wpb_content_element\">\n\t\t\n\t\t<figure class=\"wpb_wrapper vc_figure\">\n\t\t\t<div class=\"vc_single_image-wrapper   vc_box_border_grey\"><img loading=\"lazy\" decoding=\"async\" width=\"128\" height=\"128\" src=\"https:\/\/avanziquimica.com.br\/wp-content\/uploads\/2019\/06\/letter-d.png\" class=\"vc_single_image-img attachment-thumbnail\" alt=\"\" title=\"letter-d\" srcset=\"https:\/\/avanziquimica.com.br\/wp-content\/uploads\/2019\/06\/letter-d.png 128w, https:\/\/avanziquimica.com.br\/wp-content\/uploads\/2019\/06\/letter-d-100x100.png 100w\" sizes=\"(max-width: 128px) 100vw, 128px\" \/><\/div>\n\t\t<\/figure>\n\t<\/div>\n\r\n\t<div class=\"wpb_text_column wpb_content_element \" >\r\n\t\t<div class=\"wpb_wrapper\">\r\n\t\t\t<ul>\n<li><a href=\"https:\/\/avanziquimica.com.br\/detergente-ind-neutro\/\">Detergente Industrial <em>\u00c1cido \/ Neutro \/ Alcalino<\/em><\/a><\/li>\n<li>Dicloroisocianurato<\/li>\n<li>Dietanolamina W 85%<\/li>\n<li>Dietilftalato DEP<\/li>\n<li>Dioctilftalato DOP<\/li>\n<li>Di\u00f3xido de Sil\u00edcio <em>S\u00edlica<\/em><\/li>\n<li>Dipropileno Glicol DPG<\/li>\n<\/ul>\n\r\n\t\t<\/div>\r\n\t<\/div>\r\n<\/div><\/div><\/div><div class=\"wpb_column vc_column_container vc_col-sm-4\"><div class=\"vc_column-inner \"><div class=\"wpb_wrapper\">\n\t<div  class=\"wpb_single_image wpb_content_element vc_align_left wpb_content_element\">\n\t\t\n\t\t<figure class=\"wpb_wrapper vc_figure\">\n\t\t\t<div class=\"vc_single_image-wrapper   vc_box_border_grey\"><img loading=\"lazy\" decoding=\"async\" width=\"128\" height=\"128\" src=\"https:\/\/avanziquimica.com.br\/wp-content\/uploads\/2019\/06\/letter-e.png\" class=\"vc_single_image-img attachment-thumbnail\" alt=\"\" title=\"letter-e\" srcset=\"https:\/\/avanziquimica.com.br\/wp-content\/uploads\/2019\/06\/letter-e.png 128w, https:\/\/avanziquimica.com.br\/wp-content\/uploads\/2019\/06\/letter-e-100x100.png 100w\" sizes=\"(max-width: 128px) 100vw, 128px\" \/><\/div>\n\t\t<\/figure>\n\t<\/div>\n\r\n\t<div class=\"wpb_text_column wpb_content_element \" >\r\n\t\t<div class=\"wpb_wrapper\">\r\n\t\t\t<ul>\n<li>Enxofre<\/li>\n<\/ul>\n\r\n\t\t<\/div>\r\n\t<\/div>\r\n<\/div><\/div><\/div><div class=\"wpb_column vc_column_container vc_col-sm-4\"><div class=\"vc_column-inner \"><div class=\"wpb_wrapper\">\n\t<div  class=\"wpb_single_image wpb_content_element vc_align_left wpb_content_element\">\n\t\t\n\t\t<figure class=\"wpb_wrapper vc_figure\">\n\t\t\t<div class=\"vc_single_image-wrapper   vc_box_border_grey\"><img loading=\"lazy\" decoding=\"async\" width=\"128\" height=\"128\" src=\"https:\/\/avanziquimica.com.br\/wp-content\/uploads\/2019\/06\/letter-f.png\" class=\"vc_single_image-img attachment-thumbnail\" alt=\"\" title=\"letter-f\" srcset=\"https:\/\/avanziquimica.com.br\/wp-content\/uploads\/2019\/06\/letter-f.png 128w, https:\/\/avanziquimica.com.br\/wp-content\/uploads\/2019\/06\/letter-f-100x100.png 100w\" sizes=\"(max-width: 128px) 100vw, 128px\" \/><\/div>\n\t\t<\/figure>\n\t<\/div>\n\r\n\t<div class=\"wpb_text_column wpb_content_element \" >\r\n\t\t<div class=\"wpb_wrapper\">\r\n\t\t\t<ul>\n<li>Fertilizantes<\/li>\n<li>Formalde\u00eddo<\/li>\n<li>Frag\u00e2ncias \/ \u00d3leos Essenciais<\/li>\n<\/ul>\n\r\n\t\t<\/div>\r\n\t<\/div>\r\n<\/div><\/div><\/div><\/div><div class=\"vc_row wpb_row vc_row-fluid vc_custom_1516774160232\"><div class=\"wpb_column vc_column_container vc_col-sm-4\"><div class=\"vc_column-inner \"><div class=\"wpb_wrapper\">\n\t<div  class=\"wpb_single_image wpb_content_element vc_align_left wpb_content_element\">\n\t\t\n\t\t<figure class=\"wpb_wrapper vc_figure\">\n\t\t\t<div class=\"vc_single_image-wrapper   vc_box_border_grey\"><img loading=\"lazy\" decoding=\"async\" width=\"128\" height=\"128\" src=\"https:\/\/avanziquimica.com.br\/wp-content\/uploads\/2019\/06\/letter-g.png\" class=\"vc_single_image-img attachment-thumbnail\" alt=\"\" title=\"letter-g\" srcset=\"https:\/\/avanziquimica.com.br\/wp-content\/uploads\/2019\/06\/letter-g.png 128w, https:\/\/avanziquimica.com.br\/wp-content\/uploads\/2019\/06\/letter-g-100x100.png 100w\" sizes=\"(max-width: 128px) 100vw, 128px\" \/><\/div>\n\t\t<\/figure>\n\t<\/div>\n\r\n\t<div class=\"wpb_text_column wpb_content_element \" >\r\n\t\t<div class=\"wpb_wrapper\">\r\n\t\t\t<ul>\n<li>Glicerina Branca Bidestilada <em>USP \/ TG<\/em><\/li>\n<\/ul>\n\r\n\t\t<\/div>\r\n\t<\/div>\r\n<\/div><\/div><\/div><div class=\"wpb_column vc_column_container vc_col-sm-4\"><div class=\"vc_column-inner \"><div class=\"wpb_wrapper\">\n\t<div  class=\"wpb_single_image wpb_content_element vc_align_left wpb_content_element\">\n\t\t\n\t\t<figure class=\"wpb_wrapper vc_figure\">\n\t\t\t<div class=\"vc_single_image-wrapper   vc_box_border_grey\"><img loading=\"lazy\" decoding=\"async\" width=\"128\" height=\"128\" src=\"https:\/\/avanziquimica.com.br\/wp-content\/uploads\/2019\/06\/letter-h.png\" class=\"vc_single_image-img attachment-thumbnail\" alt=\"\" title=\"letter-h\" srcset=\"https:\/\/avanziquimica.com.br\/wp-content\/uploads\/2019\/06\/letter-h.png 128w, https:\/\/avanziquimica.com.br\/wp-content\/uploads\/2019\/06\/letter-h-100x100.png 100w\" sizes=\"(max-width: 128px) 100vw, 128px\" \/><\/div>\n\t\t<\/figure>\n\t<\/div>\n\r\n\t<div class=\"wpb_text_column wpb_content_element \" >\r\n\t\t<div class=\"wpb_wrapper\">\r\n\t\t\t<ul>\n<li><a href=\"https:\/\/avanziquimica.com.br\/hidrossulfito-de-sodio\/\">Hidrossulfito de S\u00f3dio Ditionito<\/a><\/li>\n<li>Hidr\u00f3xido de Pot\u00e1ssio <em>Anidro \/ Solu\u00e7\u00e3o<\/em><\/li>\n<li>Hidr\u00f3xido de S\u00f3dio <em>Anidro \/ Solu\u00e7\u00e3o\u00a0<\/em><\/li>\n<li>Hipoclorito der C\u00e1lcio<\/li>\n<li><a href=\"https:\/\/avanziquimica.com.br\/hipoclorito-de-sodio\/\">Hipoclorito de S\u00f3dio\u00a0<\/a><\/li>\n<\/ul>\n\r\n\t\t<\/div>\r\n\t<\/div>\r\n<\/div><\/div><\/div><div class=\"wpb_column vc_column_container vc_col-sm-4\"><div class=\"vc_column-inner \"><div class=\"wpb_wrapper\">\n\t<div  class=\"wpb_single_image wpb_content_element vc_align_left wpb_content_element\">\n\t\t\n\t\t<figure class=\"wpb_wrapper vc_figure\">\n\t\t\t<div class=\"vc_single_image-wrapper   vc_box_border_grey\"><img loading=\"lazy\" decoding=\"async\" width=\"128\" height=\"128\" src=\"https:\/\/avanziquimica.com.br\/wp-content\/uploads\/2019\/06\/letter-i.png\" class=\"vc_single_image-img attachment-thumbnail\" alt=\"\" title=\"letter-i\" srcset=\"https:\/\/avanziquimica.com.br\/wp-content\/uploads\/2019\/06\/letter-i.png 128w, https:\/\/avanziquimica.com.br\/wp-content\/uploads\/2019\/06\/letter-i-100x100.png 100w\" sizes=\"(max-width: 128px) 100vw, 128px\" \/><\/div>\n\t\t<\/figure>\n\t<\/div>\n\r\n\t<div class=\"wpb_text_column wpb_content_element \" >\r\n\t\t<div class=\"wpb_wrapper\">\r\n\t\t\t<ul>\n<li>Isopropanol <em>( \u00c1lcool Isoprop\u00edlico)<\/em><\/li>\n<\/ul>\n\r\n\t\t<\/div>\r\n\t<\/div>\r\n<\/div><\/div><\/div><div class=\"wpb_column vc_column_container vc_col-sm-12\"><div class=\"vc_column-inner \"><div class=\"wpb_wrapper\"><\/div><\/div><\/div><\/div><div class=\"vc_row wpb_row vc_row-fluid vc_custom_1516774160232\"><div class=\"wpb_column vc_column_container vc_col-sm-4\"><div class=\"vc_column-inner \"><div class=\"wpb_wrapper\">\n\t<div  class=\"wpb_single_image wpb_content_element vc_align_left wpb_content_element\">\n\t\t\n\t\t<figure class=\"wpb_wrapper vc_figure\">\n\t\t\t<div class=\"vc_single_image-wrapper   vc_box_border_grey\"><img loading=\"lazy\" decoding=\"async\" width=\"128\" height=\"128\" src=\"https:\/\/avanziquimica.com.br\/wp-content\/uploads\/2019\/06\/letter-l.png\" class=\"vc_single_image-img attachment-thumbnail\" alt=\"\" title=\"letter-l\" srcset=\"https:\/\/avanziquimica.com.br\/wp-content\/uploads\/2019\/06\/letter-l.png 128w, https:\/\/avanziquimica.com.br\/wp-content\/uploads\/2019\/06\/letter-l-100x100.png 100w\" sizes=\"(max-width: 128px) 100vw, 128px\" \/><\/div>\n\t\t<\/figure>\n\t<\/div>\n\r\n\t<div class=\"wpb_text_column wpb_content_element \" >\r\n\t\t<div class=\"wpb_wrapper\">\r\n\t\t\t<ul>\n<li><a href=\"https:\/\/avanziquimica.com.br\/lauril-27\/\">Lauril \u00c9ter Sulfato de S\u00f3dio &#8211; 70 \/ 27 \/ 22 %<\/a><\/li>\n<\/ul>\n\r\n\t\t<\/div>\r\n\t<\/div>\r\n<\/div><\/div><\/div><div class=\"wpb_column vc_column_container vc_col-sm-4\"><div class=\"vc_column-inner \"><div class=\"wpb_wrapper\">\n\t<div  class=\"wpb_single_image wpb_content_element vc_align_left wpb_content_element\">\n\t\t\n\t\t<figure class=\"wpb_wrapper vc_figure\">\n\t\t\t<div class=\"vc_single_image-wrapper   vc_box_border_grey\"><img loading=\"lazy\" decoding=\"async\" width=\"128\" height=\"128\" src=\"https:\/\/avanziquimica.com.br\/wp-content\/uploads\/2019\/06\/letter-m.png\" class=\"vc_single_image-img attachment-thumbnail\" alt=\"\" title=\"letter-m\" srcset=\"https:\/\/avanziquimica.com.br\/wp-content\/uploads\/2019\/06\/letter-m.png 128w, https:\/\/avanziquimica.com.br\/wp-content\/uploads\/2019\/06\/letter-m-100x100.png 100w\" sizes=\"(max-width: 128px) 100vw, 128px\" \/><\/div>\n\t\t<\/figure>\n\t<\/div>\n\r\n\t<div class=\"wpb_text_column wpb_content_element \" >\r\n\t\t<div class=\"wpb_wrapper\">\r\n\t\t\t<ul>\n<li>MDI<\/li>\n<li><a href=\"https:\/\/avanziquimica.com.br\/metabissulfito-de-sodio\/\">Metabissulfito de S\u00f3dio <em>FG \/ TG<\/em><\/a><\/li>\n<li>Metabissulfito de S\u00f3dio Anidro<\/li>\n<li>Metilato de S\u00f3dio<\/li>\n<\/ul>\n\r\n\t\t<\/div>\r\n\t<\/div>\r\n<\/div><\/div><\/div><div class=\"wpb_column vc_column_container vc_col-sm-4\"><div class=\"vc_column-inner \"><div class=\"wpb_wrapper\">\n\t<div  class=\"wpb_single_image wpb_content_element vc_align_left wpb_content_element\">\n\t\t\n\t\t<figure class=\"wpb_wrapper vc_figure\">\n\t\t\t<div class=\"vc_single_image-wrapper   vc_box_border_grey\"><img loading=\"lazy\" decoding=\"async\" width=\"128\" height=\"128\" src=\"https:\/\/avanziquimica.com.br\/wp-content\/uploads\/2019\/06\/letter-n.png\" class=\"vc_single_image-img attachment-thumbnail\" alt=\"\" title=\"letter-n\" srcset=\"https:\/\/avanziquimica.com.br\/wp-content\/uploads\/2019\/06\/letter-n.png 128w, https:\/\/avanziquimica.com.br\/wp-content\/uploads\/2019\/06\/letter-n-100x100.png 100w\" sizes=\"(max-width: 128px) 100vw, 128px\" \/><\/div>\n\t\t<\/figure>\n\t<\/div>\n\r\n\t<div class=\"wpb_text_column wpb_content_element \" >\r\n\t\t<div class=\"wpb_wrapper\">\r\n\t\t\t<ul>\n<li>Nonilfenol Etoxilado 9.5EO<\/li>\n<li>N.P.K<\/li>\n<\/ul>\n\r\n\t\t<\/div>\r\n\t<\/div>\r\n<\/div><\/div><\/div><\/div><div class=\"vc_row wpb_row vc_row-fluid vc_custom_1516774160232\"><div class=\"wpb_column vc_column_container vc_col-sm-4\"><div class=\"vc_column-inner \"><div class=\"wpb_wrapper\">\n\t<div  class=\"wpb_single_image wpb_content_element vc_align_left wpb_content_element\">\n\t\t\n\t\t<figure class=\"wpb_wrapper vc_figure\">\n\t\t\t<div class=\"vc_single_image-wrapper   vc_box_border_grey\"><img loading=\"lazy\" decoding=\"async\" width=\"128\" height=\"128\" src=\"https:\/\/avanziquimica.com.br\/wp-content\/uploads\/2019\/06\/letter-p.png\" class=\"vc_single_image-img attachment-thumbnail\" alt=\"\" title=\"letter-p\" srcset=\"https:\/\/avanziquimica.com.br\/wp-content\/uploads\/2019\/06\/letter-p.png 128w, https:\/\/avanziquimica.com.br\/wp-content\/uploads\/2019\/06\/letter-p-100x100.png 100w\" sizes=\"(max-width: 128px) 100vw, 128px\" \/><\/div>\n\t\t<\/figure>\n\t<\/div>\n\r\n\t<div class=\"wpb_text_column wpb_content_element \" >\r\n\t\t<div class=\"wpb_wrapper\">\r\n\t\t\t<ul>\n<li>Paraformalde\u00eddo<\/li>\n<li>Permanganato de Pot\u00e1ssio<\/li>\n<li><a href=\"https:\/\/avanziquimica.com.br\/peroxido-de-hidrogenio\/\">Per\u00f3xido de Hidrog\u00eanio 60\/50\/35\/27\/22,5%<\/a><\/li>\n<li><a href=\"https:\/\/avanziquimica.com.br\/policloreto-de-aluminio-pac-18\/\">Policloreto de Alum\u00ednio PAC 18 \/ 12%\u00a0<\/a><\/li>\n<li>Pol\u00edmero\u00a0<em>Ani\u00f4nico\u00a0Emuls\u00e3o\u00a0<\/em><\/li>\n<li>Pol\u00edmero <em>Ani\u00f4nico \/ Cati\u00f4nico P\u00f3<\/em><\/li>\n<\/ul>\n\r\n\t\t<\/div>\r\n\t<\/div>\r\n<\/div><\/div><\/div><div class=\"wpb_column vc_column_container vc_col-sm-4\"><div class=\"vc_column-inner \"><div class=\"wpb_wrapper\">\n\t<div  class=\"wpb_single_image wpb_content_element vc_align_left wpb_content_element\">\n\t\t\n\t\t<figure class=\"wpb_wrapper vc_figure\">\n\t\t\t<div class=\"vc_single_image-wrapper   vc_box_border_grey\"><img loading=\"lazy\" decoding=\"async\" width=\"128\" height=\"128\" src=\"https:\/\/avanziquimica.com.br\/wp-content\/uploads\/2019\/06\/letter-r.png\" class=\"vc_single_image-img attachment-thumbnail\" alt=\"\" title=\"letter-r\" srcset=\"https:\/\/avanziquimica.com.br\/wp-content\/uploads\/2019\/06\/letter-r.png 128w, https:\/\/avanziquimica.com.br\/wp-content\/uploads\/2019\/06\/letter-r-100x100.png 100w\" sizes=\"(max-width: 128px) 100vw, 128px\" \/><\/div>\n\t\t<\/figure>\n\t<\/div>\n\r\n\t<div class=\"wpb_text_column wpb_content_element \" >\r\n\t\t<div class=\"wpb_wrapper\">\r\n\t\t\t<ul>\n<li>Removedor Industrial<\/li>\n<li>Ricinoleato de S\u00f3dio \/ Pot\u00e1ssio<\/li>\n<\/ul>\n\r\n\t\t<\/div>\r\n\t<\/div>\r\n<\/div><\/div><\/div><div class=\"wpb_column vc_column_container vc_col-sm-4\"><div class=\"vc_column-inner \"><div class=\"wpb_wrapper\">\n\t<div  class=\"wpb_single_image wpb_content_element vc_align_left wpb_content_element\">\n\t\t\n\t\t<figure class=\"wpb_wrapper vc_figure\">\n\t\t\t<div class=\"vc_single_image-wrapper   vc_box_border_grey\"><img loading=\"lazy\" decoding=\"async\" width=\"128\" height=\"128\" src=\"https:\/\/avanziquimica.com.br\/wp-content\/uploads\/2019\/06\/letter-s.png\" class=\"vc_single_image-img attachment-thumbnail\" alt=\"\" title=\"letter-s\" srcset=\"https:\/\/avanziquimica.com.br\/wp-content\/uploads\/2019\/06\/letter-s.png 128w, https:\/\/avanziquimica.com.br\/wp-content\/uploads\/2019\/06\/letter-s-100x100.png 100w\" sizes=\"(max-width: 128px) 100vw, 128px\" \/><\/div>\n\t\t<\/figure>\n\t<\/div>\n\r\n\t<div class=\"wpb_text_column wpb_content_element \" >\r\n\t\t<div class=\"wpb_wrapper\">\r\n\t\t\t<ul>\n<li><a href=\"https:\/\/avanziquimica.com.br\/silicato-de-sodio-alcalino\/\">Silicato de S\u00f3dio <em>Alcalino \/ Neutro<\/em><\/a><\/li>\n<li><a href=\"https:\/\/avanziquimica.com.br\/sulfato-de-aluminio-granulado\/\">Sulfato de Alum\u00ednio <em>P\u00f3 \/ Granulado Isento de Ferro<\/em><\/a><\/li>\n<li><a href=\"https:\/\/avanziquimica.com.br\/sulfato-de-amonio\/\">Sulfato de Am\u00f4nio<\/a><\/li>\n<li>Sulfato de Magn\u00e9sio Heptahidratado<\/li>\n<li>Sulfato de S\u00f3dio Anidro<\/li>\n<\/ul>\n\r\n\t\t<\/div>\r\n\t<\/div>\r\n<\/div><\/div><\/div><\/div><div class=\"vc_row wpb_row vc_row-fluid vc_custom_1516774160232\"><div class=\"wpb_column vc_column_container vc_col-sm-4\"><div class=\"vc_column-inner \"><div class=\"wpb_wrapper\">\n\t<div  class=\"wpb_single_image wpb_content_element vc_align_left wpb_content_element\">\n\t\t\n\t\t<figure class=\"wpb_wrapper vc_figure\">\n\t\t\t<div class=\"vc_single_image-wrapper   vc_box_border_grey\"><img loading=\"lazy\" decoding=\"async\" width=\"128\" height=\"128\" src=\"https:\/\/avanziquimica.com.br\/wp-content\/uploads\/2019\/06\/letter-u.png\" class=\"vc_single_image-img attachment-thumbnail\" alt=\"\" title=\"letter-u\" srcset=\"https:\/\/avanziquimica.com.br\/wp-content\/uploads\/2019\/06\/letter-u.png 128w, https:\/\/avanziquimica.com.br\/wp-content\/uploads\/2019\/06\/letter-u-100x100.png 100w\" sizes=\"(max-width: 128px) 100vw, 128px\" \/><\/div>\n\t\t<\/figure>\n\t<\/div>\n\r\n\t<div class=\"wpb_text_column wpb_content_element \" >\r\n\t\t<div class=\"wpb_wrapper\">\r\n\t\t\t<ul>\n<li><a href=\"https:\/\/avanziquimica.com.br\/ureia-industrial\/\">Ureia\u00a0Agricola \/ T\u00e9cnica<\/a><\/li>\n<\/ul>\n\r\n\t\t<\/div>\r\n\t<\/div>\r\n<\/div><\/div><\/div><div class=\"wpb_column vc_column_container vc_col-sm-4\"><div class=\"vc_column-inner \"><div class=\"wpb_wrapper\"><\/div><\/div><\/div><div class=\"wpb_column vc_column_container vc_col-sm-4\"><div class=\"vc_column-inner \"><div class=\"wpb_wrapper\"><\/div><\/div><\/div><\/div>\n<\/div>","protected":false},"excerpt":{"rendered":"A Avanzi Qu\u00edmica oferece a seus clientes uma ampla variedade de subst\u00e2ncias qu\u00edmicas especializadas e intermedi\u00e1rias. S\u00e3o fornecidas para diversos setores produtivos com total qualidade e confian\u00e7a. Acetato de Etila \u00c1cido Ac\u00e9tico Comercial \u00c1cido Ac\u00e9tico Glacial \u00c1cido B\u00f3rico \u00c1cido C\u00edtrico Anidro \u00c1cido C\u00edtrico Solu\u00e7\u00e3o \u00c1cido Clor\u00eddrico\u00a0\u00a0 \u00c1cido Fluor\u00eddrico 40% DECAP 40-10 \u00c1cido Fluossil\u00edcico \u00c1cido F\u00f3rmico [...]","protected":false},"author":1,"featured_media":0,"parent":0,"menu_order":0,"comment_status":"closed","ping_status":"closed","template":"","meta":{"footnotes":""},"class_list":["post-11064","page","type-page","status-publish","hentry"],"aioseo_notices":[],"_links":{"self":[{"href":"https:\/\/avanziquimica.com.br\/index.php?rest_route=\/wp\/v2\/pages\/11064","targetHints":{"allow":["GET"]}}],"collection":[{"href":"https:\/\/avanziquimica.com.br\/index.php?rest_route=\/wp\/v2\/pages"}],"about":[{"href":"https:\/\/avanziquimica.com.br\/index.php?rest_route=\/wp\/v2\/types\/page"}],"author":[{"embeddable":true,"href":"https:\/\/avanziquimica.com.br\/index.php?rest_route=\/wp\/v2\/users\/1"}],"replies":[{"embeddable":true,"href":"https:\/\/avanziquimica.com.br\/index.php?rest_route=%2Fwp%2Fv2%2Fcomments&post=11064"}],"version-history":[{"count":19,"href":"https:\/\/avanziquimica.com.br\/index.php?rest_route=\/wp\/v2\/pages\/11064\/revisions"}],"predecessor-version":[{"id":13854,"href":"https:\/\/avanziquimica.com.br\/index.php?rest_route=\/wp\/v2\/pages\/11064\/revisions\/13854"}],"wp:attachment":[{"href":"https:\/\/avanziquimica.com.br\/index.php?rest_route=%2Fwp%2Fv2%2Fmedia&parent=11064"}],"curies":[{"name":"wp","href":"https:\/\/api.w.org\/{rel}","templated":true}]}}