{"id":11167,"date":"2018-01-24T10:55:24","date_gmt":"2018-01-24T10:55:24","guid":{"rendered":"https:\/\/avanziquimica.com.br\/?page_id=11167"},"modified":"2019-06-04T22:44:26","modified_gmt":"2019-06-04T22:44:26","slug":"domissanitarios","status":"publish","type":"page","link":"https:\/\/avanziquimica.com.br\/?page_id=11167","title":{"rendered":"Domissanit\u00e1rios"},"content":{"rendered":"<div class=\"wpb-content-wrapper\"><div class=\"vc_row wpb_row vc_row-fluid\"><div class=\"wpb_column vc_column_container vc_col-sm-12\"><div class=\"vc_column-inner \"><div class=\"wpb_wrapper\"><h3>Domissanit\u00e1rios<\/h3><p style=\"text-align: left\" class=\"vc_custom_heading vcr_heading-right\">O segmento de domissanit\u00e1rios s\u00e3o respons\u00e1veis pela produ\u00e7\u00e3o de produtos destinados \u00e0 limpeza dom\u00e9stica, hospitalar e de espa\u00e7os p\u00fablicos em geral que necessitam de higieniza\u00e7\u00e3o com o uso de agentes com poder desinfetante. Os produtos s\u00e3o desenvolvidos com insumos qu\u00edmicos espec\u00edficos para a higieniza\u00e7\u00e3o eficaz.<\/p>\n<p>A Avanzi Qu\u00edmica possui uma gama de insumos qu\u00edmicos para a produ\u00e7\u00e3o de produtos domissanit\u00e1rios. Consulte nossa equipe de vendas<\/p><div id=\"1516867343631-71448bdf-b791\" class=\"dt-sc-empty-space\"><\/div><div class=\"vc_row wpb_row vc_inner vc_row-fluid\"><div class=\"wpb_column vc_column_container vc_col-sm-6\"><div class=\"vc_column-inner \"><div class=\"wpb_wrapper\">\n\t<div  class=\"wpb_single_image wpb_content_element vc_align_left wpb_content_element\">\n\t\t\n\t\t<figure class=\"wpb_wrapper vc_figure\">\n\t\t\t<div class=\"vc_single_image-wrapper   vc_box_border_grey\"><img fetchpriority=\"high\" decoding=\"async\" width=\"450\" height=\"270\" src=\"https:\/\/avanziquimica.com.br\/wp-content\/uploads\/2019\/06\/domissanitarios-1.png\" class=\"vc_single_image-img attachment-full\" alt=\"\" title=\"domissanitarios 1\" srcset=\"https:\/\/avanziquimica.com.br\/wp-content\/uploads\/2019\/06\/domissanitarios-1.png 450w, https:\/\/avanziquimica.com.br\/wp-content\/uploads\/2019\/06\/domissanitarios-1-300x180.png 300w\" sizes=\"(max-width: 450px) 100vw, 450px\" \/><\/div>\n\t\t<\/figure>\n\t<\/div>\n<\/div><\/div><\/div><div class=\"wpb_column vc_column_container vc_col-sm-6\"><div class=\"vc_column-inner \"><div class=\"wpb_wrapper\">\n\t<div  class=\"wpb_single_image wpb_content_element vc_align_left wpb_content_element\">\n\t\t\n\t\t<figure class=\"wpb_wrapper vc_figure\">\n\t\t\t<div class=\"vc_single_image-wrapper   vc_box_border_grey\"><img decoding=\"async\" width=\"450\" height=\"270\" src=\"https:\/\/avanziquimica.com.br\/wp-content\/uploads\/2019\/06\/domissanitarios-2.png\" class=\"vc_single_image-img attachment-full\" alt=\"\" title=\"domissanitarios 2\" srcset=\"https:\/\/avanziquimica.com.br\/wp-content\/uploads\/2019\/06\/domissanitarios-2.png 450w, https:\/\/avanziquimica.com.br\/wp-content\/uploads\/2019\/06\/domissanitarios-2-300x180.png 300w\" sizes=\"(max-width: 450px) 100vw, 450px\" \/><\/div>\n\t\t<\/figure>\n\t<\/div>\n<\/div><\/div><\/div><\/div><\/div><\/div><\/div><\/div>\n<\/div>","protected":false},"excerpt":{"rendered":"Domissanit\u00e1riosO segmento de domissanit\u00e1rios s\u00e3o respons\u00e1veis pela produ\u00e7\u00e3o de produtos destinados \u00e0 limpeza dom\u00e9stica, hospitalar e de espa\u00e7os p\u00fablicos em geral que necessitam de higieniza\u00e7\u00e3o com o uso de agentes com poder desinfetante. Os produtos s\u00e3o desenvolvidos com insumos qu\u00edmicos espec\u00edficos para a higieniza\u00e7\u00e3o eficaz. A Avanzi Qu\u00edmica possui uma gama de insumos qu\u00edmicos para [...]","protected":false},"author":1,"featured_media":0,"parent":11155,"menu_order":0,"comment_status":"closed","ping_status":"closed","template":"tpl-sidenavigation.php","meta":{"footnotes":""},"class_list":["post-11167","page","type-page","status-publish","hentry"],"aioseo_notices":[],"_links":{"self":[{"href":"https:\/\/avanziquimica.com.br\/index.php?rest_route=\/wp\/v2\/pages\/11167","targetHints":{"allow":["GET"]}}],"collection":[{"href":"https:\/\/avanziquimica.com.br\/index.php?rest_route=\/wp\/v2\/pages"}],"about":[{"href":"https:\/\/avanziquimica.com.br\/index.php?rest_route=\/wp\/v2\/types\/page"}],"author":[{"embeddable":true,"href":"https:\/\/avanziquimica.com.br\/index.php?rest_route=\/wp\/v2\/users\/1"}],"replies":[{"embeddable":true,"href":"https:\/\/avanziquimica.com.br\/index.php?rest_route=%2Fwp%2Fv2%2Fcomments&post=11167"}],"version-history":[{"count":0,"href":"https:\/\/avanziquimica.com.br\/index.php?rest_route=\/wp\/v2\/pages\/11167\/revisions"}],"up":[{"embeddable":true,"href":"https:\/\/avanziquimica.com.br\/index.php?rest_route=\/wp\/v2\/pages\/11155"}],"wp:attachment":[{"href":"https:\/\/avanziquimica.com.br\/index.php?rest_route=%2Fwp%2Fv2%2Fmedia&parent=11167"}],"curies":[{"name":"wp","href":"https:\/\/api.w.org\/{rel}","templated":true}]}}