{"id":12614,"date":"2019-04-30T17:53:28","date_gmt":"2019-04-30T17:53:28","guid":{"rendered":"https:\/\/avanziquimica.com.br\/?page_id=12614"},"modified":"2023-08-08T21:31:27","modified_gmt":"2023-08-09T00:31:27","slug":"acido-cloridrico","status":"publish","type":"page","link":"https:\/\/avanziquimica.com.br\/?page_id=12614","title":{"rendered":"\u00c1cido Clor\u00eddrico"},"content":{"rendered":"<div class=\"wpb-content-wrapper\"><div class=\"vc_row wpb_row vc_row-fluid\"><div class=\"wpb_column vc_column_container vc_col-sm-1\/5\"><div class=\"vc_column-inner \"><div class=\"wpb_wrapper\">\r\n\t<div class=\"wpb_text_column wpb_content_element \" >\r\n\t\t<div class=\"wpb_wrapper\">\r\n\t\t\t<h4 style=\"text-align: center;\">R\u00f3tulo de Risco<\/h4>\n<p><img decoding=\"async\" class=\"alignnone wp-image-12968\" src=\"http:\/\/avanziquimica.com.br\/wp-content\/uploads\/2019\/06\/kisspng-corrosive-substance-hazard-symbol-corrosion-chemic-pictogram-5ac285128deab3.7667881815226974905813-300x300.png\" alt=\"\" width=\"63\" height=\"63\" srcset=\"https:\/\/avanziquimica.com.br\/wp-content\/uploads\/2019\/06\/kisspng-corrosive-substance-hazard-symbol-corrosion-chemic-pictogram-5ac285128deab3.7667881815226974905813-300x300.png 300w, https:\/\/avanziquimica.com.br\/wp-content\/uploads\/2019\/06\/kisspng-corrosive-substance-hazard-symbol-corrosion-chemic-pictogram-5ac285128deab3.7667881815226974905813-150x150.png 150w, https:\/\/avanziquimica.com.br\/wp-content\/uploads\/2019\/06\/kisspng-corrosive-substance-hazard-symbol-corrosion-chemic-pictogram-5ac285128deab3.7667881815226974905813-768x768.png 768w, https:\/\/avanziquimica.com.br\/wp-content\/uploads\/2019\/06\/kisspng-corrosive-substance-hazard-symbol-corrosion-chemic-pictogram-5ac285128deab3.7667881815226974905813-750x750.png 750w, https:\/\/avanziquimica.com.br\/wp-content\/uploads\/2019\/06\/kisspng-corrosive-substance-hazard-symbol-corrosion-chemic-pictogram-5ac285128deab3.7667881815226974905813-540x540.png 540w, https:\/\/avanziquimica.com.br\/wp-content\/uploads\/2019\/06\/kisspng-corrosive-substance-hazard-symbol-corrosion-chemic-pictogram-5ac285128deab3.7667881815226974905813-640x650.png 640w, https:\/\/avanziquimica.com.br\/wp-content\/uploads\/2019\/06\/kisspng-corrosive-substance-hazard-symbol-corrosion-chemic-pictogram-5ac285128deab3.7667881815226974905813-510x520.png 510w, https:\/\/avanziquimica.com.br\/wp-content\/uploads\/2019\/06\/kisspng-corrosive-substance-hazard-symbol-corrosion-chemic-pictogram-5ac285128deab3.7667881815226974905813-780x790.png 780w, https:\/\/avanziquimica.com.br\/wp-content\/uploads\/2019\/06\/kisspng-corrosive-substance-hazard-symbol-corrosion-chemic-pictogram-5ac285128deab3.7667881815226974905813-600x600.png 600w, https:\/\/avanziquimica.com.br\/wp-content\/uploads\/2019\/06\/kisspng-corrosive-substance-hazard-symbol-corrosion-chemic-pictogram-5ac285128deab3.7667881815226974905813-100x100.png 100w, https:\/\/avanziquimica.com.br\/wp-content\/uploads\/2019\/06\/kisspng-corrosive-substance-hazard-symbol-corrosion-chemic-pictogram-5ac285128deab3.7667881815226974905813.png 900w\" sizes=\"(max-width: 63px) 100vw, 63px\" \/><img decoding=\"async\" class=\"alignnone wp-image-12966\" src=\"http:\/\/avanziquimica.com.br\/wp-content\/uploads\/2019\/06\/download.png\" alt=\"\" width=\"63\" height=\"63\" srcset=\"https:\/\/avanziquimica.com.br\/wp-content\/uploads\/2019\/06\/download.png 225w, https:\/\/avanziquimica.com.br\/wp-content\/uploads\/2019\/06\/download-150x150.png 150w, https:\/\/avanziquimica.com.br\/wp-content\/uploads\/2019\/06\/download-100x100.png 100w\" sizes=\"(max-width: 63px) 100vw, 63px\" \/><\/p>\n\r\n\t\t<\/div>\r\n\t<\/div>\r\n<\/div><\/div><\/div><div class=\"wpb_column vc_column_container vc_col-sm-1\/5\"><div class=\"vc_column-inner \"><div class=\"wpb_wrapper\">\r\n\t<div class=\"wpb_text_column wpb_content_element \" >\r\n\t\t<div class=\"wpb_wrapper\">\r\n\t\t\t<h4 style=\"text-align: center;\">N\u00famero ONU<\/h4>\n<h3 style=\"text-align: center;\"><strong>80<\/strong><\/h3>\n<h3 style=\"text-align: center;\"><strong>1789<\/strong><\/h3>\n\r\n\t\t<\/div>\r\n\t<\/div>\r\n<\/div><\/div><\/div><div class=\"wpb_column vc_column_container vc_col-sm-1\/5\"><div class=\"vc_column-inner \"><div class=\"wpb_wrapper\">\r\n\t<div class=\"wpb_text_column wpb_content_element \" >\r\n\t\t<div class=\"wpb_wrapper\">\r\n\t\t\t<h4 style=\"text-align: center;\">CAS n\u00ba<\/h4>\n<h3 style=\"text-align: center;\">7647-01-0<\/h3>\n\r\n\t\t<\/div>\r\n\t<\/div>\r\n<\/div><\/div><\/div><div class=\"wpb_column vc_column_container vc_col-sm-1\/5\"><div class=\"vc_column-inner \"><div class=\"wpb_wrapper\">\r\n\t<div class=\"wpb_text_column wpb_content_element \" >\r\n\t\t<div class=\"wpb_wrapper\">\r\n\t\t\t<h4 style=\"text-align: center;\">F\u00f3rmula Molecular<\/h4>\n<h3 style=\"text-align: center;\"><strong>HCl<\/strong><\/h3>\n\r\n\t\t<\/div>\r\n\t<\/div>\r\n<\/div><\/div><\/div><div class=\"wpb_column vc_column_container vc_col-sm-1\/5\"><div class=\"vc_column-inner \"><div class=\"wpb_wrapper\">\r\n\t<div class=\"wpb_text_column wpb_content_element \" >\r\n\t\t<div class=\"wpb_wrapper\">\r\n\t\t\t<h4 style=\"text-align: center;\">Estrutura<\/h4>\n<p style=\"text-align: center;\"><img decoding=\"async\" class=\"alignnone wp-image-12961\" src=\"http:\/\/avanziquimica.com.br\/wp-content\/uploads\/2019\/06\/HCl-1-300x245.jpg\" alt=\"\" width=\"135\" height=\"110\" srcset=\"https:\/\/avanziquimica.com.br\/wp-content\/uploads\/2019\/06\/HCl-1-300x245.jpg 300w, https:\/\/avanziquimica.com.br\/wp-content\/uploads\/2019\/06\/HCl-1.jpg 307w\" sizes=\"(max-width: 135px) 100vw, 135px\" \/><\/p>\n\r\n\t\t<\/div>\r\n\t<\/div>\r\n<\/div><\/div><\/div><\/div><div class=\"vc_row wpb_row vc_row-fluid\"><div class=\"wpb_column vc_column_container vc_col-sm-12\"><div class=\"vc_column-inner \"><div class=\"wpb_wrapper\"><div class=\"vc_empty_space\"   style=\"height: 32px\"><span class=\"vc_empty_space_inner\"><\/span><\/div><\/div><\/div><\/div><\/div><div class=\"vc_row wpb_row vc_row-fluid\"><div class=\"wpb_column vc_column_container vc_col-sm-12\"><div class=\"vc_column-inner \"><div class=\"wpb_wrapper\"><div class='dt-sc-tabs-horizontal-container ' data-effect='fade'><ul class='dt-sc-tabs-horizontal'><li><a href=\"javascript:void(0);\">SIN\u00d4NIMO<\/a><\/li><li><a href=\"javascript:void(0);\">APAR\u00caNCIA<\/a><\/li><li><a href=\"javascript:void(0);\">PROPRIEDADES F\u00cdSICO-QU\u00cdMICAS E AMBIENTAIS<\/a><\/li><li><a href=\"javascript:void(0);\">APLICA\u00c7\u00d5ES<\/a><\/li><li><a href=\"javascript:void(0);\">INFORMA\u00c7\u00d5ES SOBRE INTOXICA\u00c7\u00c3O HUMANA<\/a><\/li><\/ul><div class='dt-sc-tabs-horizontal-content'><ol class='dt-sc-fancy-list   decimal'>\n<li><span>HCL em solu\u00e7\u00e3o<\/span><\/li>\n<li><span>Cloreto de hidrog\u00eanio<\/span><\/li>\n<li><span>\u00c1cido hidroclor\u00eddrico<\/span><\/li>\n<\/ol><\/div><div class='dt-sc-tabs-horizontal-content'><ul>\n<li><span>Aspecto &#8230;&#8230;.L\u00edquido fumegante ao ar<\/span><\/li>\n<li><span>Cor &#8230;&#8230;&#8230;&#8230;..Incolor a amarelo<\/span><\/li>\n<li><span>Odor &#8230;&#8230;&#8230;&#8230;Pungente e irritante<\/span><\/li>\n<\/ul><\/div><div class='dt-sc-tabs-horizontal-content'><ul class='dt-sc-fancy-list   arrow'>\n<li><strong>Peso Molecular<\/strong>: 36,46<\/li>\n<li><strong>Ponto de Ebuli\u00e7\u00e3o (\u00baC)<\/strong>: 110\u00ba C ( solu\u00e7\u00e3o a 30 % em peso )<\/li>\n<li><strong>Ponto de Fus\u00e3o (\u00baC)<\/strong>: ND<\/li>\n<li><strong>Temperatura Cr\u00edtica (\u00baC)<\/strong>: N\u00e3o pertinente<\/li>\n<li><strong>Press\u00e3o Cr\u00edtica (atm)<\/strong>: N\u00e3o pertinente<\/li>\n<li><strong>Densidade Relativa do Vapor<\/strong>: 1,3 g\/cm3 (ar = 1)<\/li>\n<li><strong>Densidade Relativa do L\u00edquido (ou S\u00f3lido)<\/strong>: \u00a01,19 A 20 \u00b0C (L\u00cdQ.)<\/li>\n<li><strong>Press\u00e3o de Vapor<\/strong>: 11 mm Hg ( solu\u00e7\u00e3o a 30 % em peso a 20\u00ba C )<\/li>\n<li><strong>Calor de Combust\u00e3o (cal\/g)<\/strong>: -3.136<\/li>\n<li><strong>Viscosidade (cP)<\/strong>: 1,21<\/li>\n<li><strong>Solubilidade na \u00c1gua<\/strong>: Misc\u00edvel<\/li>\n<li><strong>pH<\/strong>: 2,9 (0,1M)<\/li>\n<\/ul><\/div><div class='dt-sc-tabs-horizontal-content'>\r\n\t<div class=\"wpb_text_column wpb_content_element \" >\r\n\t\t<div class=\"wpb_wrapper\">\r\n\t\t\t<ul>\n<li>AGENTE DE ACIDIFICA\u00c7\u00c3O EM PO\u00c7OS DE PETR\u00d3LEO;<\/li>\n<li>INTERMEDI\u00c1RIO NA FABRICA\u00c7\u00c3O DE PRODUTOS QU\u00cdMICOS;<\/li>\n<li>REDU\u00c7\u00c3O DO OURO;<\/li>\n<li>PROCESSAMENTO DE ALIMENTOS;<\/li>\n<li>LIMPEZA E DECAPAGEM DE METAIS;<\/li>\n<li>ACIDIFICA\u00c7\u00c3O INDUSTRIAL;<\/li>\n<li>LIMPEZA GERAL;<\/li>\n<li>\u00c1LCOOL DESNATURADO<\/li>\n<\/ul>\n\r\n\t\t<\/div>\r\n\t<\/div>\r\n<\/div><div class='dt-sc-tabs-horizontal-content'>\r\n\t<div class=\"wpb_text_column wpb_content_element \" >\r\n\t\t<div class=\"wpb_wrapper\">\r\n\t\t\t<p>Principais : Corrosivo para as mucosas, olhos e a pele. A gravidade das les\u00f5es e o progn\u00f3stico de intoxica\u00e7\u00e3o dependem diretamente da concentra\u00e7\u00e3o e da dura\u00e7\u00e3o da exposi\u00e7\u00e3o.<\/p>\n<ul>\n<li>Inala\u00e7\u00e3o Irrita\u00e7\u00e3o intensa do nariz e da garganta. Acessos de tosse e respira\u00e7\u00e3o dif\u00edcil. Dores<br \/>\nde cabe\u00e7a e vertigens. Risco de broncopneumonia qu\u00edmica, de edema pulmonar.<\/li>\n<li>A altas concentra\u00e7\u00f5es causam fadiga, dor de garganta, podendo, ainda, causar descolora\u00e7\u00e3o<br \/>\ndos dentes.<\/li>\n<li>Ingest\u00e3o Pode causar severas queimaduras do sistema digestivo.<\/li>\n<li>Contato com os olhos : Irrita\u00e7\u00e3o intensa, lacrimejamento, vermelhid\u00e3o dos olhos e edema das p\u00e1lpebras. Queimaduras. Risco de les\u00f5es graves ou permanente dos olhos. Risco de perda da vis\u00e3o. Jamais retirar lentes de contato do acidentado.<\/li>\n<li>Contato com a pele :\u00a0 Irrita\u00e7\u00e3o dolorosa, vermelhid\u00e3o e destacamento ou eros\u00e3o da pele. Queimaduras profundas e destrui\u00e7\u00e3o dos tecidos da pele.<\/li>\n<\/ul>\n\r\n\t\t<\/div>\r\n\t<\/div>\r\n<\/div><\/div><div class=\"vc_empty_space\"   style=\"height: 32px\"><span class=\"vc_empty_space_inner\"><\/span><\/div><\/div><\/div><\/div><\/div><div class=\"vc_row wpb_row vc_row-fluid\"><div class=\"wpb_column vc_column_container vc_col-sm-6\"><div class=\"vc_column-inner \"><div class=\"wpb_wrapper\"><div class='dt-sc-titled-box  '><h6 class='dt-sc-titled-box-title' > <span class='fa fa-info-circle'><\/span> Informa\u00e7\u00f5es<\/h6><div class='dt-sc-titled-box-content'>O \u00e1cido clor\u00eddrico (HC\u2113) \u00e9 uma solu\u00e7\u00e3o aquosa, \u00e1cida e queimante, devendo ser manuseado apenas com as devidas precau\u00e7\u00f5es. Ele \u00e9 normalmente utilizado como reagente qu\u00edmico, e \u00e9 um dos \u00e1cidos que se ioniza completamente em solu\u00e7\u00e3o aquosa. Em sua forma pura, HC\u2113 \u00e9 um g\u00e1s, conhecido como cloreto de hidrog\u00eanio.\nEste \u00e1cido pode ser encontrado no est\u00f4mago. Os sucos digestivos humanos consistem numa mistura bastante dilu\u00edda de \u00e1cido clor\u00eddrico e v\u00e1rias enzimas que ajudam a clivar as prote\u00ednas presentes na comida.<\/div><\/div><div class=\"vc_empty_space\"   style=\"height: 32px\"><span class=\"vc_empty_space_inner\"><\/span><\/div><div class='dt-sc-titled-box  '><h6 class='dt-sc-titled-box-title' > <span class='fa fa-info-circle'><\/span> Tipos de Utiliza\u00e7\u00e3o<\/h6><div class='dt-sc-titled-box-content'>Em sua forma de baixa pureza e com concentra\u00e7\u00e3o n\u00e3o informada, \u00e9 conhecido como\u00a0\u00e1cido muri\u00e1tico\u00a0(muri\u00e1tico\u00a0significa\u00a0pertencente a salmoura ou a sal), sendo vendido sob essa designa\u00e7\u00e3o para a remo\u00e7\u00e3o de manchas resultantes da umidade em pisos e paredes de pedras, azulejos, tijolos e outros. O \u00e1cido muri\u00e1tico, quando aquecido, libera vapores t\u00f3xicos e irritantes.\nUma solu\u00e7\u00e3o de cloreto de hidrog\u00eanio (\u00e1cido clor\u00eddrico), em sua forma mais pura, com a denomina\u00e7\u00e3o de &#8220;P.A.&#8221; (Pureza Anal\u00edtica), tamb\u00e9m, conhecida no termo erudita como &#8220;Limp\u00eddo&#8221;, \u00e9 um reagente comum em laborat\u00f3rios e encontrado em uma solu\u00e7\u00e3o de 37 a 38% em massa<\/div><\/div><\/div><\/div><\/div><div class=\"wpb_column vc_column_container vc_col-sm-6\"><div class=\"vc_column-inner \"><div class=\"wpb_wrapper\"><div class='dt-sc-titled-box  '><h6 class='dt-sc-titled-box-title' > <span class='fa fa-info-circle'><\/span> Embalagens<\/h6><div class='dt-sc-titled-box-content'><\/div><\/div><div class=\"vc_empty_space\"   style=\"height: 32px\"><span class=\"vc_empty_space_inner\"><\/span><\/div><div class='dt-sc-titled-box  '><h6 class='dt-sc-titled-box-title' > <span class='fa fa-info-circle'><\/span> Ficha T\u00e9cnicas<\/h6><div class='dt-sc-titled-box-content'><\/div><\/div>\n\t<div  class=\"wpb_single_image wpb_content_element vc_align_center wpb_content_element\">\n\t\t<h2 class=\"wpb_heading wpb_singleimage_heading\">FISPQ - \u00c1cido Clor\u00eddrico<\/h2>\n\t\t<figure class=\"wpb_wrapper vc_figure\">\n\t\t\t<a href=\"http:\/\/avanziquimica.com.br\/wp-content\/uploads\/2023\/08\/FISPQ-Acido-Cloridrico_.pdf\" target=\"_self\" class=\"vc_single_image-wrapper   vc_box_border_grey\"><img loading=\"lazy\" decoding=\"async\" width=\"150\" height=\"150\" src=\"https:\/\/avanziquimica.com.br\/wp-content\/uploads\/2019\/06\/pdf-150x150.png\" class=\"vc_single_image-img attachment-thumbnail\" alt=\"\" title=\"pdf\" srcset=\"https:\/\/avanziquimica.com.br\/wp-content\/uploads\/2019\/06\/pdf-150x150.png 150w, https:\/\/avanziquimica.com.br\/wp-content\/uploads\/2019\/06\/pdf-100x100.png 100w, https:\/\/avanziquimica.com.br\/wp-content\/uploads\/2019\/06\/pdf.png 256w\" sizes=\"(max-width: 150px) 100vw, 150px\" \/><\/a>\n\t\t<\/figure>\n\t<\/div>\n<\/div><\/div><\/div><\/div>\n<\/div>","protected":false},"excerpt":{"rendered":"R\u00f3tulo de Risco N\u00famero ONU 80 1789 CAS n\u00ba 7647-01-0 F\u00f3rmula Molecular HCl Estrutura SIN\u00d4NIMOAPAR\u00caNCIAPROPRIEDADES F\u00cdSICO-QU\u00cdMICAS E AMBIENTAISAPLICA\u00c7\u00d5ESINFORMA\u00c7\u00d5ES SOBRE INTOXICA\u00c7\u00c3O HUMANA HCL em solu\u00e7\u00e3o Cloreto de hidrog\u00eanio \u00c1cido hidroclor\u00eddrico Aspecto .......L\u00edquido fumegante ao ar Cor ..............Incolor a amarelo Odor ............Pungente e irritante Peso Molecular: 36,46 Ponto de Ebuli\u00e7\u00e3o (\u00baC): 110\u00ba C ( solu\u00e7\u00e3o a 30 [...]","protected":false},"author":1,"featured_media":0,"parent":0,"menu_order":0,"comment_status":"closed","ping_status":"closed","template":"","meta":{"footnotes":""},"class_list":["post-12614","page","type-page","status-publish","hentry"],"aioseo_notices":[],"_links":{"self":[{"href":"https:\/\/avanziquimica.com.br\/index.php?rest_route=\/wp\/v2\/pages\/12614","targetHints":{"allow":["GET"]}}],"collection":[{"href":"https:\/\/avanziquimica.com.br\/index.php?rest_route=\/wp\/v2\/pages"}],"about":[{"href":"https:\/\/avanziquimica.com.br\/index.php?rest_route=\/wp\/v2\/types\/page"}],"author":[{"embeddable":true,"href":"https:\/\/avanziquimica.com.br\/index.php?rest_route=\/wp\/v2\/users\/1"}],"replies":[{"embeddable":true,"href":"https:\/\/avanziquimica.com.br\/index.php?rest_route=%2Fwp%2Fv2%2Fcomments&post=12614"}],"version-history":[{"count":1,"href":"https:\/\/avanziquimica.com.br\/index.php?rest_route=\/wp\/v2\/pages\/12614\/revisions"}],"predecessor-version":[{"id":13821,"href":"https:\/\/avanziquimica.com.br\/index.php?rest_route=\/wp\/v2\/pages\/12614\/revisions\/13821"}],"wp:attachment":[{"href":"https:\/\/avanziquimica.com.br\/index.php?rest_route=%2Fwp%2Fv2%2Fmedia&parent=12614"}],"curies":[{"name":"wp","href":"https:\/\/api.w.org\/{rel}","templated":true}]}}