{"id":12620,"date":"2019-04-30T18:02:59","date_gmt":"2019-04-30T18:02:59","guid":{"rendered":"https:\/\/avanziquimica.com.br\/?page_id=12620"},"modified":"2019-07-02T15:38:41","modified_gmt":"2019-07-02T15:38:41","slug":"amida10","status":"publish","type":"page","link":"https:\/\/avanziquimica.com.br\/?page_id=12620","title":{"rendered":"AMIDA10"},"content":{"rendered":"<div class=\"wpb-content-wrapper\"><div class=\"vc_row wpb_row vc_row-fluid\"><div class=\"wpb_column vc_column_container vc_col-sm-1\/5\"><div class=\"vc_column-inner \"><div class=\"wpb_wrapper\">\r\n\t<div class=\"wpb_text_column wpb_content_element \" >\r\n\t\t<div class=\"wpb_wrapper\">\r\n\t\t\t<h4 style=\"text-align: center;\">R\u00f3tulo de Risco<\/h4>\n<p><img decoding=\"async\" class=\"alignnone wp-image-13033\" src=\"http:\/\/avanziquimica.com.br\/wp-content\/uploads\/2019\/06\/Flame_big.png\" alt=\"\" width=\"55\" height=\"55\" srcset=\"https:\/\/avanziquimica.com.br\/wp-content\/uploads\/2019\/06\/Flame_big.png 225w, https:\/\/avanziquimica.com.br\/wp-content\/uploads\/2019\/06\/Flame_big-150x150.png 150w, https:\/\/avanziquimica.com.br\/wp-content\/uploads\/2019\/06\/Flame_big-100x100.png 100w\" sizes=\"(max-width: 55px) 100vw, 55px\" \/><img decoding=\"async\" class=\"alignnone wp-image-13037\" src=\"http:\/\/avanziquimica.com.br\/wp-content\/uploads\/2019\/06\/SkullxCB_big.png\" alt=\"\" width=\"53\" height=\"53\" srcset=\"https:\/\/avanziquimica.com.br\/wp-content\/uploads\/2019\/06\/SkullxCB_big.png 225w, https:\/\/avanziquimica.com.br\/wp-content\/uploads\/2019\/06\/SkullxCB_big-150x150.png 150w, https:\/\/avanziquimica.com.br\/wp-content\/uploads\/2019\/06\/SkullxCB_big-100x100.png 100w\" sizes=\"(max-width: 53px) 100vw, 53px\" \/><\/p>\n\r\n\t\t<\/div>\r\n\t<\/div>\r\n<\/div><\/div><\/div><div class=\"wpb_column vc_column_container vc_col-sm-1\/5\"><div class=\"vc_column-inner \"><div class=\"wpb_wrapper\">\r\n\t<div class=\"wpb_text_column wpb_content_element \" >\r\n\t\t<div class=\"wpb_wrapper\">\r\n\t\t\t<h4 style=\"text-align: center;\">N\u00famero ONU<\/h4>\n<h3 style=\"text-align: center;\">N\/D<\/h3>\n\r\n\t\t<\/div>\r\n\t<\/div>\r\n<\/div><\/div><\/div><div class=\"wpb_column vc_column_container vc_col-sm-1\/5\"><div class=\"vc_column-inner \"><div class=\"wpb_wrapper\">\r\n\t<div class=\"wpb_text_column wpb_content_element \" >\r\n\t\t<div class=\"wpb_wrapper\">\r\n\t\t\t<h4 style=\"text-align: center;\">CAS n\u00ba<\/h4>\n<h3 style=\"text-align: center;\">9002-89-5<\/h3>\n\r\n\t\t<\/div>\r\n\t<\/div>\r\n<\/div><\/div><\/div><div class=\"wpb_column vc_column_container vc_col-sm-1\/5\"><div class=\"vc_column-inner \"><div class=\"wpb_wrapper\">\r\n\t<div class=\"wpb_text_column wpb_content_element \" >\r\n\t\t<div class=\"wpb_wrapper\">\r\n\t\t\t<h4 style=\"text-align: center;\">F\u00f3rmula Molecular<\/h4>\n<h3 style=\"text-align: center;\">(C<sub>2<\/sub>H<sub>4<\/sub>O)x<\/h3>\n\r\n\t\t<\/div>\r\n\t<\/div>\r\n<\/div><\/div><\/div><div class=\"wpb_column vc_column_container vc_col-sm-1\/5\"><div class=\"vc_column-inner \"><div class=\"wpb_wrapper\">\r\n\t<div class=\"wpb_text_column wpb_content_element \" >\r\n\t\t<div class=\"wpb_wrapper\">\r\n\t\t\t<h4 style=\"text-align: center;\">Estrutura<\/h4>\n<p><img decoding=\"async\" class=\"wp-image-13138 aligncenter\" src=\"http:\/\/avanziquimica.com.br\/wp-content\/uploads\/2019\/06\/amd10.png\" alt=\"\" width=\"150\" height=\"94\" \/><\/p>\n\r\n\t\t<\/div>\r\n\t<\/div>\r\n<\/div><\/div><\/div><\/div><div class=\"vc_row wpb_row vc_row-fluid\"><div class=\"wpb_column vc_column_container vc_col-sm-12\"><div class=\"vc_column-inner \"><div class=\"wpb_wrapper\"><div class=\"vc_empty_space\"   style=\"height: 32px\"><span class=\"vc_empty_space_inner\"><\/span><\/div><\/div><\/div><\/div><\/div><div class=\"vc_row wpb_row vc_row-fluid\"><div class=\"wpb_column vc_column_container vc_col-sm-12\"><div class=\"vc_column-inner \"><div class=\"wpb_wrapper\"><div class='dt-sc-tabs-horizontal-container ' data-effect='fade'><ul class='dt-sc-tabs-horizontal'><li><a href=\"javascript:void(0);\">SIN\u00d4NIMO<\/a><\/li><li><a href=\"javascript:void(0);\">APAR\u00caNCIA<\/a><\/li><li><a href=\"javascript:void(0);\">PROPRIEDADES F\u00cdSICO-QU\u00cdMICAS E AMBIENTAIS<\/a><\/li><li><a href=\"javascript:void(0);\">APLICA\u00c7\u00d5ES<\/a><\/li><li><a href=\"javascript:void(0);\">INFORMA\u00c7\u00d5ES SOBRE INTOXICA\u00c7\u00c3O HUMANA<\/a><\/li><\/ul><div class='dt-sc-tabs-horizontal-content'><ul>\n<li><span>ESPESSANTE SINT\u00c9TICO<\/span><\/li>\n<li><span>AMIDA SINT\u00c9TICA<\/span><\/li>\n<li><span>DIETANOLAMINA DE \u00c1CIDOS GRAXOS<\/span><\/li>\n<\/ul><\/div><div class='dt-sc-tabs-horizontal-content'><strong>Aspecto :<\/strong> L\u00edquido viscoso incolor<\/div><div class='dt-sc-tabs-horizontal-content'><ul class='dt-sc-fancy-list   arrow'>\n<li><strong>pH<\/strong>:Neutro.<\/li>\n<li><strong>Ponto de Ebuli\u00e7\u00e3o<\/strong>:N\u00e3o dispon\u00edvel.<\/li>\n<li><strong>Ponto de Fus\u00e3o:<\/strong>N\u00e3o dispon\u00edvel.<\/li>\n<li><strong>Ponto de Fulgor<\/strong>:N\u00e3o dispon\u00edvel.<\/li>\n<li><strong>Temperatura de Autoigni\u00e7\u00e3o: <\/strong>N\u00e3o dispon\u00edvel<\/li>\n<li><strong>Temperatura de Decomposi\u00e7\u00e3o:<\/strong>N\u00e3o dispon\u00edvel.<\/li>\n<li><strong>Press\u00e3o de Vapor:<\/strong>N\u00e3o dispon\u00edvel.<\/li>\n<li><strong>Densidade de Vapor:<\/strong>N\u00e3o dispon\u00edvel<\/li>\n<li><strong>Densidade: <\/strong>N\u00e3o dispon\u00edvel.<\/li>\n<li><strong>Solubilidade:<\/strong> Sol\u00favel em \u00e1gua.<\/li>\n<li><strong>Viscosidade<\/strong>: N\u00e3o dispon\u00edvel<\/li>\n<\/ul><\/div><div class='dt-sc-tabs-horizontal-content'>\r\n\t<div class=\"wpb_text_column wpb_content_element \" >\r\n\t\t<div class=\"wpb_wrapper\">\r\n\t\t\t\r\n\t\t<\/div>\r\n\t<\/div>\r\n<\/div><div class='dt-sc-tabs-horizontal-content'>\r\n\t<div class=\"wpb_text_column wpb_content_element \" >\r\n\t\t<div class=\"wpb_wrapper\">\r\n\t\t\t<p>Toxicidade Aguda, Efeitos Locais e Sensibiliza\u00e7\u00e3o em Caso de:<br \/>\nInala\u00e7\u00e3o: N\u00e3o dispon\u00edvel.<br \/>\nContato com a Pele: Pode causar uma leve irrita\u00e7\u00e3o.<br \/>\nContato com os Olhos: Pode causar irrita\u00e7\u00e3o.<br \/>\nIngest\u00e3o: N\u00e3o dispon\u00edvel.<br \/>\nToxicidade Cr\u00f4nica: N\u00e3o dispon\u00edvel<\/p>\n\r\n\t\t<\/div>\r\n\t<\/div>\r\n<\/div><\/div><div class=\"vc_empty_space\"   style=\"height: 32px\"><span class=\"vc_empty_space_inner\"><\/span><\/div><\/div><\/div><\/div><\/div><div class=\"vc_row wpb_row vc_row-fluid\"><div class=\"wpb_column vc_column_container vc_col-sm-6\"><div class=\"vc_column-inner \"><div class=\"wpb_wrapper\"><div class='dt-sc-titled-box  '><h6 class='dt-sc-titled-box-title' > <span class='fa fa-info-circle'><\/span> Informa\u00e7\u00f5es<\/h6><div class='dt-sc-titled-box-content'>N\/D<\/div><\/div><div class=\"vc_empty_space\"   style=\"height: 32px\"><span class=\"vc_empty_space_inner\"><\/span><\/div><div class='dt-sc-titled-box  '><h6 class='dt-sc-titled-box-title' > <span class='fa fa-info-circle'><\/span> Tipos de Utiliza\u00e7\u00e3o<\/h6><div class='dt-sc-titled-box-content'>N\/D<\/div><\/div><\/div><\/div><\/div><div class=\"wpb_column vc_column_container vc_col-sm-6\"><div class=\"vc_column-inner \"><div class=\"wpb_wrapper\"><div class='dt-sc-titled-box  '><h6 class='dt-sc-titled-box-title' > <span class='fa fa-info-circle'><\/span> Embalagens<\/h6><div class='dt-sc-titled-box-content'><\/div><\/div><div class=\"vc_empty_space\"   style=\"height: 32px\"><span class=\"vc_empty_space_inner\"><\/span><\/div><div class='dt-sc-titled-box  '><h6 class='dt-sc-titled-box-title' > <span class='fa fa-info-circle'><\/span> Informa\u00e7\u00f5es T\u00e9cnicas<\/h6><div class='dt-sc-titled-box-content'><\/div><\/div>\n\t<div  class=\"wpb_single_image wpb_content_element vc_align_center wpb_content_element\">\n\t\t<h2 class=\"wpb_heading wpb_singleimage_heading\">FISPQ -AMD10<\/h2>\n\t\t<figure class=\"wpb_wrapper vc_figure\">\n\t\t\t<a href=\"http:\/\/avanziquimica.com.br\/wp-content\/uploads\/2019\/06\/AMD10.pdf\" target=\"_self\" class=\"vc_single_image-wrapper   vc_box_border_grey\"><img loading=\"lazy\" decoding=\"async\" width=\"150\" height=\"150\" src=\"https:\/\/avanziquimica.com.br\/wp-content\/uploads\/2019\/06\/pdf-150x150.png\" class=\"vc_single_image-img attachment-thumbnail\" alt=\"\" title=\"pdf\" srcset=\"https:\/\/avanziquimica.com.br\/wp-content\/uploads\/2019\/06\/pdf-150x150.png 150w, https:\/\/avanziquimica.com.br\/wp-content\/uploads\/2019\/06\/pdf-100x100.png 100w, https:\/\/avanziquimica.com.br\/wp-content\/uploads\/2019\/06\/pdf.png 256w\" sizes=\"(max-width: 150px) 100vw, 150px\" \/><\/a>\n\t\t<\/figure>\n\t<\/div>\n<\/div><\/div><\/div><\/div>\n<\/div>","protected":false},"excerpt":{"rendered":"R\u00f3tulo de Risco N\u00famero ONU N\/D CAS n\u00ba 9002-89-5 F\u00f3rmula Molecular (C2H4O)x Estrutura SIN\u00d4NIMOAPAR\u00caNCIAPROPRIEDADES F\u00cdSICO-QU\u00cdMICAS E AMBIENTAISAPLICA\u00c7\u00d5ESINFORMA\u00c7\u00d5ES SOBRE INTOXICA\u00c7\u00c3O HUMANA ESPESSANTE SINT\u00c9TICO AMIDA SINT\u00c9TICA DIETANOLAMINA DE \u00c1CIDOS GRAXOS Aspecto : L\u00edquido viscoso incolor pH:Neutro. Ponto de Ebuli\u00e7\u00e3o:N\u00e3o dispon\u00edvel. Ponto de Fus\u00e3o:N\u00e3o dispon\u00edvel. Ponto de Fulgor:N\u00e3o dispon\u00edvel. Temperatura de Autoigni\u00e7\u00e3o: N\u00e3o dispon\u00edvel Temperatura de Decomposi\u00e7\u00e3o:N\u00e3o dispon\u00edvel. [...]","protected":false},"author":1,"featured_media":0,"parent":0,"menu_order":0,"comment_status":"closed","ping_status":"closed","template":"","meta":{"footnotes":""},"class_list":["post-12620","page","type-page","status-publish","hentry"],"aioseo_notices":[],"_links":{"self":[{"href":"https:\/\/avanziquimica.com.br\/index.php?rest_route=\/wp\/v2\/pages\/12620","targetHints":{"allow":["GET"]}}],"collection":[{"href":"https:\/\/avanziquimica.com.br\/index.php?rest_route=\/wp\/v2\/pages"}],"about":[{"href":"https:\/\/avanziquimica.com.br\/index.php?rest_route=\/wp\/v2\/types\/page"}],"author":[{"embeddable":true,"href":"https:\/\/avanziquimica.com.br\/index.php?rest_route=\/wp\/v2\/users\/1"}],"replies":[{"embeddable":true,"href":"https:\/\/avanziquimica.com.br\/index.php?rest_route=%2Fwp%2Fv2%2Fcomments&post=12620"}],"version-history":[{"count":0,"href":"https:\/\/avanziquimica.com.br\/index.php?rest_route=\/wp\/v2\/pages\/12620\/revisions"}],"wp:attachment":[{"href":"https:\/\/avanziquimica.com.br\/index.php?rest_route=%2Fwp%2Fv2%2Fmedia&parent=12620"}],"curies":[{"name":"wp","href":"https:\/\/api.w.org\/{rel}","templated":true}]}}