{"id":12628,"date":"2019-04-30T18:09:40","date_gmt":"2019-04-30T18:09:40","guid":{"rendered":"https:\/\/avanziquimica.com.br\/?page_id=12628"},"modified":"2019-06-03T20:23:36","modified_gmt":"2019-06-03T20:23:36","slug":"formol-37","status":"publish","type":"page","link":"https:\/\/avanziquimica.com.br\/?page_id=12628","title":{"rendered":"Formol 37"},"content":{"rendered":"<div class=\"wpb-content-wrapper\"><div class=\"vc_row wpb_row vc_row-fluid\"><div class=\"wpb_column vc_column_container vc_col-sm-1\/5\"><div class=\"vc_column-inner \"><div class=\"wpb_wrapper\">\r\n\t<div class=\"wpb_text_column wpb_content_element \" >\r\n\t\t<div class=\"wpb_wrapper\">\r\n\t\t\t<h4 style=\"text-align: center;\">R\u00f3tulo de Risco<\/h4>\n<p><img decoding=\"async\" class=\"alignnone wp-image-13029\" src=\"http:\/\/avanziquimica.com.br\/wp-content\/uploads\/2019\/06\/Corrosion.png\" alt=\"\" width=\"55\" height=\"55\" srcset=\"https:\/\/avanziquimica.com.br\/wp-content\/uploads\/2019\/06\/Corrosion.png 225w, https:\/\/avanziquimica.com.br\/wp-content\/uploads\/2019\/06\/Corrosion-150x150.png 150w, https:\/\/avanziquimica.com.br\/wp-content\/uploads\/2019\/06\/Corrosion-100x100.png 100w\" sizes=\"(max-width: 55px) 100vw, 55px\" \/><img decoding=\"async\" class=\"alignnone wp-image-13036\" src=\"http:\/\/avanziquimica.com.br\/wp-content\/uploads\/2019\/06\/Healthhazard_big.png\" alt=\"\" width=\"54\" height=\"54\" srcset=\"https:\/\/avanziquimica.com.br\/wp-content\/uploads\/2019\/06\/Healthhazard_big.png 225w, https:\/\/avanziquimica.com.br\/wp-content\/uploads\/2019\/06\/Healthhazard_big-150x150.png 150w, https:\/\/avanziquimica.com.br\/wp-content\/uploads\/2019\/06\/Healthhazard_big-100x100.png 100w\" sizes=\"(max-width: 54px) 100vw, 54px\" \/><img decoding=\"async\" class=\"alignnone wp-image-13037\" src=\"http:\/\/avanziquimica.com.br\/wp-content\/uploads\/2019\/06\/SkullxCB_big.png\" alt=\"\" width=\"54\" height=\"54\" srcset=\"https:\/\/avanziquimica.com.br\/wp-content\/uploads\/2019\/06\/SkullxCB_big.png 225w, https:\/\/avanziquimica.com.br\/wp-content\/uploads\/2019\/06\/SkullxCB_big-150x150.png 150w, https:\/\/avanziquimica.com.br\/wp-content\/uploads\/2019\/06\/SkullxCB_big-100x100.png 100w\" sizes=\"(max-width: 54px) 100vw, 54px\" \/><img loading=\"lazy\" decoding=\"async\" class=\"alignnone wp-image-13032\" src=\"http:\/\/avanziquimica.com.br\/wp-content\/uploads\/2019\/06\/Expoint_big.png\" alt=\"\" width=\"54\" height=\"54\" srcset=\"https:\/\/avanziquimica.com.br\/wp-content\/uploads\/2019\/06\/Expoint_big.png 225w, https:\/\/avanziquimica.com.br\/wp-content\/uploads\/2019\/06\/Expoint_big-150x150.png 150w, https:\/\/avanziquimica.com.br\/wp-content\/uploads\/2019\/06\/Expoint_big-100x100.png 100w\" sizes=\"(max-width: 54px) 100vw, 54px\" \/><\/p>\n\r\n\t\t<\/div>\r\n\t<\/div>\r\n<\/div><\/div><\/div><div class=\"wpb_column vc_column_container vc_col-sm-1\/5\"><div class=\"vc_column-inner \"><div class=\"wpb_wrapper\">\r\n\t<div class=\"wpb_text_column wpb_content_element \" >\r\n\t\t<div class=\"wpb_wrapper\">\r\n\t\t\t<h4 style=\"text-align: center;\">N\u00famero ONU<\/h4>\n<h3 style=\"text-align: center;\">80<\/h3>\n<h3 style=\"text-align: center;\">2209<\/h3>\n\r\n\t\t<\/div>\r\n\t<\/div>\r\n<\/div><\/div><\/div><div class=\"wpb_column vc_column_container vc_col-sm-1\/5\"><div class=\"vc_column-inner \"><div class=\"wpb_wrapper\">\r\n\t<div class=\"wpb_text_column wpb_content_element \" >\r\n\t\t<div class=\"wpb_wrapper\">\r\n\t\t\t<h4 style=\"text-align: center;\">CAS n\u00ba<\/h4>\n<h3 style=\"text-align: center;\">50-00-0<\/h3>\n\r\n\t\t<\/div>\r\n\t<\/div>\r\n<\/div><\/div><\/div><div class=\"wpb_column vc_column_container vc_col-sm-1\/5\"><div class=\"vc_column-inner \"><div class=\"wpb_wrapper\">\r\n\t<div class=\"wpb_text_column wpb_content_element \" >\r\n\t\t<div class=\"wpb_wrapper\">\r\n\t\t\t<h4 style=\"text-align: center;\">F\u00f3rmula Molecular<\/h4>\n<h3 style=\"text-align: center;\">CH<sub>2<\/sub>O<\/h3>\n\r\n\t\t<\/div>\r\n\t<\/div>\r\n<\/div><\/div><\/div><div class=\"wpb_column vc_column_container vc_col-sm-1\/5\"><div class=\"vc_column-inner \"><div class=\"wpb_wrapper\">\r\n\t<div class=\"wpb_text_column wpb_content_element \" >\r\n\t\t<div class=\"wpb_wrapper\">\r\n\t\t\t<h4 style=\"text-align: center;\">Estrutura<\/h4>\n<p><img loading=\"lazy\" decoding=\"async\" class=\"wp-image-13197 aligncenter\" src=\"http:\/\/avanziquimica.com.br\/wp-content\/uploads\/2019\/06\/Formaldehyde-3D-balls-A-281x300.png\" alt=\"\" width=\"90\" height=\"96\" srcset=\"https:\/\/avanziquimica.com.br\/wp-content\/uploads\/2019\/06\/Formaldehyde-3D-balls-A-281x300.png 281w, https:\/\/avanziquimica.com.br\/wp-content\/uploads\/2019\/06\/Formaldehyde-3D-balls-A-768x820.png 768w, https:\/\/avanziquimica.com.br\/wp-content\/uploads\/2019\/06\/Formaldehyde-3D-balls-A-959x1024.png 959w, https:\/\/avanziquimica.com.br\/wp-content\/uploads\/2019\/06\/Formaldehyde-3D-balls-A-750x801.png 750w, https:\/\/avanziquimica.com.br\/wp-content\/uploads\/2019\/06\/Formaldehyde-3D-balls-A-540x577.png 540w, https:\/\/avanziquimica.com.br\/wp-content\/uploads\/2019\/06\/Formaldehyde-3D-balls-A-600x641.png 600w, https:\/\/avanziquimica.com.br\/wp-content\/uploads\/2019\/06\/Formaldehyde-3D-balls-A.png 1030w\" sizes=\"(max-width: 90px) 100vw, 90px\" \/><\/p>\n\r\n\t\t<\/div>\r\n\t<\/div>\r\n<\/div><\/div><\/div><\/div><div class=\"vc_row wpb_row vc_row-fluid\"><div class=\"wpb_column vc_column_container vc_col-sm-12\"><div class=\"vc_column-inner \"><div class=\"wpb_wrapper\"><div class=\"vc_empty_space\"   style=\"height: 32px\"><span class=\"vc_empty_space_inner\"><\/span><\/div><\/div><\/div><\/div><\/div><div class=\"vc_row wpb_row vc_row-fluid\"><div class=\"wpb_column vc_column_container vc_col-sm-12\"><div class=\"vc_column-inner \"><div class=\"wpb_wrapper\"><div class='dt-sc-tabs-horizontal-container ' data-effect='fade'><ul class='dt-sc-tabs-horizontal'><li><a href=\"javascript:void(0);\">SIN\u00d4NIMO<\/a><\/li><li><a href=\"javascript:void(0);\">APAR\u00caNCIA<\/a><\/li><li><a href=\"javascript:void(0);\">PROPRIEDADES F\u00cdSICO-QU\u00cdMICAS E AMBIENTAIS<\/a><\/li><li><a href=\"javascript:void(0);\">APLICA\u00c7\u00d5ES<\/a><\/li><li><a href=\"javascript:void(0);\">INFORMA\u00c7\u00d5ES SOBRE INTOXICA\u00c7\u00c3O HUMANA<\/a><\/li><\/ul><div class='dt-sc-tabs-horizontal-content'><ol class='dt-sc-fancy-list   decimal'>\n<li><span>FORMOL<\/span><\/li>\n<li><span>\u00a0FORMALINA<\/span><\/li>\n<li><span>ALDE\u00cdDO F\u00d3RMICO<\/span><\/li>\n<\/ol><\/div><div class='dt-sc-tabs-horizontal-content'><ol class='dt-sc-fancy-list   decimal'>\n<li><span>L\u00cdQUIDO AQUOSO;<\/span><\/li>\n<li><span>SEM COLORA\u00c7\u00c3O;<\/span><\/li>\n<li><span>ODOR IRRITANTE;<\/span><\/li>\n<li><span>AFUNDA E MISTURA COM \u00c1GUA<\/span><\/li>\n<\/ol><\/div><div class='dt-sc-tabs-horizontal-content'><ul class='dt-sc-fancy-list   arrow'>\n<li><strong>Ponto de Ebuli\u00e7\u00e3o :<\/strong> 96 &#8211; 100\u00b0C<\/li>\n<li><strong>Ponto de Fus\u00e3o :<\/strong> N.A.<\/li>\n<li><strong>Ponto de Fus\u00e3o :<\/strong> N.A.<\/li>\n<li><strong>Ponto de Fulgor :<\/strong> -80\u00b0C Formol Estabilizado (1% Metanol)<\/li>\n<li><strong>Temperatura de Autoigni\u00e7\u00e3o:<\/strong> -59\u00b0C-Formol Inibido (15% Metanol)<\/li>\n<li><strong>Press\u00e3o de Vapor:<\/strong> 430 \u00b0C<\/li>\n<li><strong>Densidade de Vapor:<\/strong> -1,3 mmHg (20\u00b0C)-2,7 mmHg (35\u00b0C)<\/li>\n<li><strong>Densidade:<\/strong> 1.092 \u00e1 1.098<\/li>\n<li><strong>Solubilidade:<\/strong> Sol\u00favel em \u00e1gua<\/li>\n<li><strong>Condi\u00e7\u00f5es de Instabilidade<\/strong>: Est\u00e1vel em condi\u00e7\u00f5es normais de uso e estocagem.<\/li>\n<li><strong>Condi\u00e7\u00f5es a Serem Evitadas: <\/strong>Baixas temperaturas, contato com produtos qu\u00edmicos incompat\u00edveis e fontes de igni\u00e7\u00e3o.<\/li>\n<li><strong>Materiais ou Subst\u00e2ncias Incompat\u00edveis: <\/strong>Reage perigosamente com di\u00f3xido de nitrog\u00eanio, \u00e1cido perci\u00f3rico, \u00e1cido perf\u00f3rmico,\u00e1lcalis e agentes oxidantes fortes. Reage com \u00e1cido clor\u00eddrico formando bisclorometil-\u00e9ter\n(produto carcinog\u00eanico) Materiais org\u00e2nicos ativos como fenol promovem rea\u00e7\u00e3o depolimeriza\u00e7\u00e3o sob certas condi\u00e7\u00f5es.<\/li>\n<li><strong>Produtos Perigosos da Decomposi\u00e7\u00e3o: <\/strong>\u00c1cido f\u00f3rmico (produto corrosivo) formado pela oxida\u00e7\u00e3o do formol decomposi\u00e7\u00e3o (principalmente aquecido) com o oxig\u00eanio doar.\nPor combust\u00e3o: Formol, mon\u00f3xido de carbono,di\u00f3xido de carbono e \u00e1gua.\nPor polimeriza\u00e7\u00e3o: Polimeriza-se sem risco formando para formalde\u00eddo que precipita como s\u00f3lido branco.<\/li>\n<\/ul>\n<p>&nbsp;<\/p><\/div><div class='dt-sc-tabs-horizontal-content'>\r\n\t<div class=\"wpb_text_column wpb_content_element \" >\r\n\t\t<div class=\"wpb_wrapper\">\r\n\t\t\t<ul>\n<li>\u00a0RESINAS DE UR\u00c9IA OU MELEM\u00cdNICAS;<\/li>\n<li>\u00a0RESINAS FEN\u00d3LICAS;<\/li>\n<li>\u00a0ETILENOGLICOL;<\/li>\n<li>\u00a0PENTAERITRITOL;<\/li>\n<li>\u00a0FERTILIZANTES;<\/li>\n<li>\u00a0ACETAIS;<\/li>\n<li>\u00a0AGENTE DE REDU\u00c7\u00c3O;<\/li>\n<li>\u00a0CORANTES;<\/li>\n<li>\u00a0NA OBTEN\u00c7\u00c3O DE METAIS COMO OURO E PRATA;<\/li>\n<li>\u00a0INIBIDOR DE CORROS\u00c3O;<\/li>\n<li>\u00a0CONDENSA\u00c7\u00c3O DE CARBOHIDRATOS.<\/li>\n<\/ul>\n\r\n\t\t<\/div>\r\n\t<\/div>\r\n<\/div><div class='dt-sc-tabs-horizontal-content'>\r\n\t<div class=\"wpb_text_column wpb_content_element \" >\r\n\t\t<div class=\"wpb_wrapper\">\r\n\t\t\t<p><strong>Toxicidade Aguda, Efeitos Locais e Sensibiliza\u00e7\u00e3o em Caso de:<\/strong><br \/>\n<strong>Inala\u00e7\u00e3o:<\/strong> Causa irrita\u00e7\u00e3o das vias respirat\u00f3rias superiores provocando lacrima\u00e7\u00e3o.<br \/>\n<strong>Contato com a Pele:<\/strong> Causa irrita\u00e7\u00e3o prim\u00e1ria com ressecamento e rachadura.<br \/>\n<strong>Contato com os Olhos<\/strong>: Causa irrita\u00e7\u00e3o intensa, com lacrima\u00e7\u00e3o e com possibilidade de queimadura da c\u00f3rnea.<br \/>\n<strong>Ingest\u00e3o<\/strong>: Causa \u00e2nsia, v\u00f4mito e fortes dores estomacais.<br \/>\n<strong>Toxicidade Cr\u00f4nica:<\/strong> N\u00e3o h\u00e1 estudo conclusivo que indique ser o formol um produto carcinog\u00eanico..<\/p>\n\r\n\t\t<\/div>\r\n\t<\/div>\r\n<\/div><\/div><div class=\"vc_empty_space\"   style=\"height: 32px\"><span class=\"vc_empty_space_inner\"><\/span><\/div><\/div><\/div><\/div><\/div><div class=\"vc_row wpb_row vc_row-fluid\"><div class=\"wpb_column vc_column_container vc_col-sm-6\"><div class=\"vc_column-inner \"><div class=\"wpb_wrapper\"><div class='dt-sc-titled-box  '><h6 class='dt-sc-titled-box-title' > <span class='fa fa-info-circle'><\/span> Informa\u00e7\u00f5es<\/h6><div class='dt-sc-titled-box-content'>O\u00a0formalde\u00eddo \u00e9 um dos mais comuns produtos qu\u00edmicos de uso atual. \u00c9 o alde\u00eddo mais simples, de f\u00f3rmula molecular H2CO e nome oficial\u00a0metanal. A solu\u00e7\u00e3o aquosa de formalde\u00eddo, em regra dilu\u00edda a 45%, denomina-se\u00a0formol\u00a0ou\u00a0formalina. Devido ao seu baixo custo e alto grau de pureza, tornou-se um dos mais importantes produtos qu\u00edmicos industriais e de pesquisa no mundo. O formalde\u00eddo tem sido fabricado principalmente \u00e0 partir do metano, desde o in\u00edcio do s\u00e9culo XX. Uma vez que o metanol \u00e9 produzido \u00e0 partir de g\u00e1s de s\u00edntese, geralmente produzido \u00e0 partir do metano, tem havido grandes esfor\u00e7os para desenvolver um processo de etapa que oxida parcialmente o metanol em formalde\u00eddo. Apesar de um processo comercial de sucesso n\u00e3o ter sido desenvolvido, uma ampla gama de catalisadores e condi\u00e7\u00f5es de oxida\u00e7\u00e3o t\u00eam sido estudadas. Ap\u00f3s a Segunda Guerra Mundial, aproximadamente 20% do volume de produ\u00e7\u00e3o nos Estados Unidos foi fabricado pela fase de vapor, a oxida\u00e7\u00e3o n\u00e3o catal\u00edtica de propano e butanos. Este processo de oxida\u00e7\u00e3o n\u00e3o seletiva produz uma variedade de subprodutos que exigem um sistema de separa\u00e7\u00e3o caro e complexo e, portanto, o processo metanol \u00e9 preferido.<\/div><\/div><div class=\"vc_empty_space\"   style=\"height: 32px\"><span class=\"vc_empty_space_inner\"><\/span><\/div><div class='dt-sc-titled-box  '><h6 class='dt-sc-titled-box-title' > <span class='fa fa-info-circle'><\/span> Tipos de Utiliza\u00e7\u00e3o<\/h6><div class='dt-sc-titled-box-content'>Suas aplica\u00e7\u00f5es principais s\u00e3o:\n\nProdu\u00e7\u00e3o de resinas ureia-formol, fenol-formol e melam\u00ednica\nMat\u00e9ria-prima para diversos produtos qu\u00edmicos\nAgente esterilizante. V. autoclave\nAgente preservante de produtos cosm\u00e9ticos e de limpeza\nEmbalsama\u00e7\u00e3o e conserva\u00e7\u00e3o de cad\u00e1veres e pe\u00e7as anat\u00f4micas\nS\u00edntese de urotropina.\nLaborat\u00f3rios\nAdultera\u00e7\u00e3o de alimentos (conservante)\n<\/div><\/div><\/div><\/div><\/div><div class=\"wpb_column vc_column_container vc_col-sm-6\"><div class=\"vc_column-inner \"><div class=\"wpb_wrapper\"><div class='dt-sc-titled-box  '><h6 class='dt-sc-titled-box-title' > <span class='fa fa-info-circle'><\/span> Embalagens<\/h6><div class='dt-sc-titled-box-content'><\/div><\/div><div class=\"vc_empty_space\"   style=\"height: 32px\"><span class=\"vc_empty_space_inner\"><\/span><\/div><div class='dt-sc-titled-box  '><h6 class='dt-sc-titled-box-title' > <span class='fa fa-info-circle'><\/span> Informa\u00e7\u00f5es T\u00e9cnicas<\/h6><div class='dt-sc-titled-box-content'><\/div><\/div>\n\t<div  class=\"wpb_single_image wpb_content_element vc_align_center wpb_content_element\">\n\t\t<h2 class=\"wpb_heading wpb_singleimage_heading\">FISPQ - Formol<\/h2>\n\t\t<figure class=\"wpb_wrapper vc_figure\">\n\t\t\t<a href=\"http:\/\/avanziquimica.com.br\/wp-content\/uploads\/2019\/06\/FORMOL-37.pdf\" target=\"_self\" class=\"vc_single_image-wrapper   vc_box_border_grey\"><img loading=\"lazy\" decoding=\"async\" width=\"150\" height=\"150\" src=\"https:\/\/avanziquimica.com.br\/wp-content\/uploads\/2019\/06\/pdf-150x150.png\" class=\"vc_single_image-img attachment-thumbnail\" alt=\"\" title=\"pdf\" srcset=\"https:\/\/avanziquimica.com.br\/wp-content\/uploads\/2019\/06\/pdf-150x150.png 150w, https:\/\/avanziquimica.com.br\/wp-content\/uploads\/2019\/06\/pdf-100x100.png 100w, https:\/\/avanziquimica.com.br\/wp-content\/uploads\/2019\/06\/pdf.png 256w\" sizes=\"(max-width: 150px) 100vw, 150px\" \/><\/a>\n\t\t<\/figure>\n\t<\/div>\n<\/div><\/div><\/div><\/div>\n<\/div>","protected":false},"excerpt":{"rendered":"R\u00f3tulo de Risco N\u00famero ONU 80 2209 CAS n\u00ba 50-00-0 F\u00f3rmula Molecular CH2O Estrutura SIN\u00d4NIMOAPAR\u00caNCIAPROPRIEDADES F\u00cdSICO-QU\u00cdMICAS E AMBIENTAISAPLICA\u00c7\u00d5ESINFORMA\u00c7\u00d5ES SOBRE INTOXICA\u00c7\u00c3O HUMANA FORMOL \u00a0FORMALINA ALDE\u00cdDO F\u00d3RMICO L\u00cdQUIDO AQUOSO; SEM COLORA\u00c7\u00c3O; ODOR IRRITANTE; AFUNDA E MISTURA COM \u00c1GUA Ponto de Ebuli\u00e7\u00e3o : 96 - 100\u00b0C Ponto de Fus\u00e3o : N.A. Ponto de Fus\u00e3o : N.A. Ponto de [...]","protected":false},"author":1,"featured_media":0,"parent":0,"menu_order":0,"comment_status":"closed","ping_status":"closed","template":"","meta":{"footnotes":""},"class_list":["post-12628","page","type-page","status-publish","hentry"],"aioseo_notices":[],"_links":{"self":[{"href":"https:\/\/avanziquimica.com.br\/index.php?rest_route=\/wp\/v2\/pages\/12628","targetHints":{"allow":["GET"]}}],"collection":[{"href":"https:\/\/avanziquimica.com.br\/index.php?rest_route=\/wp\/v2\/pages"}],"about":[{"href":"https:\/\/avanziquimica.com.br\/index.php?rest_route=\/wp\/v2\/types\/page"}],"author":[{"embeddable":true,"href":"https:\/\/avanziquimica.com.br\/index.php?rest_route=\/wp\/v2\/users\/1"}],"replies":[{"embeddable":true,"href":"https:\/\/avanziquimica.com.br\/index.php?rest_route=%2Fwp%2Fv2%2Fcomments&post=12628"}],"version-history":[{"count":0,"href":"https:\/\/avanziquimica.com.br\/index.php?rest_route=\/wp\/v2\/pages\/12628\/revisions"}],"wp:attachment":[{"href":"https:\/\/avanziquimica.com.br\/index.php?rest_route=%2Fwp%2Fv2%2Fmedia&parent=12628"}],"curies":[{"name":"wp","href":"https:\/\/api.w.org\/{rel}","templated":true}]}}