{"id":12638,"date":"2019-04-30T18:27:07","date_gmt":"2019-04-30T18:27:07","guid":{"rendered":"https:\/\/avanziquimica.com.br\/?page_id=12638"},"modified":"2019-06-03T22:58:41","modified_gmt":"2019-06-03T22:58:41","slug":"policloreto-de-aluminio-pac-18","status":"publish","type":"page","link":"https:\/\/avanziquimica.com.br\/?page_id=12638","title":{"rendered":"Policloreto de alum\u00ednio (PAC 18%)"},"content":{"rendered":"<div class=\"wpb-content-wrapper\"><div class=\"vc_row wpb_row vc_row-fluid\"><div class=\"wpb_column vc_column_container vc_col-sm-1\/5\"><div class=\"vc_column-inner \"><div class=\"wpb_wrapper\">\r\n\t<div class=\"wpb_text_column wpb_content_element \" >\r\n\t\t<div class=\"wpb_wrapper\">\r\n\t\t\t<h4 style=\"text-align: center;\">R\u00f3tulo de Risco<\/h4>\n<p><img decoding=\"async\" class=\"alignnone wp-image-13029\" src=\"http:\/\/avanziquimica.com.br\/wp-content\/uploads\/2019\/06\/Corrosion.png\" alt=\"\" width=\"54\" height=\"54\" srcset=\"https:\/\/avanziquimica.com.br\/wp-content\/uploads\/2019\/06\/Corrosion.png 225w, https:\/\/avanziquimica.com.br\/wp-content\/uploads\/2019\/06\/Corrosion-150x150.png 150w, https:\/\/avanziquimica.com.br\/wp-content\/uploads\/2019\/06\/Corrosion-100x100.png 100w\" sizes=\"(max-width: 54px) 100vw, 54px\" \/><img decoding=\"async\" class=\"alignnone wp-image-13032\" src=\"http:\/\/avanziquimica.com.br\/wp-content\/uploads\/2019\/06\/Expoint_big.png\" alt=\"\" width=\"54\" height=\"54\" srcset=\"https:\/\/avanziquimica.com.br\/wp-content\/uploads\/2019\/06\/Expoint_big.png 225w, https:\/\/avanziquimica.com.br\/wp-content\/uploads\/2019\/06\/Expoint_big-150x150.png 150w, https:\/\/avanziquimica.com.br\/wp-content\/uploads\/2019\/06\/Expoint_big-100x100.png 100w\" sizes=\"(max-width: 54px) 100vw, 54px\" \/><\/p>\n\r\n\t\t<\/div>\r\n\t<\/div>\r\n<\/div><\/div><\/div><div class=\"wpb_column vc_column_container vc_col-sm-1\/5\"><div class=\"vc_column-inner \"><div class=\"wpb_wrapper\">\r\n\t<div class=\"wpb_text_column wpb_content_element \" >\r\n\t\t<div class=\"wpb_wrapper\">\r\n\t\t\t<h4 style=\"text-align: center;\">N\u00famero ONU<\/h4>\n<h3 style=\"text-align: center;\">80<\/h3>\n<h3 style=\"text-align: center;\">1760<\/h3>\n\r\n\t\t<\/div>\r\n\t<\/div>\r\n<\/div><\/div><\/div><div class=\"wpb_column vc_column_container vc_col-sm-1\/5\"><div class=\"vc_column-inner \"><div class=\"wpb_wrapper\">\r\n\t<div class=\"wpb_text_column wpb_content_element \" >\r\n\t\t<div class=\"wpb_wrapper\">\r\n\t\t\t<h4 style=\"text-align: center;\">CAS n\u00ba<\/h4>\n<h3 style=\"text-align: center;\">1327-41-9<\/h3>\n\r\n\t\t<\/div>\r\n\t<\/div>\r\n<\/div><\/div><\/div><div class=\"wpb_column vc_column_container vc_col-sm-1\/5\"><div class=\"vc_column-inner \"><div class=\"wpb_wrapper\">\r\n\t<div class=\"wpb_text_column wpb_content_element \" >\r\n\t\t<div class=\"wpb_wrapper\">\r\n\t\t\t<h4 style=\"text-align: center;\">F\u00f3rmula Molecular<\/h4>\n<h4 style=\"text-align: center;\">[AL2(OH )nCL6-n]m<\/h4>\n\r\n\t\t<\/div>\r\n\t<\/div>\r\n<\/div><\/div><\/div><div class=\"wpb_column vc_column_container vc_col-sm-1\/5\"><div class=\"vc_column-inner \"><div class=\"wpb_wrapper\">\r\n\t<div class=\"wpb_text_column wpb_content_element \" >\r\n\t\t<div class=\"wpb_wrapper\">\r\n\t\t\t<h4 style=\"text-align: center;\">Estrutura<\/h4>\n<p><img decoding=\"async\" class=\"size-full wp-image-13231 aligncenter\" src=\"http:\/\/avanziquimica.com.br\/wp-content\/uploads\/2019\/06\/imgsrv.png\" alt=\"\" width=\"120\" height=\"142\" \/><\/p>\n\r\n\t\t<\/div>\r\n\t<\/div>\r\n<\/div><\/div><\/div><\/div><div class=\"vc_row wpb_row vc_row-fluid\"><div class=\"wpb_column vc_column_container vc_col-sm-12\"><div class=\"vc_column-inner \"><div class=\"wpb_wrapper\"><div class=\"vc_empty_space\"   style=\"height: 32px\"><span class=\"vc_empty_space_inner\"><\/span><\/div><\/div><\/div><\/div><\/div><div class=\"vc_row wpb_row vc_row-fluid\"><div class=\"wpb_column vc_column_container vc_col-sm-12\"><div class=\"vc_column-inner \"><div class=\"wpb_wrapper\"><div class='dt-sc-tabs-horizontal-container ' data-effect='fade'><ul class='dt-sc-tabs-horizontal'><li><a href=\"javascript:void(0);\">SIN\u00d4NIMO<\/a><\/li><li><a href=\"javascript:void(0);\">APAR\u00caNCIA<\/a><\/li><li><a href=\"javascript:void(0);\">PROPRIEDADES F\u00cdSICO-QU\u00cdMICAS E AMBIENTAIS<\/a><\/li><li><a href=\"javascript:void(0);\">APLICA\u00c7\u00d5ES<\/a><\/li><li><a href=\"javascript:void(0);\">INFORMA\u00c7\u00d5ES SOBRE INTOXICA\u00c7\u00c3O HUMANA<\/a><\/li><\/ul><div class='dt-sc-tabs-horizontal-content'><ul>\n<li><span>CLORETO DE POLIALUM\u00cdNIO<\/span><\/li>\n<li><span>CLORETO B\u00c1SICO DE ALUM\u00cdNIO<\/span><\/li>\n<\/ul><\/div><div class='dt-sc-tabs-horizontal-content'><ul>\n<li><span>L\u00cdQUIDO;<\/span><\/li>\n<li><span>AMARELO-ACINZENTADO A BRANCO ACINZENTADO;<\/span><\/li>\n<li><span>ODOR IRRITANTE;<\/span><\/li>\n<li><span>AFUNDA NA \u00c1GUA<\/span><\/li>\n<\/ul><\/div><div class='dt-sc-tabs-horizontal-content'>\u2022<strong> Limite de odor:<\/strong> N\u00e3o aplic\u00e1vel\n\u2022<strong> pH:<\/strong> 3,0 a 5,0 (solu\u00e7\u00e3o a 15%)\n\u2022<strong> Ponto de fus\u00e3o \/ ponto de congelamento<\/strong>: N\u00e3o dispon\u00edvel\n<strong>\u2022 Ponto de ebuli\u00e7\u00e3o inicial:<\/strong> 112 \u00b0C\n<strong>\u2022 Faixa de temperatura de ebuli\u00e7\u00e3o:<\/strong> N\u00e3o dispon\u00edvel\n<strong>\u2022 Ponto de Fulgor:<\/strong> N\u00e3o aplic\u00e1vel\n\u2022<strong> Taxa de evapora\u00e7\u00e3o:<\/strong> N\u00e3o dispon\u00edvel\n<strong>\u2022 Inflamabilidade (s\u00f3lido; g\u00e1s):<\/strong> N\u00e3o aplic\u00e1vel\n<strong>\u2022 Limite de inflamabilidade ou explosividade inferior:<\/strong> N\u00e3o aplic\u00e1vel\n\u2022<strong> Limite de inflamabilidade ou explosividade superior<\/strong>: N\u00e3o aplic\u00e1vel\n<strong>\u2022 Press\u00e3o de vapor:<\/strong> N\u00e3o aplic\u00e1vel\n<strong>\u2022 Densidade de vapor:<\/strong> N\u00e3o aplic\u00e1vel\n<strong>\u2022 Densidade relativa:<\/strong> 1,32 a 1,42g\/ml\n\u2022<strong> Solubilidade(s):<\/strong> Sol\u00favel em \u00e1gua.\n<strong>\u2022 Coeficiente de parti\u00e7\u00e3o &#8211; n-octanol\/\u00e1gua:<\/strong> N\u00e3o aplic\u00e1vel\n<strong>\u2022 Temperatura de autoigni\u00e7\u00e3o<\/strong>: N\u00e3o aplic\u00e1vel\n<strong>\u2022 Temperatura de decomposi\u00e7\u00e3o:<\/strong> N\u00e3o dispon\u00edvel\n<strong>\u2022 Viscosidade:<\/strong> N\u00e3o dispon\u00edvel\n<strong>\u2022 Outras informa\u00e7\u00f5es:<\/strong> N\u00e3o aplic\u00e1vel<\/div><div class='dt-sc-tabs-horizontal-content'>\r\n\t<div class=\"wpb_text_column wpb_content_element \" >\r\n\t\t<div class=\"wpb_wrapper\">\r\n\t\t\t<ul>\n<li>Purifica\u00e7\u00e3o de \u00e1gua;<\/li>\n<li>Purifica\u00e7\u00e3o de \u00e1gua pot\u00e1vel, \u00e1guas residuais dom\u00e9sticas;<\/li>\n<li>Purifica\u00e7\u00e3o de \u00e1gua industrial, res\u00edduos industriais, \u00e1gua recirculada<\/li>\n<li>Marca\u00e7\u00e3o de papel, tingimento e branqueamento, endurecedor de cimento, endurecedor,<br \/>\nrefinamento de glicerina, refinamento de solu\u00e7\u00f5es de a\u00e7\u00facar<\/li>\n<li>Separa\u00e7\u00e3o de \u00e1gua de \u00f3leo na ind\u00fastria de refino de petr\u00f3leo<\/li>\n<\/ul>\n\r\n\t\t<\/div>\r\n\t<\/div>\r\n<\/div><div class='dt-sc-tabs-horizontal-content'>\r\n\t<div class=\"wpb_text_column wpb_content_element \" >\r\n\t\t<div class=\"wpb_wrapper\">\r\n\t\t\t<p><strong>Toxicidade aguda:<\/strong> 5g\/kg (oral &#8211; ratos)<br \/>\n<strong>Corros\u00e3o\/irrita\u00e7\u00e3o da pele:<\/strong> Levemente irritante. Leve vermelh\u00e3o e incha\u00e7o, observados in\u00edcio, desaparecem<br \/>\n72 horas ap\u00f3s o contato.<br \/>\n<strong>Les\u00f5es oculares graves\/irrita\u00e7\u00e3o ocular:<\/strong> Irrita\u00e7\u00e3o m\u00ednima pelo \u00edndice Braize. Nenhum envolvimento da<br \/>\nc\u00f3rnea ou \u00edris foi observado. A irrita\u00e7\u00e3o desapareceu no sexto dia ap\u00f3s o tratamento.<br \/>\n<strong>Sensibiliza\u00e7\u00e3o respirat\u00f3ria ou \u00e0 pele:<\/strong> N\u00e3o avaliado como sensibilizante respirat\u00f3rio ou da pele.<br \/>\n<strong>Mutagenicidade em c\u00e9lulas germinativas:<\/strong> N\u00e3o avaliado como mutag\u00eanico.<br \/>\n<strong>Carcinogenicidade:<\/strong> N\u00e3o classificado como cancer\u00edgeno pela IARC.<br \/>\n<strong>Toxicidade \u00e0 reprodu\u00e7\u00e3o:<\/strong> N\u00e3o avaliado como t\u00f3xico \u00e0 reprodu\u00e7\u00e3o.<br \/>\n<strong>Toxicidade para \u00f3rg\u00e3os-alvo espec\u00edficos &#8211; exposi\u00e7\u00e3o \u00fanica:<\/strong> A exposi\u00e7\u00e3o \u00fanica \u00e0 subst\u00e2ncia, pode causar<br \/>\nirrita\u00e7\u00e3o nas vias respirat\u00f3rias.<br \/>\n<strong>Toxicidade para \u00f3rg\u00e3os-alvo espec\u00edficos &#8211; exposi\u00e7\u00e3o repetida:<\/strong> A subst\u00e2ncia n\u00e3o est\u00e1 classificada como<br \/>\num t\u00f3xico espec\u00edfico com alvo de \u00f3rg\u00e3o, exposi\u00e7\u00e3o repetida.<br \/>\n<strong>Perigo por aspira\u00e7\u00e3o:<\/strong> Os crit\u00e9rios de classifica\u00e7\u00e3o n\u00e3o foram satisfeitos com respeito aos dados dispon\u00edveis.<br \/>\n<strong>Outras informa\u00e7\u00f5es:<\/strong> N\u00e3o dispon\u00edvel.<\/p>\n\r\n\t\t<\/div>\r\n\t<\/div>\r\n<\/div><\/div><div class=\"vc_empty_space\"   style=\"height: 32px\"><span class=\"vc_empty_space_inner\"><\/span><\/div><\/div><\/div><\/div><\/div><div class=\"vc_row wpb_row vc_row-fluid\"><div class=\"wpb_column vc_column_container vc_col-sm-6\"><div class=\"vc_column-inner \"><div class=\"wpb_wrapper\"><div class='dt-sc-titled-box  '><h6 class='dt-sc-titled-box-title' > <span class='fa fa-info-circle'><\/span> Informa\u00e7\u00f5es<\/h6><div class='dt-sc-titled-box-content'>O POLICLORETO DE ALUM\u00cdNIO \u00e9 um pol\u00edmero inorg\u00e2nico, cati\u00f4nico de baixo PM a base de cloreto de polialum\u00ednio. Em solu\u00e7\u00e3o aquosa este produto apresenta alta concentra\u00e7\u00e3o de carga cati\u00f4nica, elevado poder coagulante, acelerando a velocidade na forma\u00e7\u00e3o de flocos em rela\u00e7\u00e3o aos polim\u00e9ricos.<\/div><\/div><div class=\"vc_empty_space\"   style=\"height: 32px\"><span class=\"vc_empty_space_inner\"><\/span><\/div><div class='dt-sc-titled-box  '><h6 class='dt-sc-titled-box-title' > <span class='fa fa-info-circle'><\/span> Tipos de Utiliza\u00e7\u00e3o<\/h6><div class='dt-sc-titled-box-content'>Este produto \u00e9 recomendado para o tratamento de \u00e1gua, de processo e potabiliza\u00e7\u00e3o, removendo mat\u00e9rias org\u00e2nicas e inorg\u00e2nicas. O POLICLORETO DE ALUM\u00cdNIO pode ser aplicado puro ou em solu\u00e7\u00e3o aquosa atrav\u00e9s do sistema de dosagem ARATROP, observando que os materiais utilizados sejam de PVC ou polietileno.<\/div><\/div><\/div><\/div><\/div><div class=\"wpb_column vc_column_container vc_col-sm-6\"><div class=\"vc_column-inner \"><div class=\"wpb_wrapper\"><div class='dt-sc-titled-box  '><h6 class='dt-sc-titled-box-title' > <span class='fa fa-info-circle'><\/span> Embalagens<\/h6><div class='dt-sc-titled-box-content'><\/div><\/div><div class=\"vc_empty_space\"   style=\"height: 32px\"><span class=\"vc_empty_space_inner\"><\/span><\/div><div class='dt-sc-titled-box  '><h6 class='dt-sc-titled-box-title' > <span class='fa fa-info-circle'><\/span> Informa\u00e7\u00f5es T\u00e9cnicas<\/h6><div class='dt-sc-titled-box-content'><\/div><\/div>\n\t<div  class=\"wpb_single_image wpb_content_element vc_align_center wpb_content_element\">\n\t\t<h2 class=\"wpb_heading wpb_singleimage_heading\">FISPQ - Policloreto de Alum\u00ednio Liquido<\/h2>\n\t\t<figure class=\"wpb_wrapper vc_figure\">\n\t\t\t<a href=\"http:\/\/avanziquimica.com.br\/wp-content\/uploads\/2019\/06\/policloreto-de-aluminio.pdf\" target=\"_self\" class=\"vc_single_image-wrapper   vc_box_border_grey\"><img loading=\"lazy\" decoding=\"async\" width=\"150\" height=\"150\" src=\"https:\/\/avanziquimica.com.br\/wp-content\/uploads\/2019\/06\/pdf-150x150.png\" class=\"vc_single_image-img attachment-thumbnail\" alt=\"\" title=\"pdf\" srcset=\"https:\/\/avanziquimica.com.br\/wp-content\/uploads\/2019\/06\/pdf-150x150.png 150w, https:\/\/avanziquimica.com.br\/wp-content\/uploads\/2019\/06\/pdf-100x100.png 100w, https:\/\/avanziquimica.com.br\/wp-content\/uploads\/2019\/06\/pdf.png 256w\" sizes=\"(max-width: 150px) 100vw, 150px\" \/><\/a>\n\t\t<\/figure>\n\t<\/div>\n<\/div><\/div><\/div><\/div>\n<\/div>","protected":false},"excerpt":{"rendered":"R\u00f3tulo de Risco N\u00famero ONU 80 1760 CAS n\u00ba 1327-41-9 F\u00f3rmula Molecular [AL2(OH )nCL6-n]m Estrutura SIN\u00d4NIMOAPAR\u00caNCIAPROPRIEDADES F\u00cdSICO-QU\u00cdMICAS E AMBIENTAISAPLICA\u00c7\u00d5ESINFORMA\u00c7\u00d5ES SOBRE INTOXICA\u00c7\u00c3O HUMANA CLORETO DE POLIALUM\u00cdNIO CLORETO B\u00c1SICO DE ALUM\u00cdNIO L\u00cdQUIDO; AMARELO-ACINZENTADO A BRANCO ACINZENTADO; ODOR IRRITANTE; AFUNDA NA \u00c1GUA \u2022 Limite de odor: N\u00e3o aplic\u00e1vel \u2022 pH: 3,0 a 5,0 (solu\u00e7\u00e3o a 15%) \u2022 Ponto [...]","protected":false},"author":1,"featured_media":0,"parent":0,"menu_order":0,"comment_status":"closed","ping_status":"closed","template":"","meta":{"footnotes":""},"class_list":["post-12638","page","type-page","status-publish","hentry"],"aioseo_notices":[],"_links":{"self":[{"href":"https:\/\/avanziquimica.com.br\/index.php?rest_route=\/wp\/v2\/pages\/12638","targetHints":{"allow":["GET"]}}],"collection":[{"href":"https:\/\/avanziquimica.com.br\/index.php?rest_route=\/wp\/v2\/pages"}],"about":[{"href":"https:\/\/avanziquimica.com.br\/index.php?rest_route=\/wp\/v2\/types\/page"}],"author":[{"embeddable":true,"href":"https:\/\/avanziquimica.com.br\/index.php?rest_route=\/wp\/v2\/users\/1"}],"replies":[{"embeddable":true,"href":"https:\/\/avanziquimica.com.br\/index.php?rest_route=%2Fwp%2Fv2%2Fcomments&post=12638"}],"version-history":[{"count":0,"href":"https:\/\/avanziquimica.com.br\/index.php?rest_route=\/wp\/v2\/pages\/12638\/revisions"}],"wp:attachment":[{"href":"https:\/\/avanziquimica.com.br\/index.php?rest_route=%2Fwp%2Fv2%2Fmedia&parent=12638"}],"curies":[{"name":"wp","href":"https:\/\/api.w.org\/{rel}","templated":true}]}}