{"id":12642,"date":"2019-04-30T18:29:29","date_gmt":"2019-04-30T18:29:29","guid":{"rendered":"https:\/\/avanziquimica.com.br\/?page_id=12642"},"modified":"2019-06-04T12:27:15","modified_gmt":"2019-06-04T12:27:15","slug":"soda-50","status":"publish","type":"page","link":"https:\/\/avanziquimica.com.br\/?page_id=12642","title":{"rendered":"Soda 50%"},"content":{"rendered":"<div class=\"wpb-content-wrapper\"><div class=\"vc_row wpb_row vc_row-fluid\"><div class=\"wpb_column vc_column_container vc_col-sm-1\/5\"><div class=\"vc_column-inner \"><div class=\"wpb_wrapper\">\r\n\t<div class=\"wpb_text_column wpb_content_element \" >\r\n\t\t<div class=\"wpb_wrapper\">\r\n\t\t\t<h4 style=\"text-align: center;\">R\u00f3tulo de Risco<\/h4>\n<p><img decoding=\"async\" class=\"alignnone wp-image-13029\" src=\"http:\/\/avanziquimica.com.br\/wp-content\/uploads\/2019\/06\/Corrosion.png\" alt=\"\" width=\"55\" height=\"55\" srcset=\"https:\/\/avanziquimica.com.br\/wp-content\/uploads\/2019\/06\/Corrosion.png 225w, https:\/\/avanziquimica.com.br\/wp-content\/uploads\/2019\/06\/Corrosion-150x150.png 150w, https:\/\/avanziquimica.com.br\/wp-content\/uploads\/2019\/06\/Corrosion-100x100.png 100w\" sizes=\"(max-width: 55px) 100vw, 55px\" \/><img decoding=\"async\" class=\"alignnone wp-image-13037\" src=\"http:\/\/avanziquimica.com.br\/wp-content\/uploads\/2019\/06\/SkullxCB_big.png\" alt=\"\" width=\"54\" height=\"54\" srcset=\"https:\/\/avanziquimica.com.br\/wp-content\/uploads\/2019\/06\/SkullxCB_big.png 225w, https:\/\/avanziquimica.com.br\/wp-content\/uploads\/2019\/06\/SkullxCB_big-150x150.png 150w, https:\/\/avanziquimica.com.br\/wp-content\/uploads\/2019\/06\/SkullxCB_big-100x100.png 100w\" sizes=\"(max-width: 54px) 100vw, 54px\" \/><img decoding=\"async\" class=\"alignnone wp-image-13036\" src=\"http:\/\/avanziquimica.com.br\/wp-content\/uploads\/2019\/06\/Healthhazard_big.png\" alt=\"\" width=\"54\" height=\"54\" srcset=\"https:\/\/avanziquimica.com.br\/wp-content\/uploads\/2019\/06\/Healthhazard_big.png 225w, https:\/\/avanziquimica.com.br\/wp-content\/uploads\/2019\/06\/Healthhazard_big-150x150.png 150w, https:\/\/avanziquimica.com.br\/wp-content\/uploads\/2019\/06\/Healthhazard_big-100x100.png 100w\" sizes=\"(max-width: 54px) 100vw, 54px\" \/><\/p>\n\r\n\t\t<\/div>\r\n\t<\/div>\r\n<\/div><\/div><\/div><div class=\"wpb_column vc_column_container vc_col-sm-1\/5\"><div class=\"vc_column-inner \"><div class=\"wpb_wrapper\">\r\n\t<div class=\"wpb_text_column wpb_content_element \" >\r\n\t\t<div class=\"wpb_wrapper\">\r\n\t\t\t<h4 style=\"text-align: center;\">N\u00famero ONU<\/h4>\n<h3 style=\"text-align: center;\"><strong>80<\/strong><\/h3>\n<h3 style=\"text-align: center;\"><strong>1824<\/strong><\/h3>\n\r\n\t\t<\/div>\r\n\t<\/div>\r\n<\/div><\/div><\/div><div class=\"wpb_column vc_column_container vc_col-sm-1\/5\"><div class=\"vc_column-inner \"><div class=\"wpb_wrapper\">\r\n\t<div class=\"wpb_text_column wpb_content_element \" >\r\n\t\t<div class=\"wpb_wrapper\">\r\n\t\t\t<h4 style=\"text-align: center;\">CAS n\u00ba<\/h4>\n<h3 style=\"text-align: center;\">1310-73-2<\/h3>\n\r\n\t\t<\/div>\r\n\t<\/div>\r\n<\/div><\/div><\/div><div class=\"wpb_column vc_column_container vc_col-sm-1\/5\"><div class=\"vc_column-inner \"><div class=\"wpb_wrapper\">\r\n\t<div class=\"wpb_text_column wpb_content_element \" >\r\n\t\t<div class=\"wpb_wrapper\">\r\n\t\t\t<h4 style=\"text-align: center;\">F\u00f3rmula Molecular<\/h4>\n<h3 style=\"text-align: center;\">NaOH<\/h3>\n\r\n\t\t<\/div>\r\n\t<\/div>\r\n<\/div><\/div><\/div><div class=\"wpb_column vc_column_container vc_col-sm-1\/5\"><div class=\"vc_column-inner \"><div class=\"wpb_wrapper\">\r\n\t<div class=\"wpb_text_column wpb_content_element \" >\r\n\t\t<div class=\"wpb_wrapper\">\r\n\t\t\t<h4 style=\"text-align: center;\">Estrutura<\/h4>\n<p><img loading=\"lazy\" decoding=\"async\" class=\"wp-image-13256 aligncenter\" src=\"http:\/\/avanziquimica.com.br\/wp-content\/uploads\/2019\/06\/Sodium-hydroxide-crystal-3D-vdW-300x226.png\" alt=\"\" width=\"149\" height=\"112\" srcset=\"https:\/\/avanziquimica.com.br\/wp-content\/uploads\/2019\/06\/Sodium-hydroxide-crystal-3D-vdW-300x226.png 300w, https:\/\/avanziquimica.com.br\/wp-content\/uploads\/2019\/06\/Sodium-hydroxide-crystal-3D-vdW-768x577.png 768w, https:\/\/avanziquimica.com.br\/wp-content\/uploads\/2019\/06\/Sodium-hydroxide-crystal-3D-vdW-1024x770.png 1024w, https:\/\/avanziquimica.com.br\/wp-content\/uploads\/2019\/06\/Sodium-hydroxide-crystal-3D-vdW-750x564.png 750w, https:\/\/avanziquimica.com.br\/wp-content\/uploads\/2019\/06\/Sodium-hydroxide-crystal-3D-vdW-540x406.png 540w, https:\/\/avanziquimica.com.br\/wp-content\/uploads\/2019\/06\/Sodium-hydroxide-crystal-3D-vdW-600x451.png 600w, https:\/\/avanziquimica.com.br\/wp-content\/uploads\/2019\/06\/Sodium-hydroxide-crystal-3D-vdW.png 1100w\" sizes=\"(max-width: 149px) 100vw, 149px\" \/><\/p>\n\r\n\t\t<\/div>\r\n\t<\/div>\r\n<\/div><\/div><\/div><\/div><div class=\"vc_row wpb_row vc_row-fluid\"><div class=\"wpb_column vc_column_container vc_col-sm-12\"><div class=\"vc_column-inner \"><div class=\"wpb_wrapper\"><div class=\"vc_empty_space\"   style=\"height: 32px\"><span class=\"vc_empty_space_inner\"><\/span><\/div><\/div><\/div><\/div><\/div><div class=\"vc_row wpb_row vc_row-fluid\"><div class=\"wpb_column vc_column_container vc_col-sm-12\"><div class=\"vc_column-inner \"><div class=\"wpb_wrapper\"><div class='dt-sc-tabs-horizontal-container ' data-effect='fade'><ul class='dt-sc-tabs-horizontal'><li><a href=\"javascript:void(0);\">SIN\u00d4NIMO<\/a><\/li><li><a href=\"javascript:void(0);\">APAR\u00caNCIA<\/a><\/li><li><a href=\"javascript:void(0);\">PROPRIEDADES F\u00cdSICO-QU\u00cdMICAS E AMBIENTAIS<\/a><\/li><li><a href=\"javascript:void(0);\">APLICA\u00c7\u00d5ES<\/a><\/li><li><a href=\"javascript:void(0);\">INFORMA\u00c7\u00d5ES SOBRE INTOXICA\u00c7\u00c3O HUMANA<\/a><\/li><\/ul><div class='dt-sc-tabs-horizontal-content'><ul>\n<li><span>SOLU\u00c7\u00c3O DE HIDR\u00d3XIDO DE S\u00d3DIO ;<\/span><\/li>\n<li><span>SODA C\u00c1USTICA;<\/span><\/li>\n<li><span>SOLU\u00c7\u00c3O;<\/span><\/li>\n<li><span>LIX\u00cdVIA DE SODA<\/span><\/li>\n<\/ul><\/div><div class='dt-sc-tabs-horizontal-content'><ul>\n<li><span>L\u00cdQUIDO VISCOSO<\/span><\/li>\n<li><span>INCOLOR<\/span><\/li>\n<li><span>INODORO<\/span><\/li>\n<\/ul><\/div><div class='dt-sc-tabs-horizontal-content'><strong>pH:<\/strong> \u226513\n<strong>pKa<\/strong> N\u00e3o h\u00e1 dados\n<strong>Ponto de congelamento:<\/strong> Entre 0 e 22\u00baC\n<strong>Ponto de ebuli\u00e7\u00e3o\/ escala<\/strong>: Entre 117 e 147\u00baC\n<strong>Flash Point:<\/strong> O Produto n\u00e3o \u00e9 inflam\u00e1vel\n<strong>Taxa de evapora\u00e7\u00e3o<\/strong> :N\u00e3o h\u00e1 dados\n<strong>Inflamabilidade (s\u00f3lido g\u00e1s)<\/strong>: Limite inferior de explosividade: N\u00e3o\naplic\u00e1vel\n<strong>Propriedades explosivas:<\/strong> N\u00e3o explosivo, ver se\u00e7\u00e3o 10\n<strong>Press\u00e3o do vapor<\/strong>: \u226413,3 hPa- Temperatura:20\u00baC\n<strong>Densidade do vapor<\/strong>: N\u00e3o h\u00e1 dados\n<strong>Densidade relativa Densidade<\/strong>: entre 1,33 e 1,53\n<strong>Densidade da massa:<\/strong> N\u00e3o h\u00e1 dados\n<strong>Solubilidade :<\/strong> \u00c1gua\n<strong>Observa\u00e7\u00e3o:<\/strong> misc\u00edvel em todas as propor\u00e7\u00f5es. Dissolu\u00e7\u00e3o com libera\u00e7\u00e3o de calor. Rea\u00e7\u00e3o violenta no contato com \u00e1gua.\n<strong>Sol\u00favel em:<\/strong> \u00c1lcool, Glicerol.\n<strong>Coeficiente de divis\u00e3o (noctanol\/<\/strong><strong>\u00e1gua): <\/strong>N\u00e3o h\u00e1 dados\n<strong>Viscosidade:<\/strong> 12-120mPa.s temperatura: 20\u00baC<\/div><div class='dt-sc-tabs-horizontal-content'>\r\n\t<div class=\"wpb_text_column wpb_content_element \" >\r\n\t\t<div class=\"wpb_wrapper\">\r\n\t\t\t<ul>\n<li>\u00a0FABRICA\u00c7\u00c3O DE PRODUTOS QU\u00cdMICOS;<\/li>\n<li>RAYON E CELOFANE;<\/li>\n<li>REFINA\u00c7\u00c3O DE PETR\u00d3LEO, CELULOSE E PAPEL;<\/li>\n<li>ALUM\u00cdNIO;<\/li>\n<li>MEDICINA;<\/li>\n<li>DETERGENTE;<\/li>\n<li>SAB\u00d5ES;<\/li>\n<li>IND\u00daSTRIAS T\u00caXTEIS;<\/li>\n<li>REFINA\u00c7\u00c3O DE \u00d3LEOS VEGETAIS;<\/li>\n<li>RECUPERA\u00c7\u00c3O DA BORRACHA<\/li>\n<\/ul>\n\r\n\t\t<\/div>\r\n\t<\/div>\r\n<\/div><div class='dt-sc-tabs-horizontal-content'>\r\n\t<div class=\"wpb_text_column wpb_content_element \" >\r\n\t\t<div class=\"wpb_wrapper\">\r\n\t\t\t<p><strong>Dados toxicol\u00f3gicos<\/strong><br \/>\n<strong>Toxicidade aguda<\/strong><br \/>\n<strong>&#8211; Via oral DL 50 Observa\u00e7\u00f5es:<\/strong> dados n\u00e3o dispon\u00edveis<br \/>\n<strong>&#8211; Inala\u00e7\u00e3o CL 50 Observa\u00e7\u00f5es:<\/strong> dados n\u00e3o dispon\u00edveis<br \/>\n<strong>&#8211; Via d\u00e9rmica DL 50 Observa\u00e7\u00f5es<\/strong>: dados n\u00e3o dispon\u00edveis<br \/>\n<strong>Efeitos irritantes sobre a pele : <\/strong>&#8211; Corrosivo<br \/>\n<strong>Irrita\u00e7\u00e3o dos olhos : <\/strong>\u00a0Corrosivo<br \/>\n<strong>Sensibiliza\u00e7\u00e3o respirat\u00f3ria ou cut\u00e2nea : <\/strong>\u00a0Sem efeito observado.<br \/>\n<strong>Mutagenicidade: <\/strong>\u00a0Os testes feitos sobre os animais n\u00e3o mostraram efeitos mutag\u00eanicos. Os testes in vitro n\u00e3o mostraram efeitos mutag\u00eanicos<br \/>\n<strong>Carcinogenicidade : <\/strong>\u00a0Dados n\u00e3o dispon\u00edveis<br \/>\n<strong>Efeitos t\u00f3xicos na reprodu\u00e7\u00e3o : <\/strong>\u00a0Efeito sobre a fertilidade, efeito fetot\u00f3xico, sem efeito observado.<br \/>\n<strong>Toxicidade por dose repetida (cr\u00f4nica) : <\/strong>&#8211; N\u00e3o aplic\u00e1vel<\/p>\n\r\n\t\t<\/div>\r\n\t<\/div>\r\n<\/div><\/div><div class=\"vc_empty_space\"   style=\"height: 32px\"><span class=\"vc_empty_space_inner\"><\/span><\/div><\/div><\/div><\/div><\/div><div class=\"vc_row wpb_row vc_row-fluid\"><div class=\"wpb_column vc_column_container vc_col-sm-6\"><div class=\"vc_column-inner \"><div class=\"wpb_wrapper\"><div class='dt-sc-titled-box  '><h6 class='dt-sc-titled-box-title' > <span class='fa fa-info-circle'><\/span> Informa\u00e7\u00f5es<\/h6><div class='dt-sc-titled-box-content'>O\u00a0hidr\u00f3xido de s\u00f3dio\u00a0(NaOH), tamb\u00e9m conhecido como\u00a0soda c\u00e1ustica, \u00e9 um\u00a0hidr\u00f3xido\u00a0c\u00e1ustico\u00a0usado na ind\u00fastria, principalmente como\u00a0base qu\u00edmica, na fabrica\u00e7\u00e3o de\u00a0papel,\u00a0tecidos,\u00a0detergentes,\u00a0alimentos\u00a0e\u00a0biodiesel. Trata-se de uma\u00a0base forte.\u00a0Apresenta ocasionalmente uso dom\u00e9stico para a desobstru\u00e7\u00e3o de\u00a0encanamentos\u00a0e sumidouros, pois dissolve\u00a0gorduras. \u00c9 altamente corrosivo e pode produzir queimaduras, cicatrizes e cegueira devido \u00e0 sua elevada\u00a0reatividade.\u00a0Reage de forma exot\u00e9rmica com a \u00e1gua e \u00e9 produzido por\u00a0eletr\u00f3lise\u00a0de uma solu\u00e7\u00e3o aquosa de\u00a0cloreto de s\u00f3dio\u00a0(salmoura), sendo produzido juntamente com o\u00a0cloro.<\/div><\/div><div class=\"vc_empty_space\"   style=\"height: 32px\"><span class=\"vc_empty_space_inner\"><\/span><\/div><div class='dt-sc-titled-box  '><h6 class='dt-sc-titled-box-title' > <span class='fa fa-info-circle'><\/span> Tipos de Utiliza\u00e7\u00e3o<\/h6><div class='dt-sc-titled-box-content'>O Hidr\u00f3xido de S\u00f3dio \u00e9 usado principalmente na fabrica\u00e7\u00e3o de outros produtos qu\u00edmicos, rayon, filme, sab\u00e3o, como um reagente de laborat\u00f3rio, e na medicina como um c\u00e1ustico.<\/div><\/div><\/div><\/div><\/div><div class=\"wpb_column vc_column_container vc_col-sm-6\"><div class=\"vc_column-inner \"><div class=\"wpb_wrapper\"><div class='dt-sc-titled-box  '><h6 class='dt-sc-titled-box-title' > <span class='fa fa-info-circle'><\/span> Embalagens<\/h6><div class='dt-sc-titled-box-content'><\/div><\/div><div class=\"vc_empty_space\"   style=\"height: 32px\"><span class=\"vc_empty_space_inner\"><\/span><\/div><div class='dt-sc-titled-box  '><h6 class='dt-sc-titled-box-title' > <span class='fa fa-info-circle'><\/span> Informa\u00e7\u00f5es T\u00e9cnicas<\/h6><div class='dt-sc-titled-box-content'><\/div><\/div>\n\t<div  class=\"wpb_single_image wpb_content_element vc_align_center wpb_content_element\">\n\t\t<h2 class=\"wpb_heading wpb_singleimage_heading\">FISPQ - Hidr\u00f3xido de S\u00f3dio (solu\u00e7\u00e3o)<\/h2>\n\t\t<figure class=\"wpb_wrapper vc_figure\">\n\t\t\t<a href=\"http:\/\/avanziquimica.com.br\/wp-content\/uploads\/2019\/06\/soda.pdf\" target=\"_self\" class=\"vc_single_image-wrapper   vc_box_border_grey\"><img loading=\"lazy\" decoding=\"async\" width=\"150\" height=\"150\" src=\"https:\/\/avanziquimica.com.br\/wp-content\/uploads\/2019\/06\/pdf-150x150.png\" class=\"vc_single_image-img attachment-thumbnail\" alt=\"\" title=\"pdf\" srcset=\"https:\/\/avanziquimica.com.br\/wp-content\/uploads\/2019\/06\/pdf-150x150.png 150w, https:\/\/avanziquimica.com.br\/wp-content\/uploads\/2019\/06\/pdf-100x100.png 100w, https:\/\/avanziquimica.com.br\/wp-content\/uploads\/2019\/06\/pdf.png 256w\" sizes=\"(max-width: 150px) 100vw, 150px\" \/><\/a>\n\t\t<\/figure>\n\t<\/div>\n<\/div><\/div><\/div><\/div>\n<\/div>","protected":false},"excerpt":{"rendered":"R\u00f3tulo de Risco N\u00famero ONU 80 1824 CAS n\u00ba 1310-73-2 F\u00f3rmula Molecular NaOH Estrutura SIN\u00d4NIMOAPAR\u00caNCIAPROPRIEDADES F\u00cdSICO-QU\u00cdMICAS E AMBIENTAISAPLICA\u00c7\u00d5ESINFORMA\u00c7\u00d5ES SOBRE INTOXICA\u00c7\u00c3O HUMANA SOLU\u00c7\u00c3O DE HIDR\u00d3XIDO DE S\u00d3DIO ; SODA C\u00c1USTICA; SOLU\u00c7\u00c3O; LIX\u00cdVIA DE SODA L\u00cdQUIDO VISCOSO INCOLOR INODORO pH: \u226513 pKa N\u00e3o h\u00e1 dados Ponto de congelamento: Entre 0 e 22\u00baC Ponto de ebuli\u00e7\u00e3o\/ escala: Entre [...]","protected":false},"author":1,"featured_media":0,"parent":0,"menu_order":0,"comment_status":"closed","ping_status":"closed","template":"","meta":{"footnotes":""},"class_list":["post-12642","page","type-page","status-publish","hentry"],"aioseo_notices":[],"_links":{"self":[{"href":"https:\/\/avanziquimica.com.br\/index.php?rest_route=\/wp\/v2\/pages\/12642","targetHints":{"allow":["GET"]}}],"collection":[{"href":"https:\/\/avanziquimica.com.br\/index.php?rest_route=\/wp\/v2\/pages"}],"about":[{"href":"https:\/\/avanziquimica.com.br\/index.php?rest_route=\/wp\/v2\/types\/page"}],"author":[{"embeddable":true,"href":"https:\/\/avanziquimica.com.br\/index.php?rest_route=\/wp\/v2\/users\/1"}],"replies":[{"embeddable":true,"href":"https:\/\/avanziquimica.com.br\/index.php?rest_route=%2Fwp%2Fv2%2Fcomments&post=12642"}],"version-history":[{"count":0,"href":"https:\/\/avanziquimica.com.br\/index.php?rest_route=\/wp\/v2\/pages\/12642\/revisions"}],"wp:attachment":[{"href":"https:\/\/avanziquimica.com.br\/index.php?rest_route=%2Fwp%2Fv2%2Fmedia&parent=12642"}],"curies":[{"name":"wp","href":"https:\/\/api.w.org\/{rel}","templated":true}]}}