{"id":12652,"date":"2019-04-30T18:40:15","date_gmt":"2019-04-30T18:40:15","guid":{"rendered":"https:\/\/avanziquimica.com.br\/?page_id=12652"},"modified":"2024-09-11T23:38:33","modified_gmt":"2024-09-12T02:38:33","slug":"hipoclorito-de-sodio","status":"publish","type":"page","link":"https:\/\/avanziquimica.com.br\/?page_id=12652","title":{"rendered":"Hipoclorito de S\u00f3dio"},"content":{"rendered":"<div class=\"wpb-content-wrapper\"><div class=\"vc_row wpb_row vc_row-fluid\"><div class=\"wpb_column vc_column_container vc_col-sm-1\/5\"><div class=\"vc_column-inner \"><div class=\"wpb_wrapper\">\r\n\t<div class=\"wpb_text_column wpb_content_element \" >\r\n\t\t<div class=\"wpb_wrapper\">\r\n\t\t\t<h4 style=\"text-align: center;\">R\u00f3tulo de Risco<\/h4>\n<p><img decoding=\"async\" class=\"alignnone wp-image-13029\" src=\"http:\/\/avanziquimica.com.br\/wp-content\/uploads\/2019\/06\/Corrosion.png\" alt=\"\" width=\"54\" height=\"55\" srcset=\"https:\/\/avanziquimica.com.br\/wp-content\/uploads\/2019\/06\/Corrosion.png 225w, https:\/\/avanziquimica.com.br\/wp-content\/uploads\/2019\/06\/Corrosion-150x150.png 150w, https:\/\/avanziquimica.com.br\/wp-content\/uploads\/2019\/06\/Corrosion-100x100.png 100w\" sizes=\"(max-width: 54px) 100vw, 54px\" \/><img decoding=\"async\" class=\"alignnone wp-image-13032\" src=\"http:\/\/avanziquimica.com.br\/wp-content\/uploads\/2019\/06\/Expoint_big.png\" alt=\"\" width=\"54\" height=\"54\" srcset=\"https:\/\/avanziquimica.com.br\/wp-content\/uploads\/2019\/06\/Expoint_big.png 225w, https:\/\/avanziquimica.com.br\/wp-content\/uploads\/2019\/06\/Expoint_big-150x150.png 150w, https:\/\/avanziquimica.com.br\/wp-content\/uploads\/2019\/06\/Expoint_big-100x100.png 100w\" sizes=\"(max-width: 54px) 100vw, 54px\" \/><img decoding=\"async\" class=\"alignnone wp-image-12995\" src=\"http:\/\/avanziquimica.com.br\/wp-content\/uploads\/2019\/06\/GHS08_silhouete-300x300.png\" alt=\"\" width=\"55\" height=\"55\" srcset=\"https:\/\/avanziquimica.com.br\/wp-content\/uploads\/2019\/06\/GHS08_silhouete-300x300.png 300w, https:\/\/avanziquimica.com.br\/wp-content\/uploads\/2019\/06\/GHS08_silhouete-150x150.png 150w, https:\/\/avanziquimica.com.br\/wp-content\/uploads\/2019\/06\/GHS08_silhouete-768x768.png 768w, https:\/\/avanziquimica.com.br\/wp-content\/uploads\/2019\/06\/GHS08_silhouete-1024x1024.png 1024w, https:\/\/avanziquimica.com.br\/wp-content\/uploads\/2019\/06\/GHS08_silhouete-750x750.png 750w, https:\/\/avanziquimica.com.br\/wp-content\/uploads\/2019\/06\/GHS08_silhouete-540x540.png 540w, https:\/\/avanziquimica.com.br\/wp-content\/uploads\/2019\/06\/GHS08_silhouete-960x970.png 960w, https:\/\/avanziquimica.com.br\/wp-content\/uploads\/2019\/06\/GHS08_silhouete-640x650.png 640w, https:\/\/avanziquimica.com.br\/wp-content\/uploads\/2019\/06\/GHS08_silhouete-510x520.png 510w, https:\/\/avanziquimica.com.br\/wp-content\/uploads\/2019\/06\/GHS08_silhouete-780x790.png 780w, https:\/\/avanziquimica.com.br\/wp-content\/uploads\/2019\/06\/GHS08_silhouete-600x600.png 600w, https:\/\/avanziquimica.com.br\/wp-content\/uploads\/2019\/06\/GHS08_silhouete-100x100.png 100w\" sizes=\"(max-width: 55px) 100vw, 55px\" \/><img loading=\"lazy\" decoding=\"async\" class=\"alignnone wp-image-13030\" src=\"http:\/\/avanziquimica.com.br\/wp-content\/uploads\/2019\/06\/Environment_big.png\" alt=\"\" width=\"55\" height=\"55\" srcset=\"https:\/\/avanziquimica.com.br\/wp-content\/uploads\/2019\/06\/Environment_big.png 225w, https:\/\/avanziquimica.com.br\/wp-content\/uploads\/2019\/06\/Environment_big-150x150.png 150w, https:\/\/avanziquimica.com.br\/wp-content\/uploads\/2019\/06\/Environment_big-100x100.png 100w\" sizes=\"(max-width: 55px) 100vw, 55px\" \/><\/p>\n\r\n\t\t<\/div>\r\n\t<\/div>\r\n<\/div><\/div><\/div><div class=\"wpb_column vc_column_container vc_col-sm-1\/5\"><div class=\"vc_column-inner \"><div class=\"wpb_wrapper\">\r\n\t<div class=\"wpb_text_column wpb_content_element \" >\r\n\t\t<div class=\"wpb_wrapper\">\r\n\t\t\t<h4 style=\"text-align: center;\">N\u00famero ONU<\/h4>\n<h3 style=\"text-align: center;\">80<\/h3>\n<h3 style=\"text-align: center;\">1791<\/h3>\n\r\n\t\t<\/div>\r\n\t<\/div>\r\n<\/div><\/div><\/div><div class=\"wpb_column vc_column_container vc_col-sm-1\/5\"><div class=\"vc_column-inner \"><div class=\"wpb_wrapper\">\r\n\t<div class=\"wpb_text_column wpb_content_element \" >\r\n\t\t<div class=\"wpb_wrapper\">\r\n\t\t\t<h4 style=\"text-align: center;\">CAS n\u00ba<\/h4>\n<h3 style=\"text-align: center;\">7681-52-9<\/h3>\n\r\n\t\t<\/div>\r\n\t<\/div>\r\n<\/div><\/div><\/div><div class=\"wpb_column vc_column_container vc_col-sm-1\/5\"><div class=\"vc_column-inner \"><div class=\"wpb_wrapper\">\r\n\t<div class=\"wpb_text_column wpb_content_element \" >\r\n\t\t<div class=\"wpb_wrapper\">\r\n\t\t\t<h4 style=\"text-align: center;\">F\u00f3rmula Molecular<\/h4>\n<h3 style=\"text-align: center;\">NaClO<\/h3>\n\r\n\t\t<\/div>\r\n\t<\/div>\r\n<\/div><\/div><\/div><div class=\"wpb_column vc_column_container vc_col-sm-1\/5\"><div class=\"vc_column-inner \"><div class=\"wpb_wrapper\">\r\n\t<div class=\"wpb_text_column wpb_content_element \" >\r\n\t\t<div class=\"wpb_wrapper\">\r\n\t\t\t<h4 style=\"text-align: center;\">Estrutura<\/h4>\n<p><img loading=\"lazy\" decoding=\"async\" class=\"wp-image-13211 aligncenter\" src=\"http:\/\/avanziquimica.com.br\/wp-content\/uploads\/2019\/06\/17236517-sodium-hypochlorite-naocl-chemical-structure-naocl-is-used-in-household-bleach-in-water-treatment-an-300x300.png\" alt=\"\" width=\"106\" height=\"106\" srcset=\"https:\/\/avanziquimica.com.br\/wp-content\/uploads\/2019\/06\/17236517-sodium-hypochlorite-naocl-chemical-structure-naocl-is-used-in-household-bleach-in-water-treatment-an-300x300.png 300w, https:\/\/avanziquimica.com.br\/wp-content\/uploads\/2019\/06\/17236517-sodium-hypochlorite-naocl-chemical-structure-naocl-is-used-in-household-bleach-in-water-treatment-an-150x150.png 150w, https:\/\/avanziquimica.com.br\/wp-content\/uploads\/2019\/06\/17236517-sodium-hypochlorite-naocl-chemical-structure-naocl-is-used-in-household-bleach-in-water-treatment-an-768x768.png 768w, https:\/\/avanziquimica.com.br\/wp-content\/uploads\/2019\/06\/17236517-sodium-hypochlorite-naocl-chemical-structure-naocl-is-used-in-household-bleach-in-water-treatment-an-1024x1024.png 1024w, https:\/\/avanziquimica.com.br\/wp-content\/uploads\/2019\/06\/17236517-sodium-hypochlorite-naocl-chemical-structure-naocl-is-used-in-household-bleach-in-water-treatment-an-750x750.png 750w, https:\/\/avanziquimica.com.br\/wp-content\/uploads\/2019\/06\/17236517-sodium-hypochlorite-naocl-chemical-structure-naocl-is-used-in-household-bleach-in-water-treatment-an-540x540.png 540w, https:\/\/avanziquimica.com.br\/wp-content\/uploads\/2019\/06\/17236517-sodium-hypochlorite-naocl-chemical-structure-naocl-is-used-in-household-bleach-in-water-treatment-an-960x970.png 960w, https:\/\/avanziquimica.com.br\/wp-content\/uploads\/2019\/06\/17236517-sodium-hypochlorite-naocl-chemical-structure-naocl-is-used-in-household-bleach-in-water-treatment-an-780x790.png 780w, https:\/\/avanziquimica.com.br\/wp-content\/uploads\/2019\/06\/17236517-sodium-hypochlorite-naocl-chemical-structure-naocl-is-used-in-household-bleach-in-water-treatment-an-600x600.png 600w, https:\/\/avanziquimica.com.br\/wp-content\/uploads\/2019\/06\/17236517-sodium-hypochlorite-naocl-chemical-structure-naocl-is-used-in-household-bleach-in-water-treatment-an-100x100.png 100w, https:\/\/avanziquimica.com.br\/wp-content\/uploads\/2019\/06\/17236517-sodium-hypochlorite-naocl-chemical-structure-naocl-is-used-in-household-bleach-in-water-treatment-an.png 1300w\" sizes=\"(max-width: 106px) 100vw, 106px\" \/><\/p>\n\r\n\t\t<\/div>\r\n\t<\/div>\r\n<\/div><\/div><\/div><\/div><div class=\"vc_row wpb_row vc_row-fluid\"><div class=\"wpb_column vc_column_container vc_col-sm-12\"><div class=\"vc_column-inner \"><div class=\"wpb_wrapper\"><div class=\"vc_empty_space\"   style=\"height: 32px\"><span class=\"vc_empty_space_inner\"><\/span><\/div><\/div><\/div><\/div><\/div><div class=\"vc_row wpb_row vc_row-fluid\"><div class=\"wpb_column vc_column_container vc_col-sm-12\"><div class=\"vc_column-inner \"><div class=\"wpb_wrapper\"><div class='dt-sc-tabs-horizontal-container ' data-effect='fade'><ul class='dt-sc-tabs-horizontal'><li><a href=\"javascript:void(0);\">SIN\u00d4NIMO<\/a><\/li><li><a href=\"javascript:void(0);\">APAR\u00caNCIA<\/a><\/li><li><a href=\"javascript:void(0);\">PROPRIEDADES F\u00cdSICO-QU\u00cdMICAS E AMBIENTAIS<\/a><\/li><li><a href=\"javascript:void(0);\">INFORMA\u00c7\u00d5ES SOBRE INTOXICA\u00c7\u00c3O HUMANA<\/a><\/li><li><a href=\"javascript:void(0);\">APLICA\u00c7\u00d5ES<\/a><\/li><\/ul><div class='dt-sc-tabs-horizontal-content'><ol class='dt-sc-fancy-list   decimal'>\n<li><span>\u00a0CLOROX<\/span><\/li>\n<li><span>\u00a0L\u00cdQUIDO BRANQUEADOR<\/span><\/li>\n<li><span>\u00a0HIPOCLORITO, SOLU\u00c7\u00c3O<\/span><\/li>\n<\/ol><\/div><div class='dt-sc-tabs-horizontal-content'><ol class='dt-sc-fancy-list   decimal'>\n<li><span>L\u00cdQUIDO AQUOSO;<\/span><\/li>\n<li><span>VERDE PARA AMARELO;<\/span><\/li>\n<li><span>ODOR DE C\u00c2NDIDA<\/span><\/li>\n<\/ol><\/div><div class='dt-sc-tabs-horizontal-content'><ul class='dt-sc-fancy-list   arrow'>\n<li><strong>pH :<\/strong> 12\nTemperaturas Espec\u00edficas ou Faixas de Temperaturas nas quais ocorrem\nmudan\u00e7as do Estado F\u00edsico.\n<strong>Ponto de fus\u00e3o\/Ponto de congelamento<\/strong> : N\u00e3o aplic\u00e1vel<\/li>\n<li><strong>Ponto de Ebuli\u00e7\u00e3o:<\/strong> 110,0\u00baC a 760 mmHg<\/li>\n<li><strong>Ponto de fulgor:<\/strong> N\u00e3o determinado<\/li>\n<li><strong>Taxa de Evapora\u00e7\u00e3o:<\/strong> N\u00e3o dispon\u00edvel<\/li>\n<li><strong>Inflamabilidade (s\u00f3lido; g<\/strong>\u00e1s): N\u00e3o inflam\u00e1vel<\/li>\n<li><strong>Limites inferior e superior de inflamabilidade ou explosividade<\/strong>: N\u00e3o inflam\u00e1vel<\/li>\n<li><strong>Press\u00e3o de vapor:<\/strong> N\u00e3o dispon\u00edvel<\/li>\n<li><strong>\u00a0Densidade do vapor :<\/strong> N\u00e3o dispon\u00edvel<\/li>\n<li><strong>Densidade relativa<\/strong>: N\u00e3o dispon\u00edvel<\/li>\n<li><strong>\u00a0Solubilidade(s)<\/strong>: Misc\u00edvel em \u00e1gua<\/li>\n<li><strong>\u00a0Coeficiente de parti\u00e7\u00e3o-n-octanol\/\u00e1gua<\/strong> : N\u00e3o dispon\u00edvel<\/li>\n<li><strong>Temperatura de auto igni\u00e7\u00e3o:<\/strong> N\u00e3o dispon\u00edvel<\/li>\n<li><strong>\u00a0Temperatura de decomposi\u00e7\u00e3o<\/strong>: N\u00e3o dispon\u00edvel<\/li>\n<li><strong>\u00a0Viscosidade:<\/strong> N\u00e3o dispon\u00edvel<\/li>\n<li><strong>Outras informa\u00e7\u00f5es:<\/strong> Densidade 1,20 g\/cm 3 a 20\u00b0C<\/li>\n<\/ul><\/div><div class='dt-sc-tabs-horizontal-content'>\r\n\t<div class=\"wpb_text_column wpb_content_element \" >\r\n\t\t<div class=\"wpb_wrapper\">\r\n\t\t\t<p>Toxicidade aguda:<br \/>\nNocivo se ingerido.<br \/>\nDL50 (oral, camundongos): 880 mg\/kg<br \/>\nCorros\u00e3o\/irrita\u00e7\u00e3o da pele:<br \/>\nProvoca queimadura severa \u00e0 pele com dor, forma\u00e7\u00e3o de bolhas e<br \/>\ndescama\u00e7\u00e3o.<br \/>\nLes\u00f5es oculares graves\/irrita\u00e7\u00e3o ocular:<br \/>\nProvoca les\u00f5es oculares graves com dor, lacrimejamento, podendo levar \u00e0 cegueira.<br \/>\nSensibiliza\u00e7\u00e3o respirat\u00f3ria ou da pele:<br \/>\nQuando inalado pode provocar sintomas al\u00e9rgicos, de asma ou dificuldades<br \/>\nrespirat\u00f3rias com falta de ar e cansa\u00e7o. Pode provocar rea\u00e7\u00f5es al\u00e9rgicas na<br \/>\npele com prurido e dermatose.<br \/>\nMutagenicidade em c\u00e9lulas germinativas:<br \/>\nN\u00e3o \u00e9 esperado que o produto apresente mutagenicidade em c\u00e9lulas<br \/>\ngerminativas.<br \/>\nCarcinogenicidade:<br \/>\nN\u00e3o \u00e9 esperado que o produto apresente carcinogenicidade.<br \/>\nToxicidade \u00e0 reprodu\u00e7\u00e3o:<br \/>\nN\u00e3o \u00e9 esperado que o produto apresente toxicidade \u00e0 reprodu\u00e7\u00e3o.<br \/>\nToxicidade para \u00f3rg\u00e3os-alvo espec\u00edficos \u2013 exposi\u00e7\u00e3o \u00fanica:<br \/>\nN\u00e3o \u00e9 esperado que o produto apresente toxicidade ao \u00f3rg\u00e3o-alvo espec\u00edfico<br \/>\npor exposi\u00e7\u00e3o \u00fanica.<br \/>\nToxicidade para \u00f3rg\u00e3os-alvo espec\u00edficos \u2013 exposi\u00e7\u00e3o repetida:<br \/>\nN\u00e3o \u00e9 esperado que o produto apresente toxicidade ao \u00f3rg\u00e3o-alvo espec\u00edfico<br \/>\npor exposi\u00e7\u00e3o repetida ou prolongada.<br \/>\nPerigo por aspira\u00e7\u00e3o:<br \/>\nN\u00e3o \u00e9 esperado que o produto apresente perigo por aspira\u00e7\u00e3o.<\/p>\n\r\n\t\t<\/div>\r\n\t<\/div>\r\n<\/div><div class='dt-sc-tabs-horizontal-content'>\r\n\t<div class=\"wpb_text_column wpb_content_element \" >\r\n\t\t<div class=\"wpb_wrapper\">\r\n\t\t\t<ul>\n<li>BRANQUEAMENTO DE CELULOSE;<\/li>\n<li>PURIFICA\u00c7\u00c3O DA \u00c1GUA;<\/li>\n<li>FUNGICIDA;<\/li>\n<li>LAVANDERIAS;<\/li>\n<li>ALVEJANTE DOMESTICO;<\/li>\n<li>OBTEN\u00c7\u00c3O DE PRODUTOS QU\u00cdMICOS ORG\u00c2NICOS.<\/li>\n<\/ul>\n\r\n\t\t<\/div>\r\n\t<\/div>\r\n<\/div><\/div><div class=\"vc_empty_space\"   style=\"height: 32px\"><span class=\"vc_empty_space_inner\"><\/span><\/div><\/div><\/div><\/div><\/div><div class=\"vc_row wpb_row vc_row-fluid\"><div class=\"wpb_column vc_column_container vc_col-sm-6\"><div class=\"vc_column-inner \"><div class=\"wpb_wrapper\"><div class='dt-sc-titled-box  '><h6 class='dt-sc-titled-box-title' > <span class='fa fa-info-circle'><\/span> Informa\u00e7\u00f5es<\/h6><div class='dt-sc-titled-box-content'>Hipoclorito de s\u00f3dio \u00e9 um composto qu\u00edmico com f\u00f3rmula NaClO. Uma solu\u00e7\u00e3o de hipoclorito de s\u00f3dio \u00e9 usada frequentemente como desinfetante e como agente alvejante; na verdade, \u00e9 frequentemente chamado por apenas &#8220;alvejante&#8221;, embora outros produtos qu\u00edmicos sejam chamados assim tamb\u00e9m.\u00a0\u00a0O composto anidro \u00e9 inst\u00e1vel e pode decompor-se explosivamente. Por\u00e9m, ele pode ser cristalizado na forma do pentahidrato NaOCl\u00b75H2O, um s\u00f3lido branco com cor levemente verde-amarelada, que n\u00e3o \u00e9 explosivo e \u00e9 est\u00e1vel enquanto mantido sob refrigera\u00e7\u00e3o. O composto, em solu\u00e7\u00e3o, facilmente decomp\u00f5e-se, liberando cloro, que \u00e9 o pr\u00edncipio ativo de tais produtos. De fato, o hipoclorito de s\u00f3dio \u00e9 o mais antigo, e ainda o mais importante, alvejante \u00e0 base de cloro.\nAo passo que o hipoclorito de s\u00f3dio n\u00e3o \u00e9 propriamente t\u00f3xico por si s\u00f3, sua disponibilidade comum, suas propriedades corrosivas, e os produtos de rea\u00e7\u00f5es podem torn\u00e1-lo um risco significativo \u00e0 seguran\u00e7a. Particularmente, misturar \u00e1gua sanit\u00e1ria l\u00edquida com outros produtos de limpeza, como \u00e1cidos ou am\u00f4nia, pode liberar gases t\u00f3xicos.<\/div><\/div><div class=\"vc_empty_space\"   style=\"height: 32px\"><span class=\"vc_empty_space_inner\"><\/span><\/div><div class='dt-sc-titled-box  '><h6 class='dt-sc-titled-box-title' > <span class='fa fa-info-circle'><\/span> Tipos de Utiliza\u00e7\u00e3o<\/h6><div class='dt-sc-titled-box-content'>No alvejante de uso dom\u00e9stico, o hipoclorito de s\u00f3dio \u00e9 usado para a remo\u00e7\u00e3o de manchas de roupas sujas.\nUma dilui\u00e7\u00e3o de 1:5 de alvejante dom\u00e9stico em \u00e1gua (1 parte de alvejante para 4 de \u00e1gua) \u00e9 eficaz contra diversas bact\u00e9rias e alguns v\u00edrus, e \u00e9 frequentemente o desinfetante de prefer\u00eancia para limpar superf\u00edcies em hospitais.\nO hipoclorito de s\u00f3dio tem sido usado na desinfec\u00e7\u00e3o de \u00e1gua pot\u00e1vel\u00a0 e\u00a0 para desinfec\u00e7\u00f5es de emerg\u00eancia.\nO hipoclorito tamb\u00e9m \u00e9 usado na Odontologia, durante o tratamento de canal, para desinfetar o canal e dissolver qualquer resto de tecido da polpa do dente.\nTamb\u00e9m \u00e9 usado na produ\u00e7\u00e3o de placas PCB, onde sua propriedade corrosiva demarca o trilhamento de cada camada da placa.<\/div><\/div><\/div><\/div><\/div><div class=\"wpb_column vc_column_container vc_col-sm-6\"><div class=\"vc_column-inner \"><div class=\"wpb_wrapper\"><div class='dt-sc-titled-box  '><h6 class='dt-sc-titled-box-title' > <span class='fa fa-info-circle'><\/span> Embalagens<\/h6><div class='dt-sc-titled-box-content'><\/div><\/div><div class=\"vc_empty_space\"   style=\"height: 32px\"><span class=\"vc_empty_space_inner\"><\/span><\/div><div class='dt-sc-titled-box  '><h6 class='dt-sc-titled-box-title' > <span class='fa fa-info-circle'><\/span> Informa\u00e7\u00f5es T\u00e9cnica<\/h6><div class='dt-sc-titled-box-content'><\/div><\/div>\n\t<div  class=\"wpb_single_image wpb_content_element vc_align_center wpb_content_element\">\n\t\t<h2 class=\"wpb_heading wpb_singleimage_heading\">FISPQ - Hipoclorito de S\u00f3dio<\/h2>\n\t\t<figure class=\"wpb_wrapper vc_figure\">\n\t\t\t<a href=\"http:\/\/avanziquimica.com.br\/wp-content\/uploads\/2019\/06\/hipoclorito-de-s\u00f3dio.pdf\" target=\"_self\" class=\"vc_single_image-wrapper   vc_box_border_grey\"><img loading=\"lazy\" decoding=\"async\" width=\"150\" height=\"150\" src=\"https:\/\/avanziquimica.com.br\/wp-content\/uploads\/2019\/06\/pdf-150x150.png\" class=\"vc_single_image-img attachment-thumbnail\" alt=\"\" title=\"pdf\" srcset=\"https:\/\/avanziquimica.com.br\/wp-content\/uploads\/2019\/06\/pdf-150x150.png 150w, https:\/\/avanziquimica.com.br\/wp-content\/uploads\/2019\/06\/pdf-100x100.png 100w, https:\/\/avanziquimica.com.br\/wp-content\/uploads\/2019\/06\/pdf.png 256w\" sizes=\"(max-width: 150px) 100vw, 150px\" \/><\/a>\n\t\t<\/figure>\n\t<\/div>\n<\/div><\/div><\/div><\/div>\n<\/div>","protected":false},"excerpt":{"rendered":"R\u00f3tulo de Risco N\u00famero ONU 80 1791 CAS n\u00ba 7681-52-9 F\u00f3rmula Molecular NaClO Estrutura SIN\u00d4NIMOAPAR\u00caNCIAPROPRIEDADES F\u00cdSICO-QU\u00cdMICAS E AMBIENTAISINFORMA\u00c7\u00d5ES SOBRE INTOXICA\u00c7\u00c3O HUMANAAPLICA\u00c7\u00d5ES \u00a0CLOROX \u00a0L\u00cdQUIDO BRANQUEADOR \u00a0HIPOCLORITO, SOLU\u00c7\u00c3O L\u00cdQUIDO AQUOSO; VERDE PARA AMARELO; ODOR DE C\u00c2NDIDA pH : 12 Temperaturas Espec\u00edficas ou Faixas de Temperaturas nas quais ocorrem mudan\u00e7as do Estado F\u00edsico. Ponto de fus\u00e3o\/Ponto de congelamento [...]","protected":false},"author":1,"featured_media":0,"parent":0,"menu_order":0,"comment_status":"closed","ping_status":"closed","template":"","meta":{"footnotes":""},"class_list":["post-12652","page","type-page","status-publish","hentry"],"aioseo_notices":[],"_links":{"self":[{"href":"https:\/\/avanziquimica.com.br\/index.php?rest_route=\/wp\/v2\/pages\/12652","targetHints":{"allow":["GET"]}}],"collection":[{"href":"https:\/\/avanziquimica.com.br\/index.php?rest_route=\/wp\/v2\/pages"}],"about":[{"href":"https:\/\/avanziquimica.com.br\/index.php?rest_route=\/wp\/v2\/types\/page"}],"author":[{"embeddable":true,"href":"https:\/\/avanziquimica.com.br\/index.php?rest_route=\/wp\/v2\/users\/1"}],"replies":[{"embeddable":true,"href":"https:\/\/avanziquimica.com.br\/index.php?rest_route=%2Fwp%2Fv2%2Fcomments&post=12652"}],"version-history":[{"count":1,"href":"https:\/\/avanziquimica.com.br\/index.php?rest_route=\/wp\/v2\/pages\/12652\/revisions"}],"predecessor-version":[{"id":13956,"href":"https:\/\/avanziquimica.com.br\/index.php?rest_route=\/wp\/v2\/pages\/12652\/revisions\/13956"}],"wp:attachment":[{"href":"https:\/\/avanziquimica.com.br\/index.php?rest_route=%2Fwp%2Fv2%2Fmedia&parent=12652"}],"curies":[{"name":"wp","href":"https:\/\/api.w.org\/{rel}","templated":true}]}}