{"id":12714,"date":"2019-05-03T18:40:13","date_gmt":"2019-05-03T18:40:13","guid":{"rendered":"https:\/\/avanziquimica.com.br\/?page_id=12714"},"modified":"2019-06-03T21:51:31","modified_gmt":"2019-06-03T21:51:31","slug":"alcool-etilico-96","status":"publish","type":"page","link":"https:\/\/avanziquimica.com.br\/?page_id=12714","title":{"rendered":"\u00c1lcool Et\u00edlico 96\u00b0"},"content":{"rendered":"<div class=\"wpb-content-wrapper\"><div class=\"vc_row wpb_row vc_row-fluid\"><div class=\"wpb_column vc_column_container vc_col-sm-1\/5\"><div class=\"vc_column-inner \"><div class=\"wpb_wrapper\">\r\n\t<div class=\"wpb_text_column wpb_content_element \" >\r\n\t\t<div class=\"wpb_wrapper\">\r\n\t\t\t<h4 style=\"text-align: center;\">R\u00f3tulo de Risco<\/h4>\n<p><img decoding=\"async\" class=\"wp-image-13033 aligncenter\" src=\"http:\/\/avanziquimica.com.br\/wp-content\/uploads\/2019\/06\/Flame_big.png\" alt=\"\" width=\"75\" height=\"74\" srcset=\"https:\/\/avanziquimica.com.br\/wp-content\/uploads\/2019\/06\/Flame_big.png 225w, https:\/\/avanziquimica.com.br\/wp-content\/uploads\/2019\/06\/Flame_big-150x150.png 150w, https:\/\/avanziquimica.com.br\/wp-content\/uploads\/2019\/06\/Flame_big-100x100.png 100w\" sizes=\"(max-width: 75px) 100vw, 75px\" \/><\/p>\n\r\n\t\t<\/div>\r\n\t<\/div>\r\n<\/div><\/div><\/div><div class=\"wpb_column vc_column_container vc_col-sm-1\/5\"><div class=\"vc_column-inner \"><div class=\"wpb_wrapper\">\r\n\t<div class=\"wpb_text_column wpb_content_element \" >\r\n\t\t<div class=\"wpb_wrapper\">\r\n\t\t\t<h4 style=\"text-align: center;\">N\u00famero ONU<\/h4>\n<h3 style=\"text-align: center;\">30<\/h3>\n<h3 style=\"text-align: center;\">1170<\/h3>\n\r\n\t\t<\/div>\r\n\t<\/div>\r\n<\/div><\/div><\/div><div class=\"wpb_column vc_column_container vc_col-sm-1\/5\"><div class=\"vc_column-inner \"><div class=\"wpb_wrapper\">\r\n\t<div class=\"wpb_text_column wpb_content_element \" >\r\n\t\t<div class=\"wpb_wrapper\">\r\n\t\t\t<h4 style=\"text-align: center;\">CAS n\u00ba<\/h4>\n<h3 style=\"text-align: center;\">64-17-5<\/h3>\n\r\n\t\t<\/div>\r\n\t<\/div>\r\n<\/div><\/div><\/div><div class=\"wpb_column vc_column_container vc_col-sm-1\/5\"><div class=\"vc_column-inner \"><div class=\"wpb_wrapper\">\r\n\t<div class=\"wpb_text_column wpb_content_element \" >\r\n\t\t<div class=\"wpb_wrapper\">\r\n\t\t\t<h4 style=\"text-align: center;\">F\u00f3rmula Molecular<\/h4>\n<h3 style=\"text-align: center;\">C2 H6 O<\/h3>\n\r\n\t\t<\/div>\r\n\t<\/div>\r\n<\/div><\/div><\/div><div class=\"wpb_column vc_column_container vc_col-sm-1\/5\"><div class=\"vc_column-inner \"><div class=\"wpb_wrapper\">\r\n\t<div class=\"wpb_text_column wpb_content_element \" >\r\n\t\t<div class=\"wpb_wrapper\">\r\n\t\t\t<h4 style=\"text-align: center;\">Estrutura<\/h4>\n<p><img decoding=\"async\" class=\"wp-image-13132 aligncenter\" src=\"http:\/\/avanziquimica.com.br\/wp-content\/uploads\/2019\/06\/GettyImages-136810090-56a133b25f9b58b7d0bcfd93-300x300.jpg\" alt=\"\" width=\"144\" height=\"143\" srcset=\"https:\/\/avanziquimica.com.br\/wp-content\/uploads\/2019\/06\/GettyImages-136810090-56a133b25f9b58b7d0bcfd93-300x300.jpg 300w, https:\/\/avanziquimica.com.br\/wp-content\/uploads\/2019\/06\/GettyImages-136810090-56a133b25f9b58b7d0bcfd93-150x150.jpg 150w, https:\/\/avanziquimica.com.br\/wp-content\/uploads\/2019\/06\/GettyImages-136810090-56a133b25f9b58b7d0bcfd93.jpg 768w, https:\/\/avanziquimica.com.br\/wp-content\/uploads\/2019\/06\/GettyImages-136810090-56a133b25f9b58b7d0bcfd93-750x750.jpg 750w, https:\/\/avanziquimica.com.br\/wp-content\/uploads\/2019\/06\/GettyImages-136810090-56a133b25f9b58b7d0bcfd93-540x540.jpg 540w, https:\/\/avanziquimica.com.br\/wp-content\/uploads\/2019\/06\/GettyImages-136810090-56a133b25f9b58b7d0bcfd93-600x600.jpg 600w, https:\/\/avanziquimica.com.br\/wp-content\/uploads\/2019\/06\/GettyImages-136810090-56a133b25f9b58b7d0bcfd93-100x100.jpg 100w\" sizes=\"(max-width: 144px) 100vw, 144px\" \/><\/p>\n\r\n\t\t<\/div>\r\n\t<\/div>\r\n<\/div><\/div><\/div><\/div><div class=\"vc_row wpb_row vc_row-fluid\"><div class=\"wpb_column vc_column_container vc_col-sm-12\"><div class=\"vc_column-inner \"><div class=\"wpb_wrapper\"><div class=\"vc_empty_space\"   style=\"height: 32px\"><span class=\"vc_empty_space_inner\"><\/span><\/div><\/div><\/div><\/div><\/div><div class=\"vc_row wpb_row vc_row-fluid\"><div class=\"wpb_column vc_column_container vc_col-sm-12\"><div class=\"vc_column-inner \"><div class=\"wpb_wrapper\"><div class='dt-sc-tabs-horizontal-container ' data-effect='fade'><ul class='dt-sc-tabs-horizontal'><li><a href=\"javascript:void(0);\">SIN\u00d4NIMO<\/a><\/li><li><a href=\"javascript:void(0);\">APAR\u00caNCIA<\/a><\/li><li><a href=\"javascript:void(0);\">PROPRIEDADES F\u00cdSICO-QU\u00cdMICAS E AMBIENTAIS<\/a><\/li><li><a href=\"javascript:void(0);\">APLICA\u00c7\u00d5ES<\/a><\/li><li><a href=\"javascript:void(0);\">INFORMA\u00c7\u00d5ES SOBRE INTOXICA\u00c7\u00c3O HUMANA<\/a><\/li><\/ul><div class='dt-sc-tabs-horizontal-content'><ul>\n<li><span>\u00c1LCOOL ET\u00cdLICO<\/span><\/li>\n<li><span>HIDR\u00d3XIDO ET\u00cdLICO<\/span><\/li>\n<\/ul><\/div><div class='dt-sc-tabs-horizontal-content'><ul>\n<li><span>PRODUTO L\u00cdQUIDO<\/span><\/li>\n<li><span>TRANSPARENTE \u00c0 TEMPERATURA AMBIENTE<\/span><\/li>\n<li><span>ISENTO DE MATERIAL EM SUSPENS\u00c3O<\/span><\/li>\n<li><span>INCOLOR<\/span><\/li>\n<\/ul><\/div><div class='dt-sc-tabs-horizontal-content'><ul class='dt-sc-fancy-list   arrow'>\n<li><strong>pH:<\/strong> 6,0 a 8,0<\/li>\n<li><strong>Temperaturas <\/strong><strong>espec\u00edficas ou faixas de <\/strong><strong>temperatura nas quais <\/strong><strong>ocorrem mudan\u00e7as de <\/strong><strong>estado f\u00edsico <\/strong><strong>Faixa de Destila\u00e7\u00e3o:<\/strong> 78 &#8211; 79 \u00baC a 760 mm Hg<\/li>\n<li><strong>Ponto de Ebuli\u00e7\u00e3o:<\/strong> 78 \u00baC<\/li>\n<li><strong>Ponto de Fus\u00e3o:<\/strong> &#8211; 118 \u00baC<\/li>\n<li><strong>Temperatura de Auto-igni\u00e7\u00e3o:<\/strong> &gt; 400 \u00baC<\/li>\n<li><strong>Ponto de fulgor:<\/strong> 15,8 \u00baC (Vaso aberto), 12,2 \u00baC (Vaso fechado).<\/li>\n<li><strong>Limites de explosividade<\/strong>\n<strong>LEI: (limite de explosividade inferior):<\/strong> 3,3 %\n<strong>LES: (limite de explosividade superior):<\/strong> 19,0 %<\/li>\n<li><strong>Press\u00e3o de Vapor:<\/strong> 44 mm Hg a 20 \u00baC<\/li>\n<li><strong>Densidade do Vapor:<\/strong> 1,59<\/li>\n<li><strong>Densidade:<\/strong> 0,8093 a 20,4 \u00baC<\/li>\n<li><strong>Solubilidade:<\/strong> Em \u00e1gua: Totalmente sol\u00favel, Solventes Org\u00e2nicos: Sol\u00favel.<\/li>\n<li><strong>Viscosidade:<\/strong> 1,20 cP a 20 \u00baC<\/li>\n<\/ul><\/div><div class='dt-sc-tabs-horizontal-content'>\r\n\t<div class=\"wpb_text_column wpb_content_element \" >\r\n\t\t<div class=\"wpb_wrapper\">\r\n\t\t\t<ul>\n<li>SOLVENTE PARA RESINAS, GORDURAS, \u00d3LEOS, \u00c1CIDOS GRAXOS, HIDROCARBONETOS, HIDR\u00d3XIDOS ALCALINOS;<\/li>\n<li>MEIO DE EXTRA\u00c7\u00c3O;<\/li>\n<li>FABRICA\u00c7\u00c3O DE INTERMEDI\u00c1RIOS, DERIVADOS ORG\u00c2NICOS, CORANTES;<\/li>\n<li>DROGAS SINT\u00c9TICAS;<\/li>\n<li>ELAST\u00d4MEROS;<\/li>\n<li>DETERGENTES;<\/li>\n<li>COSM\u00c9TICOS<\/li>\n<\/ul>\n\r\n\t\t<\/div>\r\n\t<\/div>\r\n<\/div><div class='dt-sc-tabs-horizontal-content'>\r\n\t<div class=\"wpb_text_column wpb_content_element \" >\r\n\t\t<div class=\"wpb_wrapper\">\r\n\t\t\t<p><strong>Informa\u00e7\u00f5es de acordo com as diferentes vias de exposi\u00e7\u00e3o:<\/strong> Sob uso normal a rota de exposi\u00e7\u00e3o do produto se d\u00e1 por inala\u00e7\u00e3o e contato com a pele.<br \/>\n<strong>Toxicidade aguda<\/strong><br \/>\n<strong>Inala\u00e7\u00e3o:<\/strong> Pode provocar irrita\u00e7\u00e3o da mucosa do trato respirat\u00f3rio.<br \/>\n<strong>Contato com a pele:<\/strong> N\u00e3o se espera irrita\u00e7\u00e3o significativa ou prolongada.<br \/>\n<strong>Contato com os olhos:<\/strong> Irrita\u00e7\u00e3o da conjuntiva. Eventual les\u00e3o da c\u00f3rnea.<br \/>\n<strong>Ingest\u00e3o:<\/strong> Quando ingerido pode provocar dor de cabe\u00e7a e sonol\u00eancia. Quando absorvido em altas doses pode<br \/>\nprovocar torpor, tontura, embriaguez, alucina\u00e7\u00f5es visuais, mal-estar, v\u00f4mitos, podendo evoluir at\u00e9 a perda total da consci\u00eancia. A ingest\u00e3o de Etanol industrial pode causar les\u00f5es g\u00e1stricas graves.<br \/>\n<strong>Efeitos:<\/strong> Contato continua e habituais com a pele de pessoas mais suscet\u00edveis pode originar dermatoses. Por ingest\u00e3o pode provocar les\u00f5es no f\u00edgado e p\u00e2ncreas.<br \/>\n<strong>Efeitos espec\u00edficos:<\/strong> O etanol possui propriedades narc\u00f3ticas. \u00c9 um depressor do Sistema Nervoso Central. O etanol industrial cont\u00e9m contaminantes que apresentam riscos particulares, como: metanol, fen\u00f3is, cres\u00f3is e etc.<br \/>\n<strong>Mutagenicidade em c\u00e9lulas germinativas:<\/strong> Pode provocar defeitos gen\u00e9ticos se ingerido. Estudos demonstram<br \/>\nresultado positivo em ensaios in vivo com c\u00e9lulas som\u00e1ticas germinativas de mam\u00edferos.<br \/>\n<strong>Carcinogenicidade:<\/strong> N\u00e3o \u00e9 esperado que o produto apresente carcinogenicidade.<br \/>\n<strong>Toxidade a reprodu\u00e7\u00e3o:<\/strong> Pode prejudicar a fertilidade ou feto se ingerido. Estudos demonstram que o etanol pode causar abortos espont\u00e2neos, assim como defeitos cong\u00eanitos e outros problemas de desenvolvimento.<br \/>\n<strong>Toxidade para \u00f3rg\u00e3os alvos espec\u00edficos \u2013 exposi\u00e7\u00e3o \u00fanica:<\/strong> Pode provocar irrita\u00e7\u00e3o das vias respirat\u00f3rias com<br \/>\ntosse e dor de garganta. Pode provocar sonol\u00eancia ou vertigem com n\u00e1useas. Pode provocar depress\u00e3o do sistema nervoso central com tontura, fadiga, sonol\u00eancia, confus\u00e3o, vertigem, dor de cabe\u00e7a, falta de coordena\u00e7\u00e3o motora e perda de consci\u00eancia por ingest\u00e3o.<br \/>\n<strong>Toxidade para \u00f3rg\u00e3os alvos espec\u00edficos \u2013 exposi\u00e7\u00e3o repetida:<\/strong> Pode provocar danos hep\u00e1ticos com ac\u00famulo de gordura no f\u00edgado e cirrose em caso de exposi\u00e7\u00e3o cr\u00f4nica se ingerido. Pode provocar efeitos no sistema nervoso central com tremores, irritabilidade, perda de concentra\u00e7\u00e3o e confus\u00e3o mental.<\/p>\n<p><strong> Indicadores Biol\u00f3gicos:<\/strong> N.A.<br \/>\n<strong>Outros limites e valores<\/strong><br \/>\n<strong>Concentra\u00e7\u00e3o Teto (TLV-C):<\/strong> N.E.<br \/>\n<strong>Concentra\u00e7\u00e3o Letal (CL50):<\/strong> Inala\u00e7\u00e3o: rato &#8211; 10 horas = 20.000 ppm<br \/>\n<strong>Dose Letal (DL50):<\/strong> rato-oral = 7.060 mg \/ kg; cachorro-oral = 6.000 mg \/ kg; Homem-oral =6.000 mg \/ kg.<br \/>\n<strong>Limiar de Odor:<\/strong> 10 ppm (N\u00e3o devemos usar o limite de odor com o par\u00e2metro de concentra\u00e7\u00e3o no ar, pois a<br \/>\nsensibilidade de olfato varia de pessoa a pessoa). IDHL: N.E.<br \/>\nObs.: Acima de 1.000 ppm (Etanol) pode causar dor de cabe\u00e7a, irrita\u00e7\u00e3o dos olhos, garganta e nariz.<\/p>\n\r\n\t\t<\/div>\r\n\t<\/div>\r\n<\/div><\/div><div class=\"vc_empty_space\"   style=\"height: 32px\"><span class=\"vc_empty_space_inner\"><\/span><\/div><\/div><\/div><\/div><\/div><div class=\"vc_row wpb_row vc_row-fluid\"><div class=\"wpb_column vc_column_container vc_col-sm-6\"><div class=\"vc_column-inner \"><div class=\"wpb_wrapper\"><div class='dt-sc-titled-box  '><h6 class='dt-sc-titled-box-title' > <span class='fa fa-info-circle'><\/span> Informa\u00e7\u00f5es<\/h6><div class='dt-sc-titled-box-content'>Etanol, tamb\u00e9m chamado de \u00e1lcool et\u00edlico, \u00e1lcool de cereais ou \u00e1lcool, um membro de uma classe de compostos org\u00e2nicos que recebem o nome geral de \u00e1lcoois; sua f\u00f3rmula molecular \u00e9 C2H5OH.<\/div><\/div><div class=\"vc_empty_space\"   style=\"height: 32px\"><span class=\"vc_empty_space_inner\"><\/span><\/div><div class='dt-sc-titled-box  '><h6 class='dt-sc-titled-box-title' > <span class='fa fa-info-circle'><\/span> Tipos de Utiliza\u00e7\u00e3o<\/h6><div class='dt-sc-titled-box-content'>O etanol \u00e9 um importante produto qu\u00edmico industrial; \u00e9 usado como solvente, na s\u00edntese de outros produtos qu\u00edmicos org\u00e2nicos e como um aditivo para a gasolina automotiva (formando uma mistura conhecida como gasohol). O etanol tamb\u00e9m \u00e9 o ingrediente inebriante de muitas bebidas alco\u00f3licas, como cerveja, vinho e destilados.\n&nbsp;<\/div><\/div><\/div><\/div><\/div><div class=\"wpb_column vc_column_container vc_col-sm-6\"><div class=\"vc_column-inner \"><div class=\"wpb_wrapper\"><div class='dt-sc-titled-box  '><h6 class='dt-sc-titled-box-title' > <span class='fa fa-info-circle'><\/span> Embalagens<\/h6><div class='dt-sc-titled-box-content'><\/div><\/div><div class=\"vc_empty_space\"   style=\"height: 32px\"><span class=\"vc_empty_space_inner\"><\/span><\/div><div class='dt-sc-titled-box  '><h6 class='dt-sc-titled-box-title' > <span class='fa fa-info-circle'><\/span> Informa\u00e7\u00f5es T\u00e9cnicas<\/h6><div class='dt-sc-titled-box-content'><\/div><\/div>\n\t<div  class=\"wpb_single_image wpb_content_element vc_align_center wpb_content_element\">\n\t\t<h2 class=\"wpb_heading wpb_singleimage_heading\">FISPQ - \u00c1lcool Et\u00edlico<\/h2>\n\t\t<figure class=\"wpb_wrapper vc_figure\">\n\t\t\t<a href=\"http:\/\/avanziquimica.com.br\/wp-content\/uploads\/2019\/06\/\u00c1lcool-Etilico.pdf\" target=\"_self\" class=\"vc_single_image-wrapper   vc_box_border_grey\"><img decoding=\"async\" width=\"150\" height=\"150\" src=\"https:\/\/avanziquimica.com.br\/wp-content\/uploads\/2019\/06\/pdf-150x150.png\" class=\"vc_single_image-img attachment-thumbnail\" alt=\"\" title=\"pdf\" srcset=\"https:\/\/avanziquimica.com.br\/wp-content\/uploads\/2019\/06\/pdf-150x150.png 150w, https:\/\/avanziquimica.com.br\/wp-content\/uploads\/2019\/06\/pdf-100x100.png 100w, https:\/\/avanziquimica.com.br\/wp-content\/uploads\/2019\/06\/pdf.png 256w\" sizes=\"(max-width: 150px) 100vw, 150px\" \/><\/a>\n\t\t<\/figure>\n\t<\/div>\n<\/div><\/div><\/div><\/div>\n<\/div>","protected":false},"excerpt":{"rendered":"R\u00f3tulo de Risco N\u00famero ONU 30 1170 CAS n\u00ba 64-17-5 F\u00f3rmula Molecular C2 H6 O Estrutura SIN\u00d4NIMOAPAR\u00caNCIAPROPRIEDADES F\u00cdSICO-QU\u00cdMICAS E AMBIENTAISAPLICA\u00c7\u00d5ESINFORMA\u00c7\u00d5ES SOBRE INTOXICA\u00c7\u00c3O HUMANA \u00c1LCOOL ET\u00cdLICO HIDR\u00d3XIDO ET\u00cdLICO PRODUTO L\u00cdQUIDO TRANSPARENTE \u00c0 TEMPERATURA AMBIENTE ISENTO DE MATERIAL EM SUSPENS\u00c3O INCOLOR pH: 6,0 a 8,0 Temperaturas espec\u00edficas ou faixas de temperatura nas quais ocorrem mudan\u00e7as de estado [...]","protected":false},"author":1,"featured_media":0,"parent":0,"menu_order":0,"comment_status":"closed","ping_status":"closed","template":"","meta":{"footnotes":""},"class_list":["post-12714","page","type-page","status-publish","hentry"],"aioseo_notices":[],"_links":{"self":[{"href":"https:\/\/avanziquimica.com.br\/index.php?rest_route=\/wp\/v2\/pages\/12714","targetHints":{"allow":["GET"]}}],"collection":[{"href":"https:\/\/avanziquimica.com.br\/index.php?rest_route=\/wp\/v2\/pages"}],"about":[{"href":"https:\/\/avanziquimica.com.br\/index.php?rest_route=\/wp\/v2\/types\/page"}],"author":[{"embeddable":true,"href":"https:\/\/avanziquimica.com.br\/index.php?rest_route=\/wp\/v2\/users\/1"}],"replies":[{"embeddable":true,"href":"https:\/\/avanziquimica.com.br\/index.php?rest_route=%2Fwp%2Fv2%2Fcomments&post=12714"}],"version-history":[{"count":0,"href":"https:\/\/avanziquimica.com.br\/index.php?rest_route=\/wp\/v2\/pages\/12714\/revisions"}],"wp:attachment":[{"href":"https:\/\/avanziquimica.com.br\/index.php?rest_route=%2Fwp%2Fv2%2Fmedia&parent=12714"}],"curies":[{"name":"wp","href":"https:\/\/api.w.org\/{rel}","templated":true}]}}