{"id":12733,"date":"2019-05-05T12:16:06","date_gmt":"2019-05-05T12:16:06","guid":{"rendered":"https:\/\/avanziquimica.com.br\/?page_id=12733"},"modified":"2019-06-03T15:02:34","modified_gmt":"2019-06-03T15:02:34","slug":"acido-fosforico-85-alimenticio","status":"publish","type":"page","link":"https:\/\/avanziquimica.com.br\/?page_id=12733","title":{"rendered":"\u00c1cido Fosf\u00f3rico 85% Aliment\u00edcio"},"content":{"rendered":"<div class=\"wpb-content-wrapper\"><div class=\"vc_row wpb_row vc_row-fluid\"><div class=\"wpb_column vc_column_container vc_col-sm-1\/5\"><div class=\"vc_column-inner \"><div class=\"wpb_wrapper\">\r\n\t<div class=\"wpb_text_column wpb_content_element \" >\r\n\t\t<div class=\"wpb_wrapper\">\r\n\t\t\t<h4 style=\"text-align: center;\">R\u00f3tulo de Risco<\/h4>\n<p><img decoding=\"async\" class=\"wp-image-13029 aligncenter\" src=\"http:\/\/avanziquimica.com.br\/wp-content\/uploads\/2019\/06\/Corrosion.png\" alt=\"\" width=\"65\" height=\"65\" srcset=\"https:\/\/avanziquimica.com.br\/wp-content\/uploads\/2019\/06\/Corrosion.png 225w, https:\/\/avanziquimica.com.br\/wp-content\/uploads\/2019\/06\/Corrosion-150x150.png 150w, https:\/\/avanziquimica.com.br\/wp-content\/uploads\/2019\/06\/Corrosion-100x100.png 100w\" sizes=\"(max-width: 65px) 100vw, 65px\" \/><\/p>\n\r\n\t\t<\/div>\r\n\t<\/div>\r\n<\/div><\/div><\/div><div class=\"wpb_column vc_column_container vc_col-sm-1\/5\"><div class=\"vc_column-inner \"><div class=\"wpb_wrapper\">\r\n\t<div class=\"wpb_text_column wpb_content_element \" >\r\n\t\t<div class=\"wpb_wrapper\">\r\n\t\t\t<h4 style=\"text-align: center;\">N\u00famero ONU<\/h4>\n<h3 style=\"text-align: center;\"><strong>80<\/strong><\/h3>\n<h3 style=\"text-align: center;\"><strong>1805<\/strong><\/h3>\n\r\n\t\t<\/div>\r\n\t<\/div>\r\n<\/div><\/div><\/div><div class=\"wpb_column vc_column_container vc_col-sm-1\/5\"><div class=\"vc_column-inner \"><div class=\"wpb_wrapper\">\r\n\t<div class=\"wpb_text_column wpb_content_element \" >\r\n\t\t<div class=\"wpb_wrapper\">\r\n\t\t\t<h4 style=\"text-align: center;\">CAS n\u00ba<\/h4>\n<h3 style=\"text-align: center;\">7664-38-2<\/h3>\n\r\n\t\t<\/div>\r\n\t<\/div>\r\n<\/div><\/div><\/div><div class=\"wpb_column vc_column_container vc_col-sm-1\/5\"><div class=\"vc_column-inner \"><div class=\"wpb_wrapper\">\r\n\t<div class=\"wpb_text_column wpb_content_element \" >\r\n\t\t<div class=\"wpb_wrapper\">\r\n\t\t\t<h4 style=\"text-align: center;\">F\u00f3rmula Molecular<\/h4>\n<h3 style=\"text-align: center;\"><strong>H3PO4<\/strong><\/h3>\n\r\n\t\t<\/div>\r\n\t<\/div>\r\n<\/div><\/div><\/div><div class=\"wpb_column vc_column_container vc_col-sm-1\/5\"><div class=\"vc_column-inner \"><div class=\"wpb_wrapper\">\r\n\t<div class=\"wpb_text_column wpb_content_element \" >\r\n\t\t<div class=\"wpb_wrapper\">\r\n\t\t\t<h4 style=\"text-align: center;\">Estrutura<\/h4>\n<p><img decoding=\"async\" class=\"wp-image-13109 aligncenter\" src=\"http:\/\/avanziquimica.com.br\/wp-content\/uploads\/2019\/06\/300px-Phosphoric-acid-3D-vdW-300x281.png\" alt=\"\" width=\"102\" height=\"96\" \/><\/p>\n\r\n\t\t<\/div>\r\n\t<\/div>\r\n<\/div><\/div><\/div><\/div><div class=\"vc_row wpb_row vc_row-fluid\"><div class=\"wpb_column vc_column_container vc_col-sm-12\"><div class=\"vc_column-inner \"><div class=\"wpb_wrapper\"><div class=\"vc_empty_space\"   style=\"height: 32px\"><span class=\"vc_empty_space_inner\"><\/span><\/div><\/div><\/div><\/div><\/div><div class=\"vc_row wpb_row vc_row-fluid\"><div class=\"wpb_column vc_column_container vc_col-sm-12\"><div class=\"vc_column-inner \"><div class=\"wpb_wrapper\"><div class='dt-sc-tabs-horizontal-container ' data-effect='fade'><ul class='dt-sc-tabs-horizontal'><li><a href=\"javascript:void(0);\">SIN\u00d4NIMO<\/a><\/li><li><a href=\"javascript:void(0);\">APAR\u00caNCIA<\/a><\/li><li><a href=\"javascript:void(0);\">INFORMA\u00c7\u00d5ES SOBRE INTOXICA\u00c7\u00c3O HUMANA<\/a><\/li><li><a href=\"javascript:void(0);\">PROPRIEDADES F\u00cdSICO-QU\u00cdMICAS E AMBIENTAIS<\/a><\/li><li><a href=\"javascript:void(0);\">APLICA\u00c7\u00d5ES<\/a><\/li><\/ul><div class='dt-sc-tabs-horizontal-content'><ul>\n<li><span>\u00c1CIDO FOSF\u00d3RICO ALIMENT\u00cdCIO<\/span><\/li>\n<li><span>\u00c1CIDO ORTOFOSF\u00d3RICO<\/span><\/li>\n<\/ul><\/div><div class='dt-sc-tabs-horizontal-content'><ol class='dt-sc-fancy-list   decimal'>\n<li><span>L\u00cdQUIDO<\/span><\/li>\n<li><span>INCOLOR<\/span><\/li>\n<li><span>INODORO<\/span><\/li>\n<\/ol><\/div><div class='dt-sc-tabs-horizontal-content'>\r\n\t<div class=\"wpb_text_column wpb_content_element \" >\r\n\t\t<div class=\"wpb_wrapper\">\r\n\t\t\t<p><strong>Toxicidade aguda: LD50, Oral-rato:<\/strong> 1.530 mg\/kg (U.S. National Library ofMedicine).<br \/>\nProvoca severas queimaduras na mucosa da boca, faringe es\u00f4fago e aparelho gastrointestinalcom possibilidade de perfura\u00e7\u00e3o do tubo digestivo. Necrose no es\u00f4fago e est\u00f4mago, diarreiasanguinolenta, hemat\u00eamese, ulcera\u00e7\u00e3o, asfixia por edema de glote, forma\u00e7\u00e3o de meta-hemoglobina, cianose, queda da press\u00e3o, coma e morte.<br \/>\n<strong>LD50, D\u00e9rmico-coelho<\/strong>: 2.740 mg\/kg (U.S. National Library of Medicine).<br \/>\nProvoca queimaduras graves.<\/p>\n<p><strong>LC50, Inala\u00e7\u00e3o-rato<\/strong>: &gt; 0,85 mg\/l 1h (U.S. National Library ofMedicine).<br \/>\nProvoca queimaduras e les\u00f5es na mucosa do nariz, cavidade nasal, faringe, laringe e pulm\u00f5es<\/p>\n<p><strong>Corros\u00e3o e irrita\u00e7\u00e3ocut\u00e2nea:<\/strong><br \/>\nPele-Coelho, provoca queimaduras (OECD TG404).<br \/>\n<strong>Les\u00f5es oculares graves e irrita\u00e7\u00e3o ocular:<\/strong><br \/>\nOlhos-Coelho, provoca danos oculares graves com risco de opacifica\u00e7\u00e3o da c\u00f3rnea e cegueira<br \/>\n(OECD TG405).<br \/>\n<strong>Sensibiliza\u00e7\u00e3o respirat\u00f3ria ou cut\u00e2nea:<\/strong><br \/>\nTeste de sensibiliza\u00e7\u00e3o em humanos: Resultado negativo (OECD TG406).<br \/>\n<strong>Mutagenicidade em c\u00e9lulas germinativas:<\/strong><\/p>\n<p>Genotoxicidadein vitro: Teste de AMES Salmonella typhimurium:Negativo (OECD TG471).<br \/>\n<strong>Carcinogenicidade:<\/strong><br \/>\nIARC: Nenhum componente deste produto presente a n\u00edveis maiores ou iguais a 0.1% \u00e9<br \/>\nidentificado como carcinog\u00eanico prov\u00e1vel, poss\u00edvel ou confirmado pelo IARC.<br \/>\n<strong>Toxicidade \u00e0 reprodu\u00e7\u00e3o e lacta\u00e7\u00e3o:<\/strong><br \/>\nN\u00e3o apresentou efeitos t\u00f3xicos \u00e0 reprodu\u00e7\u00e3o e a lacta\u00e7\u00e3o em experimentos com animais.<br \/>\n<strong>Toxicidade sist\u00eamica para \u00f3rg\u00e3os-alvo espec\u00edficos-exposi\u00e7\u00e3o \u00fanica:<\/strong><br \/>\nA subst\u00e2ncia ou mistura n\u00e3o est\u00e1 classificada como um t\u00f3xico com \u00f3rg\u00e3o-alvo espec\u00edfico com exposi\u00e7\u00e3o \u00fanica.<br \/>\n<strong>Toxicidade sist\u00eamica para \u00f3rg\u00e3os-alvo espec\u00edficos-exposi\u00e7\u00e3o repetida:<\/strong><br \/>\nA subst\u00e2ncia ou mistura n\u00e3o est\u00e1 classificada como um t\u00f3xico com \u00f3rg\u00e3o-alvo espec\u00edfico com exposi\u00e7\u00e3o repetida.<br \/>\n<strong>Perigo de aspira\u00e7\u00e3o:<\/strong><br \/>\nLetal se penetrar nas vias respirat\u00f3rias, causa queimaduras e les\u00f5es graves ao sistema respirat\u00f3rio com forma\u00e7\u00e3o de edema e poss\u00edvel asfixia.<br \/>\n<strong>Subst\u00e2ncias que podem causar:<\/strong><br \/>\n<strong>Intera\u00e7\u00e3o<\/strong>:N\u00e3o s\u00e3o conhecidas subst\u00e2ncias que possam provocar efeitos de intera\u00e7\u00e3o com a subst\u00e2ncia ou a mistura.<br \/>\n<strong>Aditivos<\/strong>:N\u00e3o s\u00e3o conhecidas subst\u00e2ncias que possam provocar efeitos aditivos com a subst\u00e2ncia ou a mistura.<br \/>\n<strong>Potencia\u00e7\u00e3o<\/strong>:N\u00e3o s\u00e3o conhecidas subst\u00e2ncias que possam provocar efeitos de potencia\u00e7\u00e3o com a subst\u00e2ncia ou a mistura.<\/p>\n\r\n\t\t<\/div>\r\n\t<\/div>\r\n<\/div><div class='dt-sc-tabs-horizontal-content'><ul class='dt-sc-fancy-list   arrow'>\n<li><strong>Estado f\u00edsico (25,00\u00b0C, 1.013hPa)<\/strong> : L\u00edquido<\/li>\n<li><strong>Limite de Odor:<\/strong> N\u00e3o determinado<\/li>\n<li><strong>pH (20,00\u00b0C Sol. Aq.100g\/l)<\/strong> &lt;1,00<\/li>\n<li><strong>Temperatura de fus\u00e3o (1,013hPa)<\/strong>: 42,00\u00b0C<\/li>\n<li><strong>Temperatura de congelamento (1,013 hPa): <\/strong>21,00\u00b0C.<\/li>\n<li><strong>Temperatura de ebuli\u00e7\u00e3o inicial (1.013 hPa): <\/strong>158,00\u00b0C.<\/li>\n<li><strong>Faixa de temperatura de ebuli\u00e7\u00e3o (1.013 hPa): <\/strong>N\u00e3o determinado<\/li>\n<li><strong>Temperatura de fulgor c\u00e2mara fechada: <\/strong>N\u00e3o determinado<\/li>\n<li><strong>Temperatura de autoigni\u00e7\u00e3o: <\/strong>N\u00e3o determinado<\/li>\n<li><strong>Temperatura de decomposi\u00e7\u00e3o (1.013 hPa): <\/strong>N\u00e3o<\/li>\n<li><strong>Taxa de evapora\u00e7\u00e3o: <\/strong>N\u00e3o determinado<\/li>\n<li><strong>Limite de explosividade inferior, no ar (23,00\u00b0C): <\/strong>N\u00e3o determinado<\/li>\n<li><strong>Limite de explosividade superior, no ar (23,00\u00b0C): <\/strong>N\u00e3o determinado<\/li>\n<li><strong>Press\u00e3o de vapor (20,00\u00b0C)<\/strong>: 2,00 hPa (subst\u00e2ncia pura).<\/li>\n<li><strong>Densidade relativa do vapor (20\u00baC; Ar = 1.0)<\/strong>: 1,20 (subst\u00e2ncia pura).<\/li>\n<li><strong>Densidade relativa (20,00\u00baC)<\/strong>: 1,685 a 1,695 g\/cm\u00b3.<\/li>\n<li><strong>Coeficiente de parti\u00e7\u00e3o n-octanol\/\u00e1gua (20,00\u00b0C): <\/strong>log Pow: -0,77 (subst\u00e2ncia pura).<\/li>\n<li><strong>Solubilidade em \u00e1gua (20,00\u00b0C):<\/strong><\/li>\n<li><strong>Viscosidade (30,00\u00b0C): <\/strong>32<\/li>\n<\/ul><\/div><div class='dt-sc-tabs-horizontal-content'>\r\n\t<div class=\"wpb_text_column wpb_content_element \" >\r\n\t\t<div class=\"wpb_wrapper\">\r\n\t\t\t<ul>\n<li>FERTILIZANTE;<\/li>\n<li>SAB\u00c3O E DETERGENTE;<\/li>\n<li>FOSFATO INORG\u00c2NICO;<\/li>\n<li>PRODUTOS FARMAC\u00caUTICOS;<\/li>\n<li>REFINA\u00c7\u00c3O DO A\u00c7\u00daCAR;<\/li>\n<li>FABRICA\u00c7\u00c3O DE GELATINA;<\/li>\n<li>TRATAMENTO DE \u00c1GUA;<\/li>\n<li>RA\u00c7\u00c3O PARA ANIMAIS;<\/li>\n<li>AGENTE ANAL\u00cdTICO;<\/li>\n<li>ANTIFERRUGEM.<\/li>\n<\/ul>\n\r\n\t\t<\/div>\r\n\t<\/div>\r\n<\/div><\/div><div class=\"vc_empty_space\"   style=\"height: 32px\"><span class=\"vc_empty_space_inner\"><\/span><\/div><\/div><\/div><\/div><\/div><div class=\"vc_row wpb_row vc_row-fluid\"><div class=\"wpb_column vc_column_container vc_col-sm-6\"><div class=\"vc_column-inner \"><div class=\"wpb_wrapper\"><div class='dt-sc-titled-box  '><h6 class='dt-sc-titled-box-title' > <span class='fa fa-info-circle'><\/span> Informa\u00e7\u00f5es<\/h6><div class='dt-sc-titled-box-content'>\u00c1cido fosf\u00f3rico\u00a0ou\u00a0\u00e1cido ortofosf\u00f3rico\u00a0\u00e9 um\u00a0composto qu\u00edmico\u00a0f\u00f3rmula molecular\u00a0H3PO. \u00a0\u00c9 o \u00e1cido de f\u00f3sforo mais importante. Dentre os \u00e1cidos minerais, pode ser considerado um \u00e1cido mais fraco. A partir do \u00e1cido fosf\u00f3rico derivam-se o\u00a0\u00e1cido difosf\u00f3rico\u00a0ou\u00a0pirofosf\u00f3rico, o\u00a0\u00e1cido metafosf\u00f3rico\u00a0e o\u00a0\u00e1cido polifosf\u00f3rico\nO \u00e1cido H3PO4\u00a0\u00e9\u00a0monovalente, isto \u00e9, os tr\u00eas hidrog\u00eanios \u00e1cidos podem ser convertidos por substitui\u00e7\u00e3o gradual a\u00a0fosfatos prim\u00e1rios, secund\u00e1rios e terci\u00e1rios. Os valores respectivos de\u00a0pKa\u00a0s\u00e3o 2,15 \/ 7,1 e 12,4. O \u00e1cido fosf\u00f3rico \u00e9, portanto, um \u00e1cido que varia de fraco a medianamente forte. Seus sais s\u00e3o chamados de fosfatos.\n\u00c9 muito sol\u00favel em \u00e1gua e sol\u00favel em\u00a0etanol. O \u00e1cido fosf\u00f3rico \u00e9 muito\u00a0deliquescente\u00a0e \u00e9 geralmente fornecido como uma solu\u00e7\u00e3o aquosa concentrada a 85%.\n\u00c9 o derivado do f\u00f3sforo mais importante comercialmente, respondendo por mais de 90% da rocha fosf\u00e1tica que \u00e9 extra\u00edda\nNa ind\u00fastria, o \u00e1cido fosf\u00f3rico pode ser feito por dois m\u00e9todos:\n\nvia \u00famida;\nvia seca ou t\u00e9rmica;\n\nA via \u00famida \u00e9 respons\u00e1vel pela maior parte da produ\u00e7\u00e3o industrial de \u00e1cido fosf\u00f3rico. Nesse processo, rochas sedimentares ou magm\u00e1ticas portadoras do mineral\u00a0apatita\u00a0(Ca5(PO4)3(X)), sendo X = F, OH ou Cl, reagem com\u00a0\u00e1cido sulf\u00farico. Os subprodutos do processo s\u00e3o o CaSO4\u00a0(gesso,\u00a0anidrita\u00a0ou\u00a0gipsita) e o H2SiF6.\nA via seca ou t\u00e9rmica consiste na queima de\u00a0f\u00f3sforo branco\u00a0ao ar, com a forma\u00e7\u00e3o de P4O10\u00a0e sua\u00a0hidr\u00f3lise\u00a0subsequente. O \u00e1cido fosf\u00f3rico produzido dessa forma \u00e9 de grau farmac\u00eautico.<\/div><\/div><div class=\"vc_empty_space\"   style=\"height: 32px\"><span class=\"vc_empty_space_inner\"><\/span><\/div><div class='dt-sc-titled-box  '><h6 class='dt-sc-titled-box-title' > <span class='fa fa-info-circle'><\/span> Tipos de Utiliza\u00e7\u00e3o<\/h6><div class='dt-sc-titled-box-content'>Utilizado\n-Ind\u00fastria de fertilizantes, ind\u00fastria de produ\u00e7\u00e3o de sal mineral para alimenta\u00e7\u00e3o animal, formula\u00e7\u00e3o de detergentes, decapante, refrigerantes.\n-Ind\u00fastria de bebidas\n-Odontologia: utilizado para condicionamento de tecido dent\u00e1rio para fixa\u00e7\u00e3o de sistemas adesivos\n-Recentemente hobbyistas geralmente sem recursos industriais para efetuar soldas de elevada temperatura, est\u00e3o a utiliz\u00e1-lo para unir a\u00e7os inoxid\u00e1veis e convencionais em conjunto com ligas de estanho\/chumbo (solda de fios de eletricidade). Tais ligas possuem a vantagem de fundirem se a temperaturas inferiores a 200\u2103 e acabam por se unir ao a\u00e7o inoxid\u00e1vel com ajuda do \u00e1cido fosf\u00f3rico possibilitando o uso de um simples ferro de solda (conhecido popularmente como estanhador).\n-Usina de chocolate\n-Ind\u00fastria farmac\u00eautica<\/div><\/div><\/div><\/div><\/div><div class=\"wpb_column vc_column_container vc_col-sm-6\"><div class=\"vc_column-inner \"><div class=\"wpb_wrapper\"><div class='dt-sc-titled-box  '><h6 class='dt-sc-titled-box-title' > <span class='fa fa-info-circle'><\/span> Embalagens<\/h6><div class='dt-sc-titled-box-content'><\/div><\/div><div class=\"vc_empty_space\"   style=\"height: 32px\"><span class=\"vc_empty_space_inner\"><\/span><\/div><div class='dt-sc-titled-box  '><h6 class='dt-sc-titled-box-title' > <span class='fa fa-info-circle'><\/span> Seguran\u00e7a<\/h6><div class='dt-sc-titled-box-content'>Lorem ipsum dolor sit amet, consectetur adipiscing elit. Morbi hendrerit elit turpis, a porttitor tellus sollicitudin at. Class aptent taciti sociosqu ad litora torquent per conubia nostra, per inceptos himenaeos.<\/div><\/div><\/div><\/div><\/div><\/div>\n<\/div>","protected":false},"excerpt":{"rendered":"R\u00f3tulo de Risco N\u00famero ONU 80 1805 CAS n\u00ba 7664-38-2 F\u00f3rmula Molecular H3PO4 Estrutura SIN\u00d4NIMOAPAR\u00caNCIAINFORMA\u00c7\u00d5ES SOBRE INTOXICA\u00c7\u00c3O HUMANAPROPRIEDADES F\u00cdSICO-QU\u00cdMICAS E AMBIENTAISAPLICA\u00c7\u00d5ES \u00c1CIDO FOSF\u00d3RICO ALIMENT\u00cdCIO \u00c1CIDO ORTOFOSF\u00d3RICO L\u00cdQUIDO INCOLOR INODORO Toxicidade aguda: LD50, Oral-rato: 1.530 mg\/kg (U.S. National Library ofMedicine). Provoca severas queimaduras na mucosa da boca, faringe es\u00f4fago e aparelho gastrointestinalcom possibilidade de perfura\u00e7\u00e3o do [...]","protected":false},"author":1,"featured_media":0,"parent":0,"menu_order":0,"comment_status":"closed","ping_status":"closed","template":"","meta":{"footnotes":""},"class_list":["post-12733","page","type-page","status-publish","hentry"],"aioseo_notices":[],"_links":{"self":[{"href":"https:\/\/avanziquimica.com.br\/index.php?rest_route=\/wp\/v2\/pages\/12733","targetHints":{"allow":["GET"]}}],"collection":[{"href":"https:\/\/avanziquimica.com.br\/index.php?rest_route=\/wp\/v2\/pages"}],"about":[{"href":"https:\/\/avanziquimica.com.br\/index.php?rest_route=\/wp\/v2\/types\/page"}],"author":[{"embeddable":true,"href":"https:\/\/avanziquimica.com.br\/index.php?rest_route=\/wp\/v2\/users\/1"}],"replies":[{"embeddable":true,"href":"https:\/\/avanziquimica.com.br\/index.php?rest_route=%2Fwp%2Fv2%2Fcomments&post=12733"}],"version-history":[{"count":0,"href":"https:\/\/avanziquimica.com.br\/index.php?rest_route=\/wp\/v2\/pages\/12733\/revisions"}],"wp:attachment":[{"href":"https:\/\/avanziquimica.com.br\/index.php?rest_route=%2Fwp%2Fv2%2Fmedia&parent=12733"}],"curies":[{"name":"wp","href":"https:\/\/api.w.org\/{rel}","templated":true}]}}