{"id":12766,"date":"2019-05-05T22:29:05","date_gmt":"2019-05-05T22:29:05","guid":{"rendered":"https:\/\/avanziquimica.com.br\/?page_id=12766"},"modified":"2019-06-03T19:10:15","modified_gmt":"2019-06-03T19:10:15","slug":"lauril-diluido","status":"publish","type":"page","link":"https:\/\/avanziquimica.com.br\/?page_id=12766","title":{"rendered":"Lauril Dilu\u00eddo"},"content":{"rendered":"<div class=\"wpb-content-wrapper\"><div class=\"vc_row wpb_row vc_row-fluid\"><div class=\"wpb_column vc_column_container vc_col-sm-1\/5\"><div class=\"vc_column-inner \"><div class=\"wpb_wrapper\">\r\n\t<div class=\"wpb_text_column wpb_content_element \" >\r\n\t\t<div class=\"wpb_wrapper\">\r\n\t\t\t<h4 style=\"text-align: center;\">R\u00f3tulo de Risco<\/h4>\n<p><img decoding=\"async\" class=\"wp-image-12561 aligncenter\" src=\"http:\/\/avanziquimica.com.br\/wp-content\/uploads\/2019\/03\/classe-8-corrosivo.png\" alt=\"\" width=\"98\" height=\"101\" \/><\/p>\n\r\n\t\t<\/div>\r\n\t<\/div>\r\n<\/div><\/div><\/div><div class=\"wpb_column vc_column_container vc_col-sm-1\/5\"><div class=\"vc_column-inner \"><div class=\"wpb_wrapper\">\r\n\t<div class=\"wpb_text_column wpb_content_element \" >\r\n\t\t<div class=\"wpb_wrapper\">\r\n\t\t\t<h4 style=\"text-align: center;\">N\u00famero ONU<\/h4>\n<p><img decoding=\"async\" class=\"wp-image-12559 aligncenter\" src=\"http:\/\/avanziquimica.com.br\/wp-content\/uploads\/2019\/03\/c\u00f3digo-onu-acido-acetico.jpg\" alt=\"\" width=\"81\" height=\"65\" \/><\/p>\n\r\n\t\t<\/div>\r\n\t<\/div>\r\n<\/div><\/div><\/div><div class=\"wpb_column vc_column_container vc_col-sm-1\/5\"><div class=\"vc_column-inner \"><div class=\"wpb_wrapper\">\r\n\t<div class=\"wpb_text_column wpb_content_element \" >\r\n\t\t<div class=\"wpb_wrapper\">\r\n\t\t\t<h4 style=\"text-align: center;\">CAS n\u00ba<\/h4>\n<h3 style=\"text-align: center;\">64-19-7<\/h3>\n\r\n\t\t<\/div>\r\n\t<\/div>\r\n<\/div><\/div><\/div><div class=\"wpb_column vc_column_container vc_col-sm-1\/5\"><div class=\"vc_column-inner \"><div class=\"wpb_wrapper\">\r\n\t<div class=\"wpb_text_column wpb_content_element \" >\r\n\t\t<div class=\"wpb_wrapper\">\r\n\t\t\t<h4 style=\"text-align: center;\">F\u00f3rmula Molecular<\/h4>\n<p><img decoding=\"async\" class=\"wp-image-12548 aligncenter\" src=\"http:\/\/avanziquimica.com.br\/wp-content\/uploads\/2019\/03\/formula-molecular-1-300x150.jpg\" alt=\"\" width=\"148\" height=\"74\" \/><\/p>\n\r\n\t\t<\/div>\r\n\t<\/div>\r\n<\/div><\/div><\/div><div class=\"wpb_column vc_column_container vc_col-sm-1\/5\"><div class=\"vc_column-inner \"><div class=\"wpb_wrapper\">\r\n\t<div class=\"wpb_text_column wpb_content_element \" >\r\n\t\t<div class=\"wpb_wrapper\">\r\n\t\t\t<h4 style=\"text-align: center;\">Estrutura<\/h4>\n<p><img loading=\"lazy\" decoding=\"async\" class=\"wp-image-12549 aligncenter\" src=\"http:\/\/avanziquimica.com.br\/wp-content\/uploads\/2019\/03\/Acetic-acid-CRC-GED-3D-balls-B-300x232.png\" alt=\"\" width=\"117\" height=\"91\" srcset=\"https:\/\/avanziquimica.com.br\/wp-content\/uploads\/2019\/03\/Acetic-acid-CRC-GED-3D-balls-B-300x232.png 300w, https:\/\/avanziquimica.com.br\/wp-content\/uploads\/2019\/03\/Acetic-acid-CRC-GED-3D-balls-B-768x593.png 768w, https:\/\/avanziquimica.com.br\/wp-content\/uploads\/2019\/03\/Acetic-acid-CRC-GED-3D-balls-B-1024x791.png 1024w, https:\/\/avanziquimica.com.br\/wp-content\/uploads\/2019\/03\/Acetic-acid-CRC-GED-3D-balls-B-750x580.png 750w, https:\/\/avanziquimica.com.br\/wp-content\/uploads\/2019\/03\/Acetic-acid-CRC-GED-3D-balls-B-540x417.png 540w, https:\/\/avanziquimica.com.br\/wp-content\/uploads\/2019\/03\/Acetic-acid-CRC-GED-3D-balls-B-600x464.png 600w, https:\/\/avanziquimica.com.br\/wp-content\/uploads\/2019\/03\/Acetic-acid-CRC-GED-3D-balls-B.png 1100w\" sizes=\"(max-width: 117px) 100vw, 117px\" \/><\/p>\n\r\n\t\t<\/div>\r\n\t<\/div>\r\n<\/div><\/div><\/div><\/div><div class=\"vc_row wpb_row vc_row-fluid\"><div class=\"wpb_column vc_column_container vc_col-sm-12\"><div class=\"vc_column-inner \"><div class=\"wpb_wrapper\"><div class=\"vc_empty_space\"   style=\"height: 32px\"><span class=\"vc_empty_space_inner\"><\/span><\/div><\/div><\/div><\/div><\/div><div class=\"vc_row wpb_row vc_row-fluid\"><div class=\"wpb_column vc_column_container vc_col-sm-12\"><div class=\"vc_column-inner \"><div class=\"wpb_wrapper\"><div class='dt-sc-tabs-horizontal-container ' data-effect='fade'><ul class='dt-sc-tabs-horizontal'><li><a href=\"javascript:void(0);\">SIN\u00d4NIMO<\/a><\/li><li><a href=\"javascript:void(0);\">APAR\u00caNCIA<\/a><\/li><li><a href=\"javascript:void(0);\">INFORMA\u00c7\u00d5ES SOBRE INTOXICA\u00c7\u00c3O HUMANA<\/a><\/li><li><a href=\"javascript:void(0);\">PROPRIEDADES F\u00cdSICO-QU\u00cdMICAS E AMBIENTAIS<\/a><\/li><li><a href=\"javascript:void(0);\">APLICA\u00c7\u00d5ES<\/a><\/li><\/ul><div class='dt-sc-tabs-horizontal-content'>LAURIL DILUIDO<\/p>\n<p>LAURIL \u00c9TER SULFATO DE S\u00d3DIO DILU\u00cdDO<\/p><\/div><div class='dt-sc-tabs-horizontal-content'>L\u00cdQUIDO<\/p>\n<p>CLARO<\/p>\n<p>ODOR CARACTER\u00cdSTICO<\/div><div class='dt-sc-tabs-horizontal-content'>\r\n\t<div class=\"wpb_text_column wpb_content_element \" >\r\n\t\t<div class=\"wpb_wrapper\">\r\n\t\t\t<p><strong>Irrita\u00e7\u00e3o: <\/strong>Produto irritante para a pele e olhos.<br \/>\n<strong>Inala\u00e7\u00e3o: <\/strong>N\u00e3o aplic\u00e1vel.<br \/>\n<strong>Ingest\u00e3o: <\/strong>N\u00e3o aplic\u00e1vel.<br \/>\n<strong>Informa\u00e7\u00f5es toxicol\u00f3gicas adicionais: <\/strong>N\u00e3o conhecido.<br \/>\n<strong>LD 50 ( ensaios de toxidade aguda em ratos )<\/strong>: Maior que 4000 mg\/Kg.<\/p>\n\r\n\t\t<\/div>\r\n\t<\/div>\r\n<\/div><div class='dt-sc-tabs-horizontal-content'><ul class='dt-sc-fancy-list   arrow'>\n<li><strong>Ponto de ebuli\u00e7\u00e3o<\/strong>: &#8230;&#8230;&#8230;&#8230;&#8230;&#8230;&#8230;&#8230;&#8230;&#8230;&#8230;&#8230;&#8230;&#8230;..N\u00e3o aplic\u00e1vel.<\/li>\n<li><strong>Temperatura de autoigni\u00e7\u00e3o<\/strong>: &#8230;&#8230;&#8230;&#8230;&#8230;&#8230;&#8230;&#8230;&#8230;.N\u00e3o aplic\u00e1vel.<\/li>\n<li><strong>Propriedades explosivas:<\/strong> &#8230;&#8230;&#8230;&#8230;&#8230;&#8230;&#8230;&#8230;&#8230;&#8230;&#8230;.N\u00e3o aplic\u00e1vel.<\/li>\n<li><strong>Ponto de solidifica\u00e7\u00e3o:<\/strong> &#8230;&#8230;&#8230;&#8230;&#8230;&#8230;&#8230;&#8230;&#8230;&#8230;&#8230;&#8230;.0 oC.<\/li>\n<li><strong>Densidade a 20 oC:<\/strong> &#8230;&#8230;&#8230;&#8230;&#8230;&#8230;&#8230;&#8230;&#8230;&#8230;&#8230;&#8230;&#8230;&#8230;Aproximadamente 1,05 g\/mL.<\/li>\n<li><strong>p.H a 10 %<\/strong>: &#8230;&#8230;&#8230;&#8230;&#8230;&#8230;&#8230;&#8230;&#8230;&#8230;&#8230;&#8230;&#8230;&#8230;&#8230;&#8230;&#8230;.. 6,0 a 8,5.<\/li>\n<li><strong>Ponto de ebuli\u00e7\u00e3o<\/strong>: &#8230;&#8230;&#8230;&#8230;&#8230;&#8230;&#8230;&#8230;&#8230;&#8230;&#8230;&#8230;&#8230;&#8230;..100 oC.<\/li>\n<li><strong>Solubilidade em \u00e1gua:<\/strong> &#8230;&#8230;&#8230;&#8230;&#8230;&#8230;&#8230;&#8230;&#8230;&#8230;&#8230;&#8230;..Totalmente sol\u00favel.<\/li>\n<li><strong>Viscosidade ( mpa.s ) a 25 oC:<\/strong> &#8230;&#8230;&#8230;&#8230;&#8230;&#8230;&#8230;&#8230;Abaixo de 6000 mpa.s.<\/li>\n<li><strong>Temperatura de decomposi\u00e7\u00e3o:<\/strong>&#8230;&#8230;&#8230;&#8230;&#8230;&#8230;&#8230; Pode haver forma\u00e7\u00e3o de hidr\u00f3lise\nem temperaturas superiores a 50 oC.<\/li>\n<\/ul><\/div><div class='dt-sc-tabs-horizontal-content'>\r\n\t<div class=\"wpb_text_column wpb_content_element \" >\r\n\t\t<div class=\"wpb_wrapper\">\r\n\t\t\t<ul>\n<li>Fabrica\u00e7\u00e3o de sais org\u00e2nicos e inorg\u00e2nicos;<\/li>\n<li>Inseticidas e herbicidas;<\/li>\n<li>Industria farmac\u00eautica;<\/li>\n<li>Pl\u00e1sticos e borrachas;<\/li>\n<li>Industria aliment\u00edcia;<\/li>\n<li>Intermedi\u00e1rio em s\u00ednteses;<\/li>\n<li>Perfumaria e cosm\u00e9ticos;<\/li>\n<li>Industria t\u00eaxtil e curtumes;<\/li>\n<li>Industria diversas<\/li>\n<\/ul>\n\r\n\t\t<\/div>\r\n\t<\/div>\r\n<\/div><\/div><div class=\"vc_empty_space\"   style=\"height: 32px\"><span class=\"vc_empty_space_inner\"><\/span><\/div><\/div><\/div><\/div><\/div><div class=\"vc_row wpb_row vc_row-fluid\"><div class=\"wpb_column vc_column_container vc_col-sm-6\"><div class=\"vc_column-inner \"><div class=\"wpb_wrapper\"><div class='dt-sc-titled-box  '><h6 class='dt-sc-titled-box-title' > <span class='fa fa-info-circle'><\/span> Informa\u00e7\u00f5es<\/h6><div class='dt-sc-titled-box-content'>O\u00a0\u00e1cido ac\u00e9tico\u00a0(do\u00a0latim\u00a0acetum, azedo), CH3COOH, oficialmente chamado\u00a0\u00e1cido etan\u00f3ico, \u00e9 um\u00a0\u00e1cido carbox\u00edlico\u00a0(especificamente, um\u00a0\u00e1cido monocarbox\u00edlico), saturado e de cadeia aberta. Em sua forma impura, \u00e9 popularmente conhecido como\u00a0vinagre\u00a0(\u00b17% de \u00e1cido ac\u00e9tico em solu\u00e7\u00e3o aquosa). Quando est\u00e1 livre de \u00e1gua \u00e9 conhecido como \u00e1cido ac\u00e9tico glacial. \u00c9 conhecido por ser um\u00a0\u00e1cido\u00a0fraco, corrosivo, com vapores que causam irrita\u00e7\u00e3o nos\u00a0olhos, ardor no\u00a0nariz\u00a0e\u00a0garganta\u00a0e congest\u00e3o\u00a0pulmonar. Um\u00a0reagente qu\u00edmico\u00a0importante e largamente utilizado na industria qu\u00edmica, usado na produ\u00e7\u00e3o de politereftalato de etileno (PET), sendo este utilizado em garrafas de bebidas, o\u00a0acetato de celulose\u00a0utilizado na pel\u00edcula\u00a0fotogr\u00e1fica\u00a0, o\u00a0acetato de polivinil\u00a0utilizado na cola de\u00a0madeira, tamb\u00e9m utilizado para limpeza e desinfec\u00e7\u00e3o. A demanda global do \u00e1cido ac\u00e9tico \u00e9 em torno de 6,5 milh\u00e3o toneladas por ano, desta aproximadamente 1,5 Mt\/a s\u00e3o encontrados a partir da reciclagem; o restante \u00e9 manufaturado dos estoques petroqu\u00edmicos ou das fontes biol\u00f3gicas.<\/div><\/div><div class=\"vc_empty_space\"   style=\"height: 32px\"><span class=\"vc_empty_space_inner\"><\/span><\/div><div class='dt-sc-titled-box  '><h6 class='dt-sc-titled-box-title' > <span class='fa fa-info-circle'><\/span> Tipos de Utiliza\u00e7\u00e3o<\/h6><div class='dt-sc-titled-box-content'>O \u00c1cido Ac\u00e9tico \u00e9 uma subst\u00e2ncia utilizada nos seguintes produtos: produtos de lavagem e limpeza, produtos de tratamento do ar, produtos de revestimento, produtos anticongelantes, enchimentos, betumes, rebocos, massa de modelar, fertilizantes, lubrificantes e massas lubrificantes, produtos fitofarmac\u00eauticos, tintas para os dedos e biocidas ( por exemplo desinfetantes, produtos de controle de pragas).\n\u00c9 prov\u00e1vel que ocorra outra libera\u00e7\u00e3o para o meio ambiente desta subst\u00e2ncia: uso externo, uso interno (por exemplo, l\u00edquidos \/ detergentes para lavagem de m\u00e1quinas, produtos automotivos, tintas e revestimentos ou adesivos, fragr\u00e2ncias e purificadores de ar) e uso interno em sistemas fechados com o m\u00ednimo libera\u00e7\u00e3o (por exemplo, l\u00edquidos de resfriamento em refrigeradores, aquecedores el\u00e9tricos \u00e0 base de \u00f3leo).<\/div><\/div><\/div><\/div><\/div><div class=\"wpb_column vc_column_container vc_col-sm-6\"><div class=\"vc_column-inner \"><div class=\"wpb_wrapper\"><div class='dt-sc-titled-box  '><h6 class='dt-sc-titled-box-title' > <span class='fa fa-info-circle'><\/span> Embalagens<\/h6><div class='dt-sc-titled-box-content'><\/div><\/div><div class=\"vc_empty_space\"   style=\"height: 32px\"><span class=\"vc_empty_space_inner\"><\/span><\/div><div class='dt-sc-titled-box  '><h6 class='dt-sc-titled-box-title' > <span class='fa fa-info-circle'><\/span> Seguran\u00e7a<\/h6><div class='dt-sc-titled-box-content'>Lorem ipsum dolor sit amet, consectetur adipiscing elit. Morbi hendrerit elit turpis, a porttitor tellus sollicitudin at. Class aptent taciti sociosqu ad litora torquent per conubia nostra, per inceptos himenaeos.<\/div><\/div><\/div><\/div><\/div><\/div>\n<\/div>","protected":false},"excerpt":{"rendered":"R\u00f3tulo de Risco N\u00famero ONU CAS n\u00ba 64-19-7 F\u00f3rmula Molecular Estrutura SIN\u00d4NIMOAPAR\u00caNCIAINFORMA\u00c7\u00d5ES SOBRE INTOXICA\u00c7\u00c3O HUMANAPROPRIEDADES F\u00cdSICO-QU\u00cdMICAS E AMBIENTAISAPLICA\u00c7\u00d5ESLAURIL DILUIDO LAURIL \u00c9TER SULFATO DE S\u00d3DIO DILU\u00cdDOL\u00cdQUIDO CLARO ODOR CARACTER\u00cdSTICO Irrita\u00e7\u00e3o: Produto irritante para a pele e olhos. Inala\u00e7\u00e3o: N\u00e3o aplic\u00e1vel. Ingest\u00e3o: N\u00e3o aplic\u00e1vel. Informa\u00e7\u00f5es toxicol\u00f3gicas adicionais: N\u00e3o conhecido. LD 50 ( ensaios de toxidade aguda em [...]","protected":false},"author":1,"featured_media":0,"parent":0,"menu_order":0,"comment_status":"closed","ping_status":"closed","template":"","meta":{"footnotes":""},"class_list":["post-12766","page","type-page","status-publish","hentry"],"aioseo_notices":[],"_links":{"self":[{"href":"https:\/\/avanziquimica.com.br\/index.php?rest_route=\/wp\/v2\/pages\/12766","targetHints":{"allow":["GET"]}}],"collection":[{"href":"https:\/\/avanziquimica.com.br\/index.php?rest_route=\/wp\/v2\/pages"}],"about":[{"href":"https:\/\/avanziquimica.com.br\/index.php?rest_route=\/wp\/v2\/types\/page"}],"author":[{"embeddable":true,"href":"https:\/\/avanziquimica.com.br\/index.php?rest_route=\/wp\/v2\/users\/1"}],"replies":[{"embeddable":true,"href":"https:\/\/avanziquimica.com.br\/index.php?rest_route=%2Fwp%2Fv2%2Fcomments&post=12766"}],"version-history":[{"count":0,"href":"https:\/\/avanziquimica.com.br\/index.php?rest_route=\/wp\/v2\/pages\/12766\/revisions"}],"wp:attachment":[{"href":"https:\/\/avanziquimica.com.br\/index.php?rest_route=%2Fwp%2Fv2%2Fmedia&parent=12766"}],"curies":[{"name":"wp","href":"https:\/\/api.w.org\/{rel}","templated":true}]}}