{"id":12778,"date":"2019-05-06T19:19:36","date_gmt":"2019-05-06T19:19:36","guid":{"rendered":"https:\/\/avanziquimica.com.br\/?page_id=12778"},"modified":"2019-06-03T19:19:12","modified_gmt":"2019-06-03T19:19:12","slug":"decapante-industrial","status":"publish","type":"page","link":"https:\/\/avanziquimica.com.br\/?page_id=12778","title":{"rendered":"Decapante Industrial"},"content":{"rendered":"<div class=\"wpb-content-wrapper\"><div class=\"vc_row wpb_row vc_row-fluid\"><div class=\"wpb_column vc_column_container vc_col-sm-1\/5\"><div class=\"vc_column-inner \"><div class=\"wpb_wrapper\">\r\n\t<div class=\"wpb_text_column wpb_content_element \" >\r\n\t\t<div class=\"wpb_wrapper\">\r\n\t\t\t<h4 style=\"text-align: center;\">R\u00f3tulo de Risco<\/h4>\n<p><img decoding=\"async\" class=\"alignnone wp-image-12968\" src=\"http:\/\/avanziquimica.com.br\/wp-content\/uploads\/2019\/06\/kisspng-corrosive-substance-hazard-symbol-corrosion-chemic-pictogram-5ac285128deab3.7667881815226974905813-300x300.png\" alt=\"\" width=\"54\" height=\"54\" srcset=\"https:\/\/avanziquimica.com.br\/wp-content\/uploads\/2019\/06\/kisspng-corrosive-substance-hazard-symbol-corrosion-chemic-pictogram-5ac285128deab3.7667881815226974905813-300x300.png 300w, https:\/\/avanziquimica.com.br\/wp-content\/uploads\/2019\/06\/kisspng-corrosive-substance-hazard-symbol-corrosion-chemic-pictogram-5ac285128deab3.7667881815226974905813-150x150.png 150w, https:\/\/avanziquimica.com.br\/wp-content\/uploads\/2019\/06\/kisspng-corrosive-substance-hazard-symbol-corrosion-chemic-pictogram-5ac285128deab3.7667881815226974905813-768x768.png 768w, https:\/\/avanziquimica.com.br\/wp-content\/uploads\/2019\/06\/kisspng-corrosive-substance-hazard-symbol-corrosion-chemic-pictogram-5ac285128deab3.7667881815226974905813-750x750.png 750w, https:\/\/avanziquimica.com.br\/wp-content\/uploads\/2019\/06\/kisspng-corrosive-substance-hazard-symbol-corrosion-chemic-pictogram-5ac285128deab3.7667881815226974905813-540x540.png 540w, https:\/\/avanziquimica.com.br\/wp-content\/uploads\/2019\/06\/kisspng-corrosive-substance-hazard-symbol-corrosion-chemic-pictogram-5ac285128deab3.7667881815226974905813-640x650.png 640w, https:\/\/avanziquimica.com.br\/wp-content\/uploads\/2019\/06\/kisspng-corrosive-substance-hazard-symbol-corrosion-chemic-pictogram-5ac285128deab3.7667881815226974905813-510x520.png 510w, https:\/\/avanziquimica.com.br\/wp-content\/uploads\/2019\/06\/kisspng-corrosive-substance-hazard-symbol-corrosion-chemic-pictogram-5ac285128deab3.7667881815226974905813-780x790.png 780w, https:\/\/avanziquimica.com.br\/wp-content\/uploads\/2019\/06\/kisspng-corrosive-substance-hazard-symbol-corrosion-chemic-pictogram-5ac285128deab3.7667881815226974905813-600x600.png 600w, https:\/\/avanziquimica.com.br\/wp-content\/uploads\/2019\/06\/kisspng-corrosive-substance-hazard-symbol-corrosion-chemic-pictogram-5ac285128deab3.7667881815226974905813-100x100.png 100w, https:\/\/avanziquimica.com.br\/wp-content\/uploads\/2019\/06\/kisspng-corrosive-substance-hazard-symbol-corrosion-chemic-pictogram-5ac285128deab3.7667881815226974905813.png 900w\" sizes=\"(max-width: 54px) 100vw, 54px\" \/><img decoding=\"async\" class=\"alignnone wp-image-13036\" src=\"http:\/\/avanziquimica.com.br\/wp-content\/uploads\/2019\/06\/Healthhazard_big.png\" alt=\"\" width=\"54\" height=\"54\" srcset=\"https:\/\/avanziquimica.com.br\/wp-content\/uploads\/2019\/06\/Healthhazard_big.png 225w, https:\/\/avanziquimica.com.br\/wp-content\/uploads\/2019\/06\/Healthhazard_big-150x150.png 150w, https:\/\/avanziquimica.com.br\/wp-content\/uploads\/2019\/06\/Healthhazard_big-100x100.png 100w\" sizes=\"(max-width: 54px) 100vw, 54px\" \/><img decoding=\"async\" class=\"alignnone wp-image-13032\" src=\"http:\/\/avanziquimica.com.br\/wp-content\/uploads\/2019\/06\/Expoint_big.png\" alt=\"\" width=\"54\" height=\"54\" srcset=\"https:\/\/avanziquimica.com.br\/wp-content\/uploads\/2019\/06\/Expoint_big.png 225w, https:\/\/avanziquimica.com.br\/wp-content\/uploads\/2019\/06\/Expoint_big-150x150.png 150w, https:\/\/avanziquimica.com.br\/wp-content\/uploads\/2019\/06\/Expoint_big-100x100.png 100w\" sizes=\"(max-width: 54px) 100vw, 54px\" \/><\/p>\n\r\n\t\t<\/div>\r\n\t<\/div>\r\n<\/div><\/div><\/div><div class=\"wpb_column vc_column_container vc_col-sm-1\/5\"><div class=\"vc_column-inner \"><div class=\"wpb_wrapper\">\r\n\t<div class=\"wpb_text_column wpb_content_element \" >\r\n\t\t<div class=\"wpb_wrapper\">\r\n\t\t\t<h4 style=\"text-align: center;\">N\u00famero ONU<\/h4>\n<h3 style=\"text-align: center;\">N\/D<\/h3>\n\r\n\t\t<\/div>\r\n\t<\/div>\r\n<\/div><\/div><\/div><div class=\"wpb_column vc_column_container vc_col-sm-1\/5\"><div class=\"vc_column-inner \"><div class=\"wpb_wrapper\">\r\n\t<div class=\"wpb_text_column wpb_content_element \" >\r\n\t\t<div class=\"wpb_wrapper\">\r\n\t\t\t<h4 style=\"text-align: center;\">CAS n\u00ba<\/h4>\n<h3 style=\"text-align: center;\">764701-0<\/h3>\n<h3 style=\"text-align: center;\">7664-39-3<\/h3>\n\r\n\t\t<\/div>\r\n\t<\/div>\r\n<\/div><\/div><\/div><div class=\"wpb_column vc_column_container vc_col-sm-1\/5\"><div class=\"vc_column-inner \"><div class=\"wpb_wrapper\">\r\n\t<div class=\"wpb_text_column wpb_content_element \" >\r\n\t\t<div class=\"wpb_wrapper\">\r\n\t\t\t<h4 style=\"text-align: center;\">F\u00f3rmula Molecular<\/h4>\n<h3 style=\"text-align: center;\">HCl (10%)<\/h3>\n<h3 style=\"text-align: center;\">HF (40%)<\/h3>\n\r\n\t\t<\/div>\r\n\t<\/div>\r\n<\/div><\/div><\/div><div class=\"wpb_column vc_column_container vc_col-sm-1\/5\"><div class=\"vc_column-inner \"><div class=\"wpb_wrapper\">\r\n\t<div class=\"wpb_text_column wpb_content_element \" >\r\n\t\t<div class=\"wpb_wrapper\">\r\n\t\t\t<h4 style=\"text-align: center;\">Estrutura<\/h4>\n<h3 style=\"text-align: center;\">N\/D<\/h3>\n\r\n\t\t<\/div>\r\n\t<\/div>\r\n<\/div><\/div><\/div><\/div><div class=\"vc_row wpb_row vc_row-fluid\"><div class=\"wpb_column vc_column_container vc_col-sm-12\"><div class=\"vc_column-inner \"><div class=\"wpb_wrapper\"><div class=\"vc_empty_space\"   style=\"height: 32px\"><span class=\"vc_empty_space_inner\"><\/span><\/div><\/div><\/div><\/div><\/div><div class=\"vc_row wpb_row vc_row-fluid\"><div class=\"wpb_column vc_column_container vc_col-sm-12\"><div class=\"vc_column-inner \"><div class=\"wpb_wrapper\"><div class='dt-sc-tabs-horizontal-container ' data-effect='fade'><ul class='dt-sc-tabs-horizontal'><li><a href=\"javascript:void(0);\">SIN\u00d4NIMO<\/a><\/li><li><a href=\"javascript:void(0);\">APAR\u00caNCIA<\/a><\/li><li><a href=\"javascript:void(0);\">APLICA\u00c7\u00d5ES<\/a><\/li><li><a href=\"javascript:void(0);\">PROPRIEDADES F\u00cdSICO-QU\u00cdMICAS E AMBIENTAIS<\/a><\/li><li><a href=\"javascript:void(0);\">INFORMA\u00c7\u00d5ES SOBRE INTOXICA\u00c7\u00c3O HUMANA<\/a><\/li><\/ul><div class='dt-sc-tabs-horizontal-content'>BLEND DE \u00c1CIDOS CONTENDO \u00c1CIDO FLUOR\u00cdDRICO<\/div><div class='dt-sc-tabs-horizontal-content'><ul>\n<li><span>L\u00cdQUIDO<\/span><\/li>\n<li><span>L\u00cdQUIDO COM BAIXA VISCOSIDADE<\/span><\/li>\n<li><span>LEVEMENTE AMARELADO<\/span><\/li>\n<li><span>ODOR N\u00c3O DISPON\u00cdVEL<\/span><\/li>\n<\/ul><\/div><div class='dt-sc-tabs-horizontal-content'>\r\n\t<div class=\"wpb_text_column wpb_content_element \" >\r\n\t\t<div class=\"wpb_wrapper\">\r\n\t\t\t<p>Detergentes \u00e1cidos, alto poder de limpeza na remo\u00e7\u00e3o de todo tipo de sujeira de ba\u00fas de<br \/>\nalum\u00ednio, basculantes, chassis, motores, rodas, caixas de roda, etc.<\/p>\n\r\n\t\t<\/div>\r\n\t<\/div>\r\n<\/div><div class='dt-sc-tabs-horizontal-content'><strong>pH (solu\u00e7\u00e3o 1%):<\/strong> N\u00e3o dispon\u00edvel.<\/p>\n<p><strong>Ponto de fus\u00e3o \/ ponto de congelamento:<\/strong> Decomp\u00f5e-se antes de fundir\n<strong>Ponto de ebuli\u00e7\u00e3o inicial:<\/strong> 100\u00b0C.\n<strong>Faixa de temperatura de ebuli\u00e7\u00e3o:<\/strong> N\u00e3o dispon\u00edvel.\n<strong>Ponto de fulgor:<\/strong> N\u00e3o dispon\u00edvel.\n<strong>Taxa de evapora\u00e7\u00e3o:<\/strong> N\u00e3o dispon\u00edvel.\n<strong>Inflamabilidade (s\u00f3lido; g\u00e1s):<\/strong> N\u00e3o dispon\u00edvel.\n<strong>Limite de Inflamabilidade ou explosividade inferior:<\/strong> N\u00e3o dispon\u00edvel.\n<strong>Limite de Inflamabilidade ou explosividade superior:<\/strong> N\u00e3o dispon\u00edvel.\n<strong>Press\u00e3o de vapor:<\/strong> N\u00e3o dispon\u00edvel.\n<strong>Densidade de vapor:<\/strong> 20 KPA a 20\u00ba C.\n<strong>Densidade relativa:<\/strong> N\u00e3o dispon\u00edvel.\n<strong>Solubilidade (s):<\/strong> Sol\u00favel em \u00e1gua.\n<strong>Coeficiente de parti\u00e7\u00e3o &#8211; n-octanol\/\u00e1gua:<\/strong> N\u00e3o dispon\u00edvel.\n<strong>Temperatura de autoigni\u00e7\u00e3o:<\/strong> N\u00e3o dispon\u00edvel.\n<strong>Temperatura de decomposi\u00e7\u00e3o:<\/strong> N\u00e3o dispon\u00edvel.\n<strong>Viscosidade:<\/strong> N\u00e3o dispon\u00edvel.\n<strong>Umidade:<\/strong> N\u00e3o dispon\u00edvel.\n<strong>Densidade:<\/strong> 1,100-1,200 g\/cm3.\n<strong>Outras informa\u00e7\u00f5es:<\/strong> N\u00e3o dispon\u00edvel.<\/div><div class='dt-sc-tabs-horizontal-content'>\r\n\t<div class=\"wpb_text_column wpb_content_element \" >\r\n\t\t<div class=\"wpb_wrapper\">\r\n\t\t\t<p><strong>Toxicidade aguda:<\/strong><br \/>\nCL50\/inala\u00e7\u00e3o\/4h\/ratazana = 456ppm. Lc50\/inala\u00e7\u00e3o\/1h\/rato = 342 ppm. (\u00c1cido fluor\u00eddrico).<br \/>\n<strong>Corros\u00e3o\/irrita\u00e7\u00e3o da pele:<\/strong><\/p>\n<p>Mistura provoca queimaduras graves na pele, sendo que os sintomas podem ser retardados.<br \/>\n<strong>Se ingerido:<\/strong><br \/>\nQueimaduras severas na boca e garganta, assim como perfura\u00e7\u00e3o do es\u00f4fago e est\u00f4mago.<br \/>\nV\u00f4mito com sangue.<br \/>\n<strong>Se inalado:<\/strong><br \/>\nQueimadura das mucosas. Les\u00e3o das vias respirat\u00f3rias. As les\u00f5es resultantes podem causar<br \/>\nbronquite, pneumonia e edema pulmonar.<br \/>\n<strong>Les\u00f5es oculares graves\/irrita\u00e7\u00e3o ocular:<\/strong><br \/>\nCausa danos oculares graves. Perigo de cegueira!<br \/>\n<strong>Sensibiliza\u00e7\u00e3o respirat\u00f3ria ou da pele:<\/strong><br \/>\nSe inalado provoca queimaduras das mucosas, les\u00e3o das vias respirat\u00f3rias, as les\u00f5es resultantes<br \/>\npodem afetar o seguinte: bronquite, pneumonia, edema pulmonar. Mistura provoca queimaduras<br \/>\ngraves na pele, sendo que os sintomas podem ser retardados.<br \/>\n<strong>Poss\u00edveis consequ\u00eancias:<\/strong><br \/>\nNecrose depois da penetra\u00e7\u00e3o da subst\u00e2ncia \u00e9 dif\u00edcil \u00e0 cicatriza\u00e7\u00e3o das feridas<br \/>\n<strong>Mutagenicidade em c\u00e9lulas germinativas<\/strong>:<br \/>\nN\u00e3o \u00e9 esperado tal efeito.<br \/>\n<strong>Carcinogenicidade: <\/strong>N\u00e3o \u00e9 esperado tal efeito<\/p>\n<p><strong>Toxicidade \u00e0 reprodu\u00e7\u00e3o:<\/strong><br \/>\nN\u00e3o \u00e9 esperado tal efeito.<br \/>\n<strong>Toxicidade para \u00f3rg\u00e3os-alvo espec\u00edficos \u2013 exposi\u00e7\u00e3o \u00fanica:<\/strong><br \/>\nA subst\u00e2ncia ou mistura n\u00e3o est\u00e1 classificada como um t\u00f3xico espec\u00edfico com alvo de \u00f3rg\u00e3o,<br \/>\nexposi\u00e7\u00e3o singular.<\/p>\n<p><strong>Toxicidade para \u00f3rg\u00e3os-alvo espec\u00edficos \u2013 exposi\u00e7\u00e3o repetida:<\/strong><br \/>\nA subst\u00e2ncia ou mistura n\u00e3o est\u00e1 classificada como um t\u00f3xico espec\u00edfico com alvo de \u00f3rg\u00e3o, exposi\u00e7\u00e3o repetida.<br \/>\n<strong>Perigo por aspira\u00e7\u00e3o:<\/strong><br \/>\nOs crit\u00e9rios de classifica\u00e7\u00e3o n\u00e3o foram satisfeitos com respeito aos dados dispon\u00edveis.<br \/>\n<strong>Outras informa\u00e7\u00f5es:<\/strong><br \/>\nN\u00e3o dispon\u00edvel.<\/p>\n\r\n\t\t<\/div>\r\n\t<\/div>\r\n<\/div><\/div><div class=\"vc_empty_space\"   style=\"height: 32px\"><span class=\"vc_empty_space_inner\"><\/span><\/div><\/div><\/div><\/div><\/div><div class=\"vc_row wpb_row vc_row-fluid\"><div class=\"wpb_column vc_column_container vc_col-sm-6\"><div class=\"vc_column-inner \"><div class=\"wpb_wrapper\"><div class='dt-sc-titled-box  '><h6 class='dt-sc-titled-box-title' > <span class='fa fa-info-circle'><\/span> Informa\u00e7\u00f5es<\/h6><div class='dt-sc-titled-box-content'>O Decapante Industrial 4010 \u00e9 uma composi\u00e7\u00e3o de mistura de \u00c1cidos Org\u00e2nicos Fixo como \u00c1cido Fluor\u00eddrico 40% e \u00c1cido Clor\u00eddrico 10% utilizado para formula\u00e7\u00f5es de Detergentes \u00c1cidos, Decapantes para Metais, Detergentes Limpa Pedras e Detergentes Limpa Alum\u00ednio.<\/div><\/div><div class=\"vc_empty_space\"   style=\"height: 32px\"><span class=\"vc_empty_space_inner\"><\/span><\/div><div class='dt-sc-titled-box  '><h6 class='dt-sc-titled-box-title' > <span class='fa fa-info-circle'><\/span> Tipos de Utiliza\u00e7\u00e3o<\/h6><div class='dt-sc-titled-box-content'>Detergentes \u00e1cidos com alto poder de limpeza para a remo\u00e7\u00e3o de todo tipo de sujeira de ba\u00fas de\nalum\u00ednio, basculantes, chassis, motores, rodas, caixas de roda, etc.<\/div><\/div><\/div><\/div><\/div><div class=\"wpb_column vc_column_container vc_col-sm-6\"><div class=\"vc_column-inner \"><div class=\"wpb_wrapper\"><div class='dt-sc-titled-box  '><h6 class='dt-sc-titled-box-title' > <span class='fa fa-info-circle'><\/span> Embalagens<\/h6><div class='dt-sc-titled-box-content'><\/div><\/div><div class=\"vc_empty_space\"   style=\"height: 32px\"><span class=\"vc_empty_space_inner\"><\/span><\/div><div class='dt-sc-titled-box  '><h6 class='dt-sc-titled-box-title' > <span class='fa fa-info-circle'><\/span> Informa\u00e7\u00f5es T\u00e9cnicas<\/h6><div class='dt-sc-titled-box-content'><\/div><\/div>\n\t<div  class=\"wpb_single_image wpb_content_element vc_align_center wpb_content_element\">\n\t\t<h2 class=\"wpb_heading wpb_singleimage_heading\">FISPQ _ Decapante Industrial<\/h2>\n\t\t<figure class=\"wpb_wrapper vc_figure\">\n\t\t\t<a href=\"http:\/\/avanziquimica.com.br\/wp-content\/uploads\/2019\/06\/DECAPANTE-INDUSTRIAL.pdf\" target=\"_self\" class=\"vc_single_image-wrapper   vc_box_border_grey\"><img loading=\"lazy\" decoding=\"async\" width=\"150\" height=\"150\" src=\"https:\/\/avanziquimica.com.br\/wp-content\/uploads\/2019\/06\/pdf-150x150.png\" class=\"vc_single_image-img attachment-thumbnail\" alt=\"\" title=\"pdf\" srcset=\"https:\/\/avanziquimica.com.br\/wp-content\/uploads\/2019\/06\/pdf-150x150.png 150w, https:\/\/avanziquimica.com.br\/wp-content\/uploads\/2019\/06\/pdf-100x100.png 100w, https:\/\/avanziquimica.com.br\/wp-content\/uploads\/2019\/06\/pdf.png 256w\" sizes=\"(max-width: 150px) 100vw, 150px\" \/><\/a>\n\t\t<\/figure>\n\t<\/div>\n<\/div><\/div><\/div><\/div>\n<\/div>","protected":false},"excerpt":{"rendered":"R\u00f3tulo de Risco N\u00famero ONU N\/D CAS n\u00ba 764701-0 7664-39-3 F\u00f3rmula Molecular HCl (10%) HF (40%) Estrutura N\/D SIN\u00d4NIMOAPAR\u00caNCIAAPLICA\u00c7\u00d5ESPROPRIEDADES F\u00cdSICO-QU\u00cdMICAS E AMBIENTAISINFORMA\u00c7\u00d5ES SOBRE INTOXICA\u00c7\u00c3O HUMANABLEND DE \u00c1CIDOS CONTENDO \u00c1CIDO FLUOR\u00cdDRICO L\u00cdQUIDO L\u00cdQUIDO COM BAIXA VISCOSIDADE LEVEMENTE AMARELADO ODOR N\u00c3O DISPON\u00cdVEL Detergentes \u00e1cidos, alto poder de limpeza na remo\u00e7\u00e3o de todo tipo de sujeira de ba\u00fas [...]","protected":false},"author":1,"featured_media":0,"parent":0,"menu_order":0,"comment_status":"closed","ping_status":"closed","template":"","meta":{"footnotes":""},"class_list":["post-12778","page","type-page","status-publish","hentry"],"aioseo_notices":[],"_links":{"self":[{"href":"https:\/\/avanziquimica.com.br\/index.php?rest_route=\/wp\/v2\/pages\/12778","targetHints":{"allow":["GET"]}}],"collection":[{"href":"https:\/\/avanziquimica.com.br\/index.php?rest_route=\/wp\/v2\/pages"}],"about":[{"href":"https:\/\/avanziquimica.com.br\/index.php?rest_route=\/wp\/v2\/types\/page"}],"author":[{"embeddable":true,"href":"https:\/\/avanziquimica.com.br\/index.php?rest_route=\/wp\/v2\/users\/1"}],"replies":[{"embeddable":true,"href":"https:\/\/avanziquimica.com.br\/index.php?rest_route=%2Fwp%2Fv2%2Fcomments&post=12778"}],"version-history":[{"count":0,"href":"https:\/\/avanziquimica.com.br\/index.php?rest_route=\/wp\/v2\/pages\/12778\/revisions"}],"wp:attachment":[{"href":"https:\/\/avanziquimica.com.br\/index.php?rest_route=%2Fwp%2Fv2%2Fmedia&parent=12778"}],"curies":[{"name":"wp","href":"https:\/\/api.w.org\/{rel}","templated":true}]}}