{"id":13299,"date":"2019-06-04T18:28:37","date_gmt":"2019-06-04T18:28:37","guid":{"rendered":"https:\/\/avanziquimica.com.br\/?page_id=13299"},"modified":"2024-06-05T09:55:12","modified_gmt":"2024-06-05T12:55:12","slug":"qualidade-2","status":"publish","type":"page","link":"https:\/\/avanziquimica.com.br\/?page_id=13299","title":{"rendered":"Qualidade"},"content":{"rendered":"<div class=\"wpb-content-wrapper\"><div class=\"vc_row wpb_row vc_row-fluid\"><div class=\"wpb_column vc_column_container vc_col-sm-2\"><div class=\"vc_column-inner \"><div class=\"wpb_wrapper\"><div class=\"vc_empty_space\"   style=\"height: 32px\"><span class=\"vc_empty_space_inner\"><\/span><\/div><div class=\"vc_empty_space\"   style=\"height: 32px\"><span class=\"vc_empty_space_inner\"><\/span><\/div>\n\t<div  class=\"wpb_single_image wpb_content_element vc_align_center wpb_content_element\">\n\t\t\n\t\t<figure class=\"wpb_wrapper vc_figure\">\n\t\t\t<div class=\"vc_single_image-wrapper   vc_box_border_grey\"><img fetchpriority=\"high\" decoding=\"async\" width=\"1000\" height=\"1000\" src=\"https:\/\/avanziquimica.com.br\/wp-content\/uploads\/2019\/06\/Selo-de-qualidade.png\" class=\"vc_single_image-img attachment-full\" alt=\"\" title=\"Selo-de-qualidade\" srcset=\"https:\/\/avanziquimica.com.br\/wp-content\/uploads\/2019\/06\/Selo-de-qualidade.png 1000w, https:\/\/avanziquimica.com.br\/wp-content\/uploads\/2019\/06\/Selo-de-qualidade-150x150.png 150w, https:\/\/avanziquimica.com.br\/wp-content\/uploads\/2019\/06\/Selo-de-qualidade-300x300.png 300w, https:\/\/avanziquimica.com.br\/wp-content\/uploads\/2019\/06\/Selo-de-qualidade-768x768.png 768w, https:\/\/avanziquimica.com.br\/wp-content\/uploads\/2019\/06\/Selo-de-qualidade-750x750.png 750w, https:\/\/avanziquimica.com.br\/wp-content\/uploads\/2019\/06\/Selo-de-qualidade-540x540.png 540w, https:\/\/avanziquimica.com.br\/wp-content\/uploads\/2019\/06\/Selo-de-qualidade-600x600.png 600w, https:\/\/avanziquimica.com.br\/wp-content\/uploads\/2019\/06\/Selo-de-qualidade-100x100.png 100w\" sizes=\"(max-width: 1000px) 100vw, 1000px\" \/><\/div>\n\t\t<\/figure>\n\t<\/div>\n<\/div><\/div><\/div><div class=\"wpb_column vc_column_container vc_col-sm-8\"><div class=\"vc_column-inner \"><div class=\"wpb_wrapper\"><div class=\"vc_empty_space\"   style=\"height: 45px\"><span class=\"vc_empty_space_inner\"><\/span><\/div>\r\n\t<div class=\"wpb_text_column wpb_content_element \" >\r\n\t\t<div class=\"wpb_wrapper\">\r\n\t\t\t<h1 style=\"text-align: center;\"><strong>COMPROMISSO DE QUALIDADE <\/strong><\/h1>\n<h1 style=\"text-align: center;\">POL\u00cdTICA DA QUALIDADE INTEGRADA<\/h1>\n<p>&nbsp;<\/p>\n<h5 style=\"text-align: center;\">Na Avanzi Qu\u00edmica, estamos comprometidos em ultrapassar as expectativas de nossos clientes estakeholders, cultivando a excel\u00eancia em inova\u00e7\u00e3o, qualidade e pr\u00e1ticas sustent\u00e1veis. Com as certifica\u00e7\u00f5es ISO 9001 e 14001, refor\u00e7amos nosso compromisso com os mais altos padr\u00f5es de gest\u00e3o de qualidade e responsabilidade ambiental. Nosso objetivo \u00e9 fortalecer nossa posi\u00e7\u00e3o no mercado produzindo solu\u00e7\u00f5es qu\u00edmicas, aderindo rigorosamente \u00e0s legisla\u00e7\u00f5es e normas vigentes eadotando pr\u00e1ticas que assegurem a seguran\u00e7a e integridade dos nossos processos e produtos, ao mesmo tempo que protegem a sa\u00fade humana e o meio ambiente. Esses esfor\u00e7os s\u00e3o fundamentais para contribuir para um futuro mais seguro e sustent\u00e1vel para todos os envolvidos.<\/h5>\n<p>&nbsp;<\/p>\n<h2 style=\"text-align: center;\">Nosso Compromisso<\/h2>\n<p>&nbsp;<\/p>\n<ul>\n<li><strong>Desenvolvimento Respons\u00e1vel:<\/strong> Inovar continuamente em nossos produtos e processos para atender as<br \/>\nnecessidades din\u00e2micas dos clientes, garantindo produ\u00e7\u00e3o segura e respons\u00e1vel.<\/li>\n<li><strong>Gest\u00e3o Integrada:<\/strong> Fomentar uma cultura de qualidade e sustentabilidade entre todos os colaboradores,<br \/>\nincentivando o compromisso com o Sistema de Gest\u00e3o Integrada da Avanzi e avaliando seu desempenho<br \/>\natrav\u00e9s de m\u00e9tricas claras e objetivas.<\/li>\n<li><strong>Sa\u00fade e Seguran\u00e7a:<\/strong> Minimizar riscos associados ao nosso processo produtivo, promovendo um ambiente<br \/>\nde trabalho seguro e livre de incidentes.<\/li>\n<li><strong>Prote\u00e7\u00e3o Ambiental:<\/strong> Adotar pr\u00e1ticas proativas de preven\u00e7\u00e3o \u00e0 polui\u00e7\u00e3o e otimiza\u00e7\u00e3o do consumo de<br \/>\nrecursos naturais, visando a preserva\u00e7\u00e3o do nosso planeta para as gera\u00e7\u00f5es futuras.<\/li>\n<li><strong>Engajamento e Satisfa\u00e7\u00e3o do Cliente:<\/strong> Manter um di\u00e1logo constante com nossos clientes para entender<br \/>\nprofundamente suas necessidades e expectativas, garantindo a m\u00e1xima satisfa\u00e7\u00e3o por meio de melhorias<br \/>\ncont\u00ednuas e inova\u00e7\u00f5es orientadas ao cliente.<\/li>\n<li><strong>Compliance e Melhoria Cont\u00ednua:<\/strong> Comprometer-se com a melhoria cont\u00ednua de nossos sistemas de<br \/>\ngest\u00e3o, processos e produtos, e manter a conformidade com todos os requisitos legais e normativos<br \/>\naplic\u00e1veis.<\/li>\n<li><strong>Revis\u00e3o e Aprova\u00e7\u00e3o:<\/strong> Esta pol\u00edtica ser\u00e1 revisada anualmente para garantir sua relev\u00e2ncia e efic\u00e1cia,<br \/>\npromovendo aperfei\u00e7oamentos cont\u00ednuos e alinhamento com nossos valores corporativos e objetivos<br \/>\nestrat\u00e9gicos.<\/li>\n<\/ul>\n\r\n\t\t<\/div>\r\n\t<\/div>\r\n<div class=\"vc_empty_space\"   style=\"height: 45px\"><span class=\"vc_empty_space_inner\"><\/span><\/div><div class=\"vc_empty_space\"   style=\"height: 45px\"><span class=\"vc_empty_space_inner\"><\/span><\/div><\/div><\/div><\/div><div class=\"wpb_column vc_column_container vc_col-sm-2\"><div class=\"vc_column-inner \"><div class=\"wpb_wrapper\"><div class=\"vc_empty_space\"   style=\"height: 32px\"><span class=\"vc_empty_space_inner\"><\/span><\/div><div class=\"vc_empty_space\"   style=\"height: 32px\"><span class=\"vc_empty_space_inner\"><\/span><\/div>\n\t<div  class=\"wpb_single_image wpb_content_element vc_align_center wpb_content_element\">\n\t\t\n\t\t<figure class=\"wpb_wrapper vc_figure\">\n\t\t\t<div class=\"vc_single_image-wrapper   vc_box_border_grey\"><img fetchpriority=\"high\" decoding=\"async\" width=\"1000\" height=\"1000\" src=\"https:\/\/avanziquimica.com.br\/wp-content\/uploads\/2019\/06\/Selo-de-qualidade.png\" class=\"vc_single_image-img attachment-full\" alt=\"\" title=\"Selo-de-qualidade\" srcset=\"https:\/\/avanziquimica.com.br\/wp-content\/uploads\/2019\/06\/Selo-de-qualidade.png 1000w, https:\/\/avanziquimica.com.br\/wp-content\/uploads\/2019\/06\/Selo-de-qualidade-150x150.png 150w, https:\/\/avanziquimica.com.br\/wp-content\/uploads\/2019\/06\/Selo-de-qualidade-300x300.png 300w, https:\/\/avanziquimica.com.br\/wp-content\/uploads\/2019\/06\/Selo-de-qualidade-768x768.png 768w, https:\/\/avanziquimica.com.br\/wp-content\/uploads\/2019\/06\/Selo-de-qualidade-750x750.png 750w, https:\/\/avanziquimica.com.br\/wp-content\/uploads\/2019\/06\/Selo-de-qualidade-540x540.png 540w, https:\/\/avanziquimica.com.br\/wp-content\/uploads\/2019\/06\/Selo-de-qualidade-600x600.png 600w, https:\/\/avanziquimica.com.br\/wp-content\/uploads\/2019\/06\/Selo-de-qualidade-100x100.png 100w\" sizes=\"(max-width: 1000px) 100vw, 1000px\" \/><\/div>\n\t\t<\/figure>\n\t<\/div>\n<\/div><\/div><\/div><\/div><div data-vc-full-width=\"true\" data-vc-full-width-init=\"false\" class=\"vc_row wpb_row vc_row-fluid\"><div class=\"wpb_column vc_column_container vc_col-sm-6\"><div class=\"vc_column-inner \"><div class=\"wpb_wrapper\"><div class=\"vc_empty_space\"   style=\"height: 60px\"><span class=\"vc_empty_space_inner\"><\/span><\/div>\n\t<div  class=\"wpb_single_image wpb_content_element vc_align_right wpb_content_element\">\n\t\t\n\t\t<figure class=\"wpb_wrapper vc_figure\">\n\t\t\t<a href=\"http:\/\/avanziquimica.com.br\/wp-content\/uploads\/2022\/08\/CERTIFICADO-ISO-9000-Atualizado-Vencimento-07.06.2024_compressed.pdf\" target=\"_self\" class=\"vc_single_image-wrapper   vc_box_border_grey\"><img decoding=\"async\" width=\"1181\" height=\"828\" src=\"https:\/\/avanziquimica.com.br\/wp-content\/uploads\/2023\/09\/certificado-iso-2021-avanzi-2.png\" class=\"vc_single_image-img attachment-full\" alt=\"\" title=\"certificado-iso-2021-avanzi-2\" srcset=\"https:\/\/avanziquimica.com.br\/wp-content\/uploads\/2023\/09\/certificado-iso-2021-avanzi-2.png 1181w, https:\/\/avanziquimica.com.br\/wp-content\/uploads\/2023\/09\/certificado-iso-2021-avanzi-2-300x210.png 300w, https:\/\/avanziquimica.com.br\/wp-content\/uploads\/2023\/09\/certificado-iso-2021-avanzi-2-1024x718.png 1024w, https:\/\/avanziquimica.com.br\/wp-content\/uploads\/2023\/09\/certificado-iso-2021-avanzi-2-768x538.png 768w, https:\/\/avanziquimica.com.br\/wp-content\/uploads\/2023\/09\/certificado-iso-2021-avanzi-2-750x526.png 750w, https:\/\/avanziquimica.com.br\/wp-content\/uploads\/2023\/09\/certificado-iso-2021-avanzi-2-540x379.png 540w\" sizes=\"(max-width: 1181px) 100vw, 1181px\" \/><\/a>\n\t\t<\/figure>\n\t<\/div>\n<div class=\"vc_empty_space\"   style=\"height: 60px\"><span class=\"vc_empty_space_inner\"><\/span><\/div><\/div><\/div><\/div><div class=\"wpb_column vc_column_container vc_col-sm-6\"><div class=\"vc_column-inner \"><div class=\"wpb_wrapper\">\r\n\t<div class=\"wpb_text_column wpb_content_element \" >\r\n\t\t<div class=\"wpb_wrapper\">\r\n\t\t\t<h1 style=\"text-align: center;\"><em>QUALIDADE\u00a0<\/em><\/h1>\n<h1 style=\"text-align: center;\"><em>&amp;<\/em><\/h1>\n<h1 style=\"text-align: center;\"><em>COMPROMISSO<\/em><\/h1>\n\r\n\t\t<\/div>\r\n\t<\/div>\r\n<\/div><\/div><\/div><\/div><div class=\"vc_row-full-width vc_clearfix\"><\/div><!-- Row Backgrounds --><div class=\"upb_bg_img\" data-ultimate-bg=\"url(https:\/\/avanziquimica.com.br\/wp-content\/uploads\/2019\/06\/chemistry-desktop-wallpaper-49706-51385-hd-wallpapers.png)\" data-image-id=\"id^13313|url^http:\/\/avanziquimica.com.br\/wp-content\/uploads\/2019\/06\/chemistry-desktop-wallpaper-49706-51385-hd-wallpapers.png|caption^null|alt^null|title^chemistry-desktop-wallpaper-49706-51385-hd-wallpapers|description^null\" data-ultimate-bg-style=\"vcpb-vz-jquery\" data-bg-img-repeat=\"repeat\" data-bg-img-size=\"cover\" data-bg-img-position=\"\" data-parallx_sense=\"30\" data-bg-override=\"0\" data-bg_img_attach=\"scroll\" data-upb-overlay-color=\"\" data-upb-bg-animation=\"\" data-fadeout=\"\" data-bg-animation=\"left-animation\" data-bg-animation-type=\"h\" data-animation-repeat=\"repeat\" data-fadeout-percentage=\"30\" data-parallax-content=\"parallax_content_value\" data-parallax-content-sense=\"30\" data-row-effect-mobile-disable=\"true\" data-img-parallax-mobile-disable=\"true\" data-rtl=\"false\"  data-custom-vc-row=\"\"  data-vc=\"7.9\"  data-is_old_vc=\"\"  data-theme-support=\"\"   data-overlay=\"false\" data-overlay-color=\"\" data-overlay-pattern=\"\" data-overlay-pattern-opacity=\"\" data-overlay-pattern-size=\"\"    ><\/div>\n<\/div>","protected":false},"excerpt":{"rendered":"COMPROMISSO DE QUALIDADE POL\u00cdTICA DA QUALIDADE INTEGRADA &nbsp; Na Avanzi Qu\u00edmica, estamos comprometidos em ultrapassar as expectativas de nossos clientes estakeholders, cultivando a excel\u00eancia em inova\u00e7\u00e3o, qualidade e pr\u00e1ticas sustent\u00e1veis. Com as certifica\u00e7\u00f5es ISO 9001 e 14001, refor\u00e7amos nosso compromisso com os mais altos padr\u00f5es de gest\u00e3o de qualidade e responsabilidade ambiental. Nosso objetivo \u00e9 [...]","protected":false},"author":1,"featured_media":0,"parent":0,"menu_order":0,"comment_status":"closed","ping_status":"closed","template":"","meta":{"footnotes":""},"class_list":["post-13299","page","type-page","status-publish","hentry"],"aioseo_notices":[],"_links":{"self":[{"href":"https:\/\/avanziquimica.com.br\/index.php?rest_route=\/wp\/v2\/pages\/13299","targetHints":{"allow":["GET"]}}],"collection":[{"href":"https:\/\/avanziquimica.com.br\/index.php?rest_route=\/wp\/v2\/pages"}],"about":[{"href":"https:\/\/avanziquimica.com.br\/index.php?rest_route=\/wp\/v2\/types\/page"}],"author":[{"embeddable":true,"href":"https:\/\/avanziquimica.com.br\/index.php?rest_route=\/wp\/v2\/users\/1"}],"replies":[{"embeddable":true,"href":"https:\/\/avanziquimica.com.br\/index.php?rest_route=%2Fwp%2Fv2%2Fcomments&post=13299"}],"version-history":[{"count":13,"href":"https:\/\/avanziquimica.com.br\/index.php?rest_route=\/wp\/v2\/pages\/13299\/revisions"}],"predecessor-version":[{"id":13921,"href":"https:\/\/avanziquimica.com.br\/index.php?rest_route=\/wp\/v2\/pages\/13299\/revisions\/13921"}],"wp:attachment":[{"href":"https:\/\/avanziquimica.com.br\/index.php?rest_route=%2Fwp%2Fv2%2Fmedia&parent=13299"}],"curies":[{"name":"wp","href":"https:\/\/api.w.org\/{rel}","templated":true}]}}