{"id":13375,"date":"2019-06-04T22:16:06","date_gmt":"2019-06-04T22:16:06","guid":{"rendered":"https:\/\/avanziquimica.com.br\/?page_id=13375"},"modified":"2019-06-04T22:16:06","modified_gmt":"2019-06-04T22:16:06","slug":"processos-industriais-diversos","status":"publish","type":"page","link":"https:\/\/avanziquimica.com.br\/?page_id=13375","title":{"rendered":"Processos Industriais Diversos"},"content":{"rendered":"<div class=\"wpb-content-wrapper\"><div class=\"vc_row wpb_row vc_row-fluid\"><div class=\"wpb_column vc_column_container vc_col-sm-12\"><div class=\"vc_column-inner \"><div class=\"wpb_wrapper\"><h3>Processos Industriais Diversos<\/h3><p style=\"text-align: left\" class=\"vc_custom_heading vcr_heading-right\">A Avanzi , est\u00e1 no mercado h\u00e1 10 anos, oferecendo produtos diversificados e com qualidade. Somos uma empresa especializada em insumos para o segmento industrial em geral. Sempre prezando a qualidade e rapidez no atendimento a seus clientes. Contamos com colaboradores treinados e qualificados para atender com compet\u00eancia e rapidez nosso clientes o quer faz de n\u00f3s a melhor op\u00e7\u00e3o de parceria para aquisi\u00e7\u00e3o de produtos e mat\u00e9ria prima confi\u00e1veis.<\/p>\n<p>Consulte nossa equipe de vendas<\/p><div id=\"1516867343631-71448bdf-b791\" class=\"dt-sc-empty-space\"><\/div><div class=\"vc_row wpb_row vc_inner vc_row-fluid\"><div class=\"wpb_column vc_column_container vc_col-sm-6\"><div class=\"vc_column-inner \"><div class=\"wpb_wrapper\">\n\t<div  class=\"wpb_single_image wpb_content_element vc_align_left wpb_content_element\">\n\t\t\n\t\t<figure class=\"wpb_wrapper vc_figure\">\n\t\t\t<div class=\"vc_single_image-wrapper   vc_box_border_grey\"><img fetchpriority=\"high\" decoding=\"async\" width=\"450\" height=\"270\" src=\"https:\/\/avanziquimica.com.br\/wp-content\/uploads\/2019\/06\/industria-1.png\" class=\"vc_single_image-img attachment-full\" alt=\"\" title=\"industria 1\" srcset=\"https:\/\/avanziquimica.com.br\/wp-content\/uploads\/2019\/06\/industria-1.png 450w, https:\/\/avanziquimica.com.br\/wp-content\/uploads\/2019\/06\/industria-1-300x180.png 300w\" sizes=\"(max-width: 450px) 100vw, 450px\" \/><\/div>\n\t\t<\/figure>\n\t<\/div>\n<\/div><\/div><\/div><div class=\"wpb_column vc_column_container vc_col-sm-6\"><div class=\"vc_column-inner \"><div class=\"wpb_wrapper\">\n\t<div  class=\"wpb_single_image wpb_content_element vc_align_left wpb_content_element\">\n\t\t\n\t\t<figure class=\"wpb_wrapper vc_figure\">\n\t\t\t<div class=\"vc_single_image-wrapper   vc_box_border_grey\"><img decoding=\"async\" width=\"450\" height=\"270\" src=\"https:\/\/avanziquimica.com.br\/wp-content\/uploads\/2019\/06\/industria-2.png\" class=\"vc_single_image-img attachment-full\" alt=\"\" title=\"industria 2\" srcset=\"https:\/\/avanziquimica.com.br\/wp-content\/uploads\/2019\/06\/industria-2.png 450w, https:\/\/avanziquimica.com.br\/wp-content\/uploads\/2019\/06\/industria-2-300x180.png 300w\" sizes=\"(max-width: 450px) 100vw, 450px\" \/><\/div>\n\t\t<\/figure>\n\t<\/div>\n<\/div><\/div><\/div><\/div><\/div><\/div><\/div><\/div>\n<\/div>","protected":false},"excerpt":{"rendered":"Processos Industriais DiversosA Avanzi , est\u00e1 no mercado h\u00e1 10 anos, oferecendo produtos diversificados e com qualidade. Somos uma empresa especializada em insumos para o segmento industrial em geral. Sempre prezando a qualidade e rapidez no atendimento a seus clientes. Contamos com colaboradores treinados e qualificados para atender com compet\u00eancia e rapidez nosso clientes o [...]","protected":false},"author":1,"featured_media":0,"parent":11155,"menu_order":0,"comment_status":"closed","ping_status":"closed","template":"tpl-sidenavigation.php","meta":{"footnotes":""},"class_list":["post-13375","page","type-page","status-publish","hentry"],"aioseo_notices":[],"_links":{"self":[{"href":"https:\/\/avanziquimica.com.br\/index.php?rest_route=\/wp\/v2\/pages\/13375","targetHints":{"allow":["GET"]}}],"collection":[{"href":"https:\/\/avanziquimica.com.br\/index.php?rest_route=\/wp\/v2\/pages"}],"about":[{"href":"https:\/\/avanziquimica.com.br\/index.php?rest_route=\/wp\/v2\/types\/page"}],"author":[{"embeddable":true,"href":"https:\/\/avanziquimica.com.br\/index.php?rest_route=\/wp\/v2\/users\/1"}],"replies":[{"embeddable":true,"href":"https:\/\/avanziquimica.com.br\/index.php?rest_route=%2Fwp%2Fv2%2Fcomments&post=13375"}],"version-history":[{"count":0,"href":"https:\/\/avanziquimica.com.br\/index.php?rest_route=\/wp\/v2\/pages\/13375\/revisions"}],"up":[{"embeddable":true,"href":"https:\/\/avanziquimica.com.br\/index.php?rest_route=\/wp\/v2\/pages\/11155"}],"wp:attachment":[{"href":"https:\/\/avanziquimica.com.br\/index.php?rest_route=%2Fwp%2Fv2%2Fmedia&parent=13375"}],"curies":[{"name":"wp","href":"https:\/\/api.w.org\/{rel}","templated":true}]}}