{"id":13842,"date":"2023-10-23T17:00:47","date_gmt":"2023-10-23T20:00:47","guid":{"rendered":"https:\/\/avanziquimica.com.br\/?page_id=13842"},"modified":"2023-10-23T19:50:33","modified_gmt":"2023-10-23T22:50:33","slug":"sucroenergetico","status":"publish","type":"page","link":"https:\/\/avanziquimica.com.br\/?page_id=13842","title":{"rendered":"Sucroenerg\u00e9tico"},"content":{"rendered":"<div class=\"wpb-content-wrapper\"><div class=\"vc_row wpb_row vc_row-fluid\"><div class=\"wpb_column vc_column_container vc_col-sm-12\"><div class=\"vc_column-inner \"><div class=\"wpb_wrapper\"><h3>Sucroenerg\u00e9tico<\/h3><p style=\"text-align: left\" class=\"vc_custom_heading vcr_heading-right\">A Avanzi oferece uma linha completa de insumos qu\u00edmicos e se destaca tamb\u00e9m por sua efici\u00eancia log\u00edstica no setor sucroenerg\u00e9tico. Com um portf\u00f3lio abrangente de produtos qu\u00edmicos de alta qualidade, a Avanzi fornece solu\u00e7\u00f5es essenciais para usinas de a\u00e7\u00facar e \u00e1lcool, contribuindo para otimizar o processo de produ\u00e7\u00e3o.<\/p>\n<p>Al\u00e9m disso, a efici\u00eancia log\u00edstica da Avanzi desempenha um papel crucial ao garantir que esses insumos cheguem de maneira oportuna e confi\u00e1vel \u00e0s usinas, minimizando interrup\u00e7\u00f5es e garantindo um fluxo cont\u00ednuo de produ\u00e7\u00e3o. Isso resulta em opera\u00e7\u00f5es mais eficientes, aumentando a competitividade do setor sucroenerg\u00e9tico e demonstrando o compromisso da Avanzi com o sucesso de seus clientes.<\/p>\n<p>Consulte nossa equipe de vendas<\/p><div id=\"1516867343631-71448bdf-b791\" class=\"dt-sc-empty-space\"><\/div><div class=\"vc_row wpb_row vc_inner vc_row-fluid\"><div class=\"wpb_column vc_column_container vc_col-sm-6\"><div class=\"vc_column-inner \"><div class=\"wpb_wrapper\">\n\t<div  class=\"wpb_single_image wpb_content_element vc_align_left wpb_content_element\">\n\t\t\n\t\t<figure class=\"wpb_wrapper vc_figure\">\n\t\t\t<div class=\"vc_single_image-wrapper   vc_box_border_grey\"><img fetchpriority=\"high\" decoding=\"async\" width=\"450\" height=\"270\" src=\"https:\/\/avanziquimica.com.br\/wp-content\/uploads\/2023\/10\/sucroenergetico-2-1.jpg\" class=\"vc_single_image-img attachment-full\" alt=\"\" title=\"sucroenergetico 2\" srcset=\"https:\/\/avanziquimica.com.br\/wp-content\/uploads\/2023\/10\/sucroenergetico-2-1.jpg 450w, https:\/\/avanziquimica.com.br\/wp-content\/uploads\/2023\/10\/sucroenergetico-2-1-300x180.jpg 300w\" sizes=\"(max-width: 450px) 100vw, 450px\" \/><\/div>\n\t\t<\/figure>\n\t<\/div>\n<\/div><\/div><\/div><div class=\"wpb_column vc_column_container vc_col-sm-6\"><div class=\"vc_column-inner \"><div class=\"wpb_wrapper\">\n\t<div  class=\"wpb_single_image wpb_content_element vc_align_left wpb_content_element\">\n\t\t\n\t\t<figure class=\"wpb_wrapper vc_figure\">\n\t\t\t<div class=\"vc_single_image-wrapper   vc_box_border_grey\"><img decoding=\"async\" width=\"450\" height=\"270\" src=\"https:\/\/avanziquimica.com.br\/wp-content\/uploads\/2023\/10\/sucroenergetico.jpg\" class=\"vc_single_image-img attachment-full\" alt=\"\" title=\"sucroenergetico\" srcset=\"https:\/\/avanziquimica.com.br\/wp-content\/uploads\/2023\/10\/sucroenergetico.jpg 450w, https:\/\/avanziquimica.com.br\/wp-content\/uploads\/2023\/10\/sucroenergetico-300x180.jpg 300w\" sizes=\"(max-width: 450px) 100vw, 450px\" \/><\/div>\n\t\t<\/figure>\n\t<\/div>\n<\/div><\/div><\/div><\/div><\/div><\/div><\/div><\/div>\n<\/div>","protected":false},"excerpt":{"rendered":"Sucroenerg\u00e9ticoA Avanzi oferece uma linha completa de insumos qu\u00edmicos e se destaca tamb\u00e9m por sua efici\u00eancia log\u00edstica no setor sucroenerg\u00e9tico. Com um portf\u00f3lio abrangente de produtos qu\u00edmicos de alta qualidade, a Avanzi fornece solu\u00e7\u00f5es essenciais para usinas de a\u00e7\u00facar e \u00e1lcool, contribuindo para otimizar o processo de produ\u00e7\u00e3o. Al\u00e9m disso, a efici\u00eancia log\u00edstica da Avanzi [...]","protected":false},"author":1,"featured_media":0,"parent":11155,"menu_order":0,"comment_status":"closed","ping_status":"closed","template":"tpl-sidenavigation.php","meta":{"footnotes":""},"class_list":["post-13842","page","type-page","status-publish","hentry"],"aioseo_notices":[],"_links":{"self":[{"href":"https:\/\/avanziquimica.com.br\/index.php?rest_route=\/wp\/v2\/pages\/13842","targetHints":{"allow":["GET"]}}],"collection":[{"href":"https:\/\/avanziquimica.com.br\/index.php?rest_route=\/wp\/v2\/pages"}],"about":[{"href":"https:\/\/avanziquimica.com.br\/index.php?rest_route=\/wp\/v2\/types\/page"}],"author":[{"embeddable":true,"href":"https:\/\/avanziquimica.com.br\/index.php?rest_route=\/wp\/v2\/users\/1"}],"replies":[{"embeddable":true,"href":"https:\/\/avanziquimica.com.br\/index.php?rest_route=%2Fwp%2Fv2%2Fcomments&post=13842"}],"version-history":[{"count":4,"href":"https:\/\/avanziquimica.com.br\/index.php?rest_route=\/wp\/v2\/pages\/13842\/revisions"}],"predecessor-version":[{"id":13851,"href":"https:\/\/avanziquimica.com.br\/index.php?rest_route=\/wp\/v2\/pages\/13842\/revisions\/13851"}],"up":[{"embeddable":true,"href":"https:\/\/avanziquimica.com.br\/index.php?rest_route=\/wp\/v2\/pages\/11155"}],"wp:attachment":[{"href":"https:\/\/avanziquimica.com.br\/index.php?rest_route=%2Fwp%2Fv2%2Fmedia&parent=13842"}],"curies":[{"name":"wp","href":"https:\/\/api.w.org\/{rel}","templated":true}]}}