{"id":41,"date":"2018-01-18T05:45:17","date_gmt":"2018-01-18T05:45:17","guid":{"rendered":"https:\/\/avanziquimica.com.br\/?page_id=41"},"modified":"2024-09-10T11:38:19","modified_gmt":"2024-09-10T14:38:19","slug":"home-2","status":"publish","type":"page","link":"https:\/\/avanziquimica.com.br\/","title":{"rendered":"Home"},"content":{"rendered":"<div class=\"wpb-content-wrapper\"><section data-vc-full-width=\"true\" data-vc-full-width-init=\"false\" class=\"vc_section cs_visibility vc_custom_1517225822510 vc_section-has-fill\"><div  style='box-shadow: 0 0 24px 0 rgba(0, 0, 0, 0.15); -webkit-box-shadow: 0 0 24px 0 rgba(0, 0, 0, 0.15);' class=\"vc_row wpb_row vc_row-fluid slider-overlap-section vcr_float_right vc_custom_1552867802921 vc_row-has-fill\"><div class=\"wpb_column vc_column_container vc_col-sm-8\"><div class=\"vc_column-inner \"><div class=\"wpb_wrapper\"><div class='dt-sc-title two-colored-title '><h1>AVANZI<span>QU\u00cdMICA<\/span><\/h1><\/div><div class='dt-sc-clear '> <\/div><p style=\"font-size: 17px;text-align: left\" class=\"vc_custom_heading title_italic\">A Avanzi Qu\u00edmica est\u00e1 situada na cidade de Vargem Grande Paulista onde produzimos e distribu\u00edmos insumos para produtos de limpeza e produtos qu\u00edmicos para diversos setores. Temos uma equipe treinada para fabrica\u00e7\u00e3o, transporte, controle e atendimento ao cliente, frisando sempre o respeito e transpar\u00eancias em nossas negocia\u00e7\u00f5es e transa\u00e7\u00f5es.<\/p>\n<p>Nossa miss\u00e3o \u00e9 ofertar produtos de alta qualidade, honrando com nossos fornecedores e valorizando sempre nossos colaboradores, tendo nessa vis\u00e3o que al\u00e9m de realizar vendas de produtos, \u00e9 fundamental oferecer servi\u00e7os especializados. Dessa forma mantemos em nossa equipe, t\u00e9cnicos e qu\u00edmicos exclusivos para o atendimento \u00e0s solicita\u00e7\u00f5es de nossos clientes prestando assist\u00eancia e suporte t\u00e9cnico no que se fizer necess\u00e1rio.<\/p><div id=\"1552866583245-e4fc4720-56ca\" class=\"dt-sc-empty-space\"><\/div><\/div><\/div><\/div><div class=\"wpb_column vc_column_container vc_col-sm-4\"><div class=\"vc_column-inner \"><div class=\"wpb_wrapper\"><\/div><\/div><\/div><\/div><!-- Row Backgrounds --><div class=\"upb_bg_img\" data-ultimate-bg=\"url(https:\/\/avanziquimica.com.br\/wp-content\/uploads\/2019\/03\/chemicals-2-2.png)\" data-image-id=\"id^12388|url^http:\/\/avanziquimica.com.br\/wp-content\/uploads\/2019\/03\/chemicals-2-2.png|caption^null|alt^null|title^chemicals 2|description^null\" data-ultimate-bg-style=\"vcpb-default\" data-bg-img-repeat=\"no-repeat\" data-bg-img-size=\"initial\" data-bg-img-position=\"top right\" data-parallx_sense=\"30\" data-bg-override=\"0\" data-bg_img_attach=\"scroll\" data-upb-overlay-color=\"\" data-upb-bg-animation=\"\" data-fadeout=\"\" data-bg-animation=\"left-animation\" data-bg-animation-type=\"h\" data-animation-repeat=\"repeat\" data-fadeout-percentage=\"30\" data-parallax-content=\"\" data-parallax-content-sense=\"30\" data-row-effect-mobile-disable=\"true\" data-img-parallax-mobile-disable=\"true\" data-rtl=\"false\"  data-custom-vc-row=\"\"  data-vc=\"7.9\"  data-is_old_vc=\"\"  data-theme-support=\"\"   data-overlay=\"false\" data-overlay-color=\"\" data-overlay-pattern=\"\" data-overlay-pattern-opacity=\"\" data-overlay-pattern-size=\"\"    ><\/div><div data-vc-full-width=\"true\" data-vc-full-width-init=\"false\" data-vc-stretch-content=\"true\" class=\"vc_row wpb_row vc_row-fluid vc_custom_1559697001157\"><div class=\"dt-sc-stretch-row-content\"><div class=\"wpb_column vc_column_container vc_col-sm-12\"><div class=\"vc_column-inner \"><div class=\"wpb_wrapper\"><div class='dt-sc-title two-colored-title aligncenter'><h2>Insumos<span>Qu\u00edmicos<\/span><\/h2><\/div><div class='dt-sc-clear '> <\/div><p style=\"font-size: 18px;line-height: 30px;text-align: center\" class=\"vc_custom_heading\">Os insumos qu\u00edmicos distribu\u00eddos pela Avanzi Qu\u00edmica atende in\u00fameros setores da industria.<\/p><div class=\"vc_empty_space\"   style=\"height: 50px\"><span class=\"vc_empty_space_inner\"><\/span><\/div><\/div><\/div><\/div><\/div><\/div><div class=\"vc_row-full-width vc_clearfix\"><\/div><div class=\"vc_row wpb_row vc_row-fluid\"><div class=\"wpb_column vc_column_container vc_col-sm-4\"><div class=\"vc_column-inner \"><div class=\"wpb_wrapper\"><div class='dt-sc-icon-box type5 '><div class=\"icon-wrapper\"><img fetchpriority=\"high\" decoding=\"async\" width=\"256\" height=\"256\" src=\"https:\/\/avanziquimica.com.br\/wp-content\/uploads\/2023\/10\/agricultura.png\" class=\"attachment-full\" alt=\"\" title=\"agricultura\" srcset=\"https:\/\/avanziquimica.com.br\/wp-content\/uploads\/2023\/10\/agricultura.png 256w, https:\/\/avanziquimica.com.br\/wp-content\/uploads\/2023\/10\/agricultura-150x150.png 150w, https:\/\/avanziquimica.com.br\/wp-content\/uploads\/2023\/10\/agricultura-60x60.png 60w\" sizes=\"(max-width: 256px) 100vw, 256px\" \/><\/div><div class=\"icon-content\"><h4><a href='https:\/\/avanziquimica.com.br\/side-navigation\/agroindustria\/' title='Lavanderia Industrial' target='_self'>Agroindustrial<\/a><\/h4><p><\/p><\/div><\/div><\/div><\/div><\/div><div class=\"wpb_column vc_column_container vc_col-sm-4\"><div class=\"vc_column-inner \"><div class=\"wpb_wrapper\"><div class='dt-sc-icon-box type5 '><div class=\"icon-wrapper\"><img decoding=\"async\" width=\"256\" height=\"256\" src=\"https:\/\/avanziquimica.com.br\/wp-content\/uploads\/2023\/10\/comida-enlatada.png\" class=\"attachment-full\" alt=\"\" title=\"comida-enlatada\" srcset=\"https:\/\/avanziquimica.com.br\/wp-content\/uploads\/2023\/10\/comida-enlatada.png 256w, https:\/\/avanziquimica.com.br\/wp-content\/uploads\/2023\/10\/comida-enlatada-150x150.png 150w, https:\/\/avanziquimica.com.br\/wp-content\/uploads\/2023\/10\/comida-enlatada-60x60.png 60w\" sizes=\"(max-width: 256px) 100vw, 256px\" \/><\/div><div class=\"icon-content\"><h4><a href='https:\/\/avanziquimica.com.br\/side-navigation\/alimenticio\/' title='Aliment\u00edcio' target='_self'>Aliment\u00edcio<\/a><\/h4><p><\/p><\/div><\/div><\/div><\/div><\/div><div class=\"wpb_column vc_column_container vc_col-sm-4\"><div class=\"vc_column-inner \"><div class=\"wpb_wrapper\"><div class='dt-sc-icon-box type5 '><div class=\"icon-wrapper\"><img decoding=\"async\" width=\"256\" height=\"256\" src=\"https:\/\/avanziquimica.com.br\/wp-content\/uploads\/2023\/10\/servico-de-limpeza.png\" class=\"attachment-full\" alt=\"\" title=\"servico-de-limpeza\" srcset=\"https:\/\/avanziquimica.com.br\/wp-content\/uploads\/2023\/10\/servico-de-limpeza.png 256w, https:\/\/avanziquimica.com.br\/wp-content\/uploads\/2023\/10\/servico-de-limpeza-150x150.png 150w, https:\/\/avanziquimica.com.br\/wp-content\/uploads\/2023\/10\/servico-de-limpeza-60x60.png 60w\" sizes=\"(max-width: 256px) 100vw, 256px\" \/><\/div><div class=\"icon-content\"><h4><a href='https:\/\/avanziquimica.com.br\/side-navigation\/domissanitarios\/' title='Domissanit\u00e1rios' target='_self'>Domissanit\u00e1rios<\/a><\/h4><p><\/p><\/div><\/div><\/div><\/div><\/div><\/div><div class=\"vc_row wpb_row vc_row-fluid\"><div class=\"wpb_column vc_column_container vc_col-sm-4\"><div class=\"vc_column-inner \"><div class=\"wpb_wrapper\"><div class='dt-sc-icon-box type5 '><div class=\"icon-wrapper\"><img loading=\"lazy\" decoding=\"async\" width=\"256\" height=\"256\" src=\"https:\/\/avanziquimica.com.br\/wp-content\/uploads\/2023\/10\/remedio.png\" class=\"attachment-full\" alt=\"\" title=\"remedio\" srcset=\"https:\/\/avanziquimica.com.br\/wp-content\/uploads\/2023\/10\/remedio.png 256w, https:\/\/avanziquimica.com.br\/wp-content\/uploads\/2023\/10\/remedio-150x150.png 150w, https:\/\/avanziquimica.com.br\/wp-content\/uploads\/2023\/10\/remedio-60x60.png 60w\" sizes=\"(max-width: 256px) 100vw, 256px\" \/><\/div><div class=\"icon-content\"><h4><a href='https:\/\/avanziquimica.com.br\/side-navigation\/farmacos\/' title='F\u00e1rmacos' target='_self'>F\u00e1rmacos<\/a><\/h4><p><\/p><\/div><\/div><\/div><\/div><\/div><div class=\"wpb_column vc_column_container vc_col-sm-4\"><div class=\"vc_column-inner \"><div class=\"wpb_wrapper\"><div class='dt-sc-icon-box type5 '><div class=\"icon-wrapper\"><img loading=\"lazy\" decoding=\"async\" width=\"512\" height=\"512\" src=\"https:\/\/avanziquimica.com.br\/wp-content\/uploads\/2023\/10\/usina-eletrica.png\" class=\"attachment-full\" alt=\"\" title=\"usina-eletrica\" srcset=\"https:\/\/avanziquimica.com.br\/wp-content\/uploads\/2023\/10\/usina-eletrica.png 512w, https:\/\/avanziquimica.com.br\/wp-content\/uploads\/2023\/10\/usina-eletrica-300x300.png 300w, https:\/\/avanziquimica.com.br\/wp-content\/uploads\/2023\/10\/usina-eletrica-150x150.png 150w, https:\/\/avanziquimica.com.br\/wp-content\/uploads\/2023\/10\/usina-eletrica-60x60.png 60w\" sizes=\"(max-width: 512px) 100vw, 512px\" \/><\/div><div class=\"icon-content\"><h4><a href='https:\/\/avanziquimica.com.br\/side-navigation\/sucroenergetico\/' title='Sucroenerg\u00e9tico' target='_self'>Sucroenerg\u00e9tico<\/a><\/h4><p><\/p><\/div><\/div><\/div><\/div><\/div><div class=\"wpb_column vc_column_container vc_col-sm-4\"><div class=\"vc_column-inner \"><div class=\"wpb_wrapper\"><div class='dt-sc-icon-box type5 '><div class=\"icon-wrapper\"><img loading=\"lazy\" decoding=\"async\" width=\"256\" height=\"256\" src=\"https:\/\/avanziquimica.com.br\/wp-content\/uploads\/2023\/10\/algodao.png\" class=\"attachment-full\" alt=\"\" title=\"algodao\" srcset=\"https:\/\/avanziquimica.com.br\/wp-content\/uploads\/2023\/10\/algodao.png 256w, https:\/\/avanziquimica.com.br\/wp-content\/uploads\/2023\/10\/algodao-150x150.png 150w, https:\/\/avanziquimica.com.br\/wp-content\/uploads\/2023\/10\/algodao-60x60.png 60w\" sizes=\"(max-width: 256px) 100vw, 256px\" \/><\/div><div class=\"icon-content\"><h4><a href='https:\/\/avanziquimica.com.br\/side-navigation\/textil\/' title='T\u00eaxtil' target='_self'>T\u00eaxtil<\/a><\/h4><p><\/p><\/div><\/div><\/div><\/div><\/div><\/div><div class=\"vc_row wpb_row vc_row-fluid\"><div class=\"wpb_column vc_column_container vc_col-sm-4\"><div class=\"vc_column-inner \"><div class=\"wpb_wrapper\"><div class='dt-sc-icon-box type5 '><div class=\"icon-wrapper\"><img loading=\"lazy\" decoding=\"async\" width=\"256\" height=\"256\" src=\"https:\/\/avanziquimica.com.br\/wp-content\/uploads\/2023\/10\/lata-de-tinta.png\" class=\"attachment-full\" alt=\"\" title=\"lata-de-tinta\" srcset=\"https:\/\/avanziquimica.com.br\/wp-content\/uploads\/2023\/10\/lata-de-tinta.png 256w, https:\/\/avanziquimica.com.br\/wp-content\/uploads\/2023\/10\/lata-de-tinta-150x150.png 150w, https:\/\/avanziquimica.com.br\/wp-content\/uploads\/2023\/10\/lata-de-tinta-60x60.png 60w\" sizes=\"(max-width: 256px) 100vw, 256px\" \/><\/div><div class=\"icon-content\"><h4><a href='https:\/\/avanziquimica.com.br\/side-navigation\/tintas-e-vernizes\/' title='Lavanderia Industrial' target='_self'>Tintas e Vernizes<\/a><\/h4><p><\/p><\/div><\/div><\/div><\/div><\/div><div class=\"wpb_column vc_column_container vc_col-sm-4\"><div class=\"vc_column-inner \"><div class=\"wpb_wrapper\"><div class='dt-sc-icon-box type5 '><div class=\"icon-wrapper\"><img loading=\"lazy\" decoding=\"async\" width=\"256\" height=\"256\" src=\"https:\/\/avanziquimica.com.br\/wp-content\/uploads\/2023\/10\/pele.png\" class=\"attachment-full\" alt=\"\" title=\"pele\" srcset=\"https:\/\/avanziquimica.com.br\/wp-content\/uploads\/2023\/10\/pele.png 256w, https:\/\/avanziquimica.com.br\/wp-content\/uploads\/2023\/10\/pele-150x150.png 150w, https:\/\/avanziquimica.com.br\/wp-content\/uploads\/2023\/10\/pele-60x60.png 60w\" sizes=\"(max-width: 256px) 100vw, 256px\" \/><\/div><div class=\"icon-content\"><h4><a href='https:\/\/avanziquimica.com.br\/side-navigation\/tratamento-de-aguas-e-efluentes\/' title='Tratamento de \u00c1guas e Efluentes' target='_self'>Tratamento de \u00c1guas e Efluentes<\/a><\/h4><p><\/p><\/div><\/div><\/div><\/div><\/div><div class=\"wpb_column vc_column_container vc_col-sm-4\"><div class=\"vc_column-inner \"><div class=\"wpb_wrapper\"><div class='dt-sc-icon-box type5 '><div class=\"icon-wrapper\"><img loading=\"lazy\" decoding=\"async\" width=\"256\" height=\"256\" src=\"https:\/\/avanziquimica.com.br\/wp-content\/uploads\/2023\/10\/industria.png\" class=\"attachment-full\" alt=\"\" title=\"industria\" srcset=\"https:\/\/avanziquimica.com.br\/wp-content\/uploads\/2023\/10\/industria.png 256w, https:\/\/avanziquimica.com.br\/wp-content\/uploads\/2023\/10\/industria-150x150.png 150w, https:\/\/avanziquimica.com.br\/wp-content\/uploads\/2023\/10\/industria-60x60.png 60w\" sizes=\"(max-width: 256px) 100vw, 256px\" \/><\/div><div class=\"icon-content\"><h4><a href='https:\/\/avanziquimica.com.br\/side-navigation\/processos-industriais-diversos\/' title='Processos Industriais Diversos' target='_self'>Processos Industriais Diversos<\/a><\/h4><p><\/p><\/div><\/div><\/div><\/div><\/div><\/div><\/section><div class=\"vc_row-full-width vc_clearfix\"><\/div><div id=\"services\" data-vc-full-width=\"true\" data-vc-full-width-init=\"false\" class=\"vc_row wpb_row vc_row-fluid dt-sc-dark-bg vc_custom_1631976174722\"><div class=\"wpb_column vc_column_container vc_col-sm-12\"><div class=\"vc_column-inner \"><div class=\"wpb_wrapper\"><h3 class=\"aligncenter\">Um parceiro confi\u00e1vel que fornece produtos e servi\u00e7os com total qualidade para um futuro mais sustent\u00e1vel<\/h3><div id=\"1516278646682-dbc43eb9-e317\" class=\"dt-sc-empty-space\"><\/div><\/div><\/div><\/div><\/div><div class=\"vc_row-full-width vc_clearfix\"><\/div><!-- Row Backgrounds --><div class=\"upb_content_video\" data-controls-color=\"\" data-controls=\"\" data-viewport-video=\"false\" data-ultimate-video=\"http:\/\/avanziquimica.com.br\/wp-content\/uploads\/2021\/09\/Mixing-chemical-in-lab-1-1.mp4\" data-ultimate-video2=\"\" data-ultimate-video-muted=\"muted\" data-ultimate-video-loop=\"loop\" data-ultimate-video-poster=\"\" data-ultimate-video-autoplay=\"autoplay\" data-bg-override=\"0\" data-upb-overlay-color=\"\" data-upb-bg-animation=\"\" data-fadeout=\"\" data-fadeout-percentage=\"30\" data-parallax-content=\"\" data-parallax-content-sense=\"30\" data-row-effect-mobile-disable=\"true\" data-rtl=\"false\" data-img-parallax-mobile-disable=\"true\"  data-custom-vc-row=\"\"  data-vc=\"7.9\"  data-is_old_vc=\"\"  data-theme-support=\"\"   data-overlay=\"false\" data-overlay-color=\"\" data-overlay-pattern=\"\" data-overlay-pattern-opacity=\"\" data-overlay-pattern-size=\"\"     data-video_fixer=\"true\"><\/div><div class=\"vc_row wpb_row vc_row-fluid slider-overlap\"><div class=\"wpb_column vc_column_container vc_col-sm-4\"><div class=\"vc_column-inner \"><div class=\"wpb_wrapper\"><div class='dt-sc-image-caption type5 '><div class=\"dt-sc-image-wrapper\"><div class=\"dt-sc-image-wrapper-holder\" style=\"background-image:url(https:\/\/avanziquimica.com.br\/wp-content\/uploads\/2019\/06\/Ashampoo_Snap_quarta-feira-5-de-junho-de-2019_11h16m17s_013_.png);\"><\/div><\/div><div class='dt-sc-image-content'><div class='dt-sc-image-title'><h3>Infraestrutura<\/h3><\/div><p>Centro de distribui\u00e7\u00e3o em Vargem Grande Paulista<\/p><\/div><\/div><\/div><\/div><\/div><div class=\"wpb_column vc_column_container vc_col-sm-4\"><div class=\"vc_column-inner \"><div class=\"wpb_wrapper\"><div class='dt-sc-image-caption type5 '><div class=\"dt-sc-image-wrapper\"><div class=\"dt-sc-image-wrapper-holder\" style=\"background-image:url(https:\/\/avanziquimica.com.br\/wp-content\/uploads\/2019\/06\/team.png);\"><\/div><\/div><div class='dt-sc-image-content'><div class='dt-sc-image-title'><h3>Equipe T\u00e9cnica Especializada<\/h3><\/div><p>Equipe t\u00e9cnica altamente qualificada.<\/p><\/div><\/div><\/div><\/div><\/div><div class=\"wpb_column vc_column_container vc_col-sm-4\"><div class=\"vc_column-inner \"><div class=\"wpb_wrapper\"><div class='dt-sc-image-caption type5 '><div class=\"dt-sc-image-wrapper\"><div class=\"dt-sc-image-wrapper-holder\" style=\"background-image:url(https:\/\/avanziquimica.com.br\/wp-content\/uploads\/2019\/06\/associacoes-1-1024x802.jpg);\"><\/div><\/div><div class='dt-sc-image-content'><div class='dt-sc-image-title'><h3>Compromisso<\/h3><\/div><p>Compromisso com a qualidade e atendimento aos clientes<\/p><\/div><\/div><\/div><\/div><\/div><\/div><div data-vc-full-width=\"true\" data-vc-full-width-init=\"false\" class=\"vc_row wpb_row vc_row-fluid vc_custom_1559700266162\"><div class=\"wpb_column vc_column_container vc_col-sm-12\"><div class=\"vc_column-inner \" style=\" text-align:center; \"><div class=\"wpb_wrapper\"><h3 class=\"aligncenter\">CERTIFICADO DE QUALIDADE<\/h3>\n\t<div  class=\"wpb_single_image wpb_content_element vc_align_center wpb_content_element\">\n\t\t\n\t\t<figure class=\"wpb_wrapper vc_figure\">\n\t\t\t<a href=\"https:\/\/avanziquimica.com.br\/qualidade-2\/\" target=\"_self\" class=\"vc_single_image-wrapper   vc_box_border_grey\"><img loading=\"lazy\" decoding=\"async\" width=\"1181\" height=\"828\" src=\"https:\/\/avanziquimica.com.br\/wp-content\/uploads\/2023\/09\/certificado-iso-2021-avanzi-2.png\" class=\"vc_single_image-img attachment-full\" alt=\"\" title=\"certificado-iso-2021-avanzi-2\" srcset=\"https:\/\/avanziquimica.com.br\/wp-content\/uploads\/2023\/09\/certificado-iso-2021-avanzi-2.png 1181w, https:\/\/avanziquimica.com.br\/wp-content\/uploads\/2023\/09\/certificado-iso-2021-avanzi-2-300x210.png 300w, https:\/\/avanziquimica.com.br\/wp-content\/uploads\/2023\/09\/certificado-iso-2021-avanzi-2-1024x718.png 1024w, https:\/\/avanziquimica.com.br\/wp-content\/uploads\/2023\/09\/certificado-iso-2021-avanzi-2-768x538.png 768w, https:\/\/avanziquimica.com.br\/wp-content\/uploads\/2023\/09\/certificado-iso-2021-avanzi-2-750x526.png 750w, https:\/\/avanziquimica.com.br\/wp-content\/uploads\/2023\/09\/certificado-iso-2021-avanzi-2-540x379.png 540w\" sizes=\"(max-width: 1181px) 100vw, 1181px\" \/><\/a>\n\t\t<\/figure>\n\t<\/div>\n<div id=\"1516338404644-8102cb49-e228\" class=\"dt-sc-empty-space\"><\/div><\/div><\/div><\/div><\/div><div class=\"vc_row-full-width vc_clearfix\"><\/div><!-- Row Backgrounds --><div class=\"upb_bg_img\" data-ultimate-bg=\"url(https:\/\/avanziquimica.com.br\/wp-content\/uploads\/2019\/06\/molecular_structure-wallpaper-1920x1200.jpg)\" data-image-id=\"id^13428|url^http:\/\/avanziquimica.com.br\/wp-content\/uploads\/2019\/06\/molecular_structure-wallpaper-1920x1200.jpg|caption^null|alt^null|title^molecular_structure-wallpaper-1920x1200|description^null\" data-ultimate-bg-style=\"vcpb-vz-jquery\" data-bg-img-repeat=\"no-repeat\" data-bg-img-size=\"cover\" data-bg-img-position=\"\" data-parallx_sense=\"30\" data-bg-override=\"0\" data-bg_img_attach=\"scroll\" data-upb-overlay-color=\"\" data-upb-bg-animation=\"\" data-fadeout=\"\" data-bg-animation=\"left-animation\" data-bg-animation-type=\"h\" data-animation-repeat=\"repeat\" data-fadeout-percentage=\"30\" data-parallax-content=\"\" data-parallax-content-sense=\"30\" data-row-effect-mobile-disable=\"true\" data-img-parallax-mobile-disable=\"true\" data-rtl=\"false\"  data-custom-vc-row=\"\"  data-vc=\"7.9\"  data-is_old_vc=\"\"  data-theme-support=\"\"   data-overlay=\"false\" data-overlay-color=\"\" data-overlay-pattern=\"\" data-overlay-pattern-opacity=\"\" data-overlay-pattern-size=\"\"    ><\/div>\n<\/div>","protected":false},"excerpt":{"rendered":"AVANZIQU\u00cdMICA A Avanzi Qu\u00edmica est\u00e1 situada na cidade de Vargem Grande Paulista onde produzimos e distribu\u00edmos insumos para produtos de limpeza e produtos qu\u00edmicos para diversos setores. Temos uma equipe treinada para fabrica\u00e7\u00e3o, transporte, controle e atendimento ao cliente, frisando sempre o respeito e transpar\u00eancias em nossas negocia\u00e7\u00f5es e transa\u00e7\u00f5es. Nossa miss\u00e3o \u00e9 ofertar produtos [...]","protected":false},"author":1,"featured_media":0,"parent":0,"menu_order":0,"comment_status":"closed","ping_status":"closed","template":"","meta":{"footnotes":""},"class_list":["post-41","page","type-page","status-publish","hentry"],"aioseo_notices":[],"_links":{"self":[{"href":"https:\/\/avanziquimica.com.br\/index.php?rest_route=\/wp\/v2\/pages\/41","targetHints":{"allow":["GET"]}}],"collection":[{"href":"https:\/\/avanziquimica.com.br\/index.php?rest_route=\/wp\/v2\/pages"}],"about":[{"href":"https:\/\/avanziquimica.com.br\/index.php?rest_route=\/wp\/v2\/types\/page"}],"author":[{"embeddable":true,"href":"https:\/\/avanziquimica.com.br\/index.php?rest_route=\/wp\/v2\/users\/1"}],"replies":[{"embeddable":true,"href":"https:\/\/avanziquimica.com.br\/index.php?rest_route=%2Fwp%2Fv2%2Fcomments&post=41"}],"version-history":[{"count":24,"href":"https:\/\/avanziquimica.com.br\/index.php?rest_route=\/wp\/v2\/pages\/41\/revisions"}],"predecessor-version":[{"id":13933,"href":"https:\/\/avanziquimica.com.br\/index.php?rest_route=\/wp\/v2\/pages\/41\/revisions\/13933"}],"wp:attachment":[{"href":"https:\/\/avanziquimica.com.br\/index.php?rest_route=%2Fwp%2Fv2%2Fmedia&parent=41"}],"curies":[{"name":"wp","href":"https:\/\/api.w.org\/{rel}","templated":true}]}}